{"id":99,"date":"2017-01-11T11:36:05","date_gmt":"2017-01-11T11:36:05","guid":{"rendered":"http:\/\/www.landsbygdsturism.se\/?page_id=99"},"modified":"2018-04-11T14:06:14","modified_gmt":"2018-04-11T14:06:14","slug":"blaeld","status":"publish","type":"page","link":"https:\/\/www.landsbygdsturism.se\/sv\/besoksmal\/blaeld\/","title":{"rendered":"Bl\u00e5eld, Tavelsj\u00f6"},"content":{"rendered":"<p><img decoding=\"async\" loading=\"lazy\" class=\"alignnone wp-image-535\" src=\"http:\/\/www.landsbygdsturism.se\/wp-content\/uploads\/2017\/01\/FB_IMG_1485192085337-300x300.jpg\" alt=\"\" width=\"356\" height=\"356\" srcset=\"https:\/\/www.landsbygdsturism.se\/wp-content\/uploads\/2017\/01\/FB_IMG_1485192085337-300x300.jpg 300w, https:\/\/www.landsbygdsturism.se\/wp-content\/uploads\/2017\/01\/FB_IMG_1485192085337-150x150.jpg 150w, https:\/\/www.landsbygdsturism.se\/wp-content\/uploads\/2017\/01\/FB_IMG_1485192085337-768x768.jpg 768w, https:\/\/www.landsbygdsturism.se\/wp-content\/uploads\/2017\/01\/FB_IMG_1485192085337.jpg 960w\" sizes=\"(max-width: 356px) 100vw, 356px\" \/><\/p>\n<p>Bl\u00e5eld \u00e4r en upplevelse f\u00f6r dig som \u00e4lskar tr\u00e4dg\u00e5rd med roliga och vackra tillbeh\u00f6r.<img decoding=\"async\" loading=\"lazy\" class=\"size-medium wp-image-537 alignright\" src=\"http:\/\/www.landsbygdsturism.se\/wp-content\/uploads\/2017\/01\/FB_IMG_1485191886010-300x300.jpg\" alt=\"\" width=\"300\" height=\"300\" srcset=\"https:\/\/www.landsbygdsturism.se\/wp-content\/uploads\/2017\/01\/FB_IMG_1485191886010-300x300.jpg 300w, https:\/\/www.landsbygdsturism.se\/wp-content\/uploads\/2017\/01\/FB_IMG_1485191886010-150x150.jpg 150w, https:\/\/www.landsbygdsturism.se\/wp-content\/uploads\/2017\/01\/FB_IMG_1485191886010-768x768.jpg 768w, https:\/\/www.landsbygdsturism.se\/wp-content\/uploads\/2017\/01\/FB_IMG_1485191886010.jpg 960w\" sizes=\"(max-width: 300px) 100vw, 300px\" \/><\/p>\n<p>H\u00e4r hittar du tr\u00e4dg\u00e5rdskonst, font\u00e4ner, granit, m\u00f6bler men \u00e4ven ett stort utbud av presentartiklar.<\/p>\n<p><b>Egen design och tillverkning\u00a0i<\/b><b><\/b><\/p>\n<p><strong>keramik, glas och tr\u00e5dkonst<\/strong><\/p>\n<p><b>\u00d6ppet<\/b><\/p>\n<p>Maj \u2013 september<\/p>\n<p>&nbsp;<\/p>\n<p><img decoding=\"async\" loading=\"lazy\" class=\"size-medium wp-image-538 alignright\" src=\"http:\/\/www.landsbygdsturism.se\/wp-content\/uploads\/2017\/01\/IMG_4403-300x225.jpg\" alt=\"\" width=\"300\" height=\"225\" srcset=\"https:\/\/www.landsbygdsturism.se\/wp-content\/uploads\/2017\/01\/IMG_4403-300x225.jpg 300w, https:\/\/www.landsbygdsturism.se\/wp-content\/uploads\/2017\/01\/IMG_4403-150x113.jpg 150w, https:\/\/www.landsbygdsturism.se\/wp-content\/uploads\/2017\/01\/IMG_4403.jpg 640w\" sizes=\"(max-width: 300px) 100vw, 300px\" \/><\/p>\n<p><b>Kontakt\u00a0<\/b><\/p>\n<p>Strandv\u00e4gen 25, Tavelsj\u00f6<\/p>\n<p>090-600 00<\/p>\n<p>Katarina\u00a0 070-308 38 96<\/p>\n<p>Bosse\u00a0 070-636 04 86<\/p>\n<p><a href=\"http:\/\/www.blaeldgarden.se\">http:\/\/www.blaeldgarden.se<\/a><\/p>\n<p><img decoding=\"async\" loading=\"lazy\" class=\"alignnone size-medium wp-image-536\" src=\"http:\/\/www.landsbygdsturism.se\/wp-content\/uploads\/2017\/01\/FB_IMG_1485191954384-300x200.jpg\" alt=\"\" width=\"300\" height=\"200\" srcset=\"https:\/\/www.landsbygdsturism.se\/wp-content\/uploads\/2017\/01\/FB_IMG_1485191954384-300x200.jpg 300w, https:\/\/www.landsbygdsturism.se\/wp-content\/uploads\/2017\/01\/FB_IMG_1485191954384-150x100.jpg 150w, https:\/\/www.landsbygdsturism.se\/wp-content\/uploads\/2017\/01\/FB_IMG_1485191954384-768x512.jpg 768w, https:\/\/www.landsbygdsturism.se\/wp-content\/uploads\/2017\/01\/FB_IMG_1485191954384-1024x683.jpg 1024w, https:\/\/www.landsbygdsturism.se\/wp-content\/uploads\/2017\/01\/FB_IMG_1485191954384-750x499.jpg 750w, https:\/\/www.landsbygdsturism.se\/wp-content\/uploads\/2017\/01\/FB_IMG_1485191954384-360x240.jpg 360w, https:\/\/www.landsbygdsturism.se\/wp-content\/uploads\/2017\/01\/FB_IMG_1485191954384.jpg 1080w\" sizes=\"(max-width: 300px) 100vw, 300px\" \/><\/p>\n<p><b>Geokoordinater<\/b><\/p>\n<p>64.036144, 20.054188<\/p>","protected":false},"excerpt":{"rendered":"<p>Bl\u00e5eld \u00e4r en upplevelse f\u00f6r dig som \u00e4lskar tr\u00e4dg\u00e5rd med roliga och vackra tillbeh\u00f6r. H\u00e4r hittar du tr\u00e4dg\u00e5rdskonst, font\u00e4ner, granit, m\u00f6bler men \u00e4ven ett stort utbud av presentartiklar. Egen design <a class=\"more-link\" href=\"https:\/\/www.landsbygdsturism.se\/sv\/besoksmal\/blaeld\/\">Continue Reading \u2192<\/a><\/p>\n","protected":false},"author":2,"featured_media":0,"parent":94,"menu_order":0,"comment_status":"closed","ping_status":"closed","template":"","meta":[],"_links":{"self":[{"href":"https:\/\/www.landsbygdsturism.se\/sv\/wp-json\/wp\/v2\/pages\/99"}],"collection":[{"href":"https:\/\/www.landsbygdsturism.se\/sv\/wp-json\/wp\/v2\/pages"}],"about":[{"href":"https:\/\/www.landsbygdsturism.se\/sv\/wp-json\/wp\/v2\/types\/page"}],"author":[{"embeddable":true,"href":"https:\/\/www.landsbygdsturism.se\/sv\/wp-json\/wp\/v2\/users\/2"}],"replies":[{"embeddable":true,"href":"https:\/\/www.landsbygdsturism.se\/sv\/wp-json\/wp\/v2\/comments?post=99"}],"version-history":[{"count":24,"href":"https:\/\/www.landsbygdsturism.se\/sv\/wp-json\/wp\/v2\/pages\/99\/revisions"}],"predecessor-version":[{"id":929,"href":"https:\/\/www.landsbygdsturism.se\/sv\/wp-json\/wp\/v2\/pages\/99\/revisions\/929"}],"up":[{"embeddable":true,"href":"https:\/\/www.landsbygdsturism.se\/sv\/wp-json\/wp\/v2\/pages\/94"}],"wp:attachment":[{"href":"https:\/\/www.landsbygdsturism.se\/sv\/wp-json\/wp\/v2\/media?parent=99"}],"curies":[{"name":"wp","href":"https:\/\/api.w.org\/{rel}","templated":true}]}}