{"id":9,"date":"2017-01-10T13:52:59","date_gmt":"2017-01-10T13:52:59","guid":{"rendered":"http:\/\/www.landsbygdsturism.se\/?page_id=9"},"modified":"2018-04-09T05:20:44","modified_gmt":"2018-04-09T05:20:44","slug":"tavelsjo-vindeladalen","status":"publish","type":"page","link":"https:\/\/www.landsbygdsturism.se\/sv\/","title":{"rendered":"V\u00e4lkommen till g\u00e4stv\u00e4nlig landsbygd"},"content":{"rendered":"<p>V\u00e4lkommen till det erk\u00e4nt vackra omr\u00e5de\u00a0som omfattar ett stort antal byar i Tavelsj\u00f6bygden och l\u00e4ngs Vindel\u00e4lvens dalg\u00e5ng fr\u00e5n V\u00e4nn\u00e4sby och upp till Vindeln. Hemsidan har tillkommit i f\u00f6rsta hand som l\u00e4ttillg\u00e4nglig information till\u00a0alla som g\u00e4star v\u00e5r bygd fr\u00e5n n\u00e4r och fj\u00e4rran men ocks\u00e5 som service till alla ortsbor. H\u00e4r finns information om boenden, bes\u00f6ksm\u00e5l och aktiviteter av olika slag.<\/p>\n<p>Bild: H\u00e5kan Lundgren<br \/>\n<!--more--><\/p>","protected":false},"excerpt":{"rendered":"<p>V\u00e4lkommen till det erk\u00e4nt vackra omr\u00e5de\u00a0som omfattar ett stort antal byar i Tavelsj\u00f6bygden och l\u00e4ngs Vindel\u00e4lvens dalg\u00e5ng fr\u00e5n V\u00e4nn\u00e4sby och upp till Vindeln. Hemsidan har tillkommit i f\u00f6rsta hand som <a class=\"more-link\" href=\"https:\/\/www.landsbygdsturism.se\/sv\/\">Continue Reading \u2192<\/a><\/p>\n","protected":false},"author":2,"featured_media":0,"parent":0,"menu_order":1,"comment_status":"closed","ping_status":"closed","template":"","meta":[],"_links":{"self":[{"href":"https:\/\/www.landsbygdsturism.se\/sv\/wp-json\/wp\/v2\/pages\/9"}],"collection":[{"href":"https:\/\/www.landsbygdsturism.se\/sv\/wp-json\/wp\/v2\/pages"}],"about":[{"href":"https:\/\/www.landsbygdsturism.se\/sv\/wp-json\/wp\/v2\/types\/page"}],"author":[{"embeddable":true,"href":"https:\/\/www.landsbygdsturism.se\/sv\/wp-json\/wp\/v2\/users\/2"}],"replies":[{"embeddable":true,"href":"https:\/\/www.landsbygdsturism.se\/sv\/wp-json\/wp\/v2\/comments?post=9"}],"version-history":[{"count":23,"href":"https:\/\/www.landsbygdsturism.se\/sv\/wp-json\/wp\/v2\/pages\/9\/revisions"}],"predecessor-version":[{"id":897,"href":"https:\/\/www.landsbygdsturism.se\/sv\/wp-json\/wp\/v2\/pages\/9\/revisions\/897"}],"wp:attachment":[{"href":"https:\/\/www.landsbygdsturism.se\/sv\/wp-json\/wp\/v2\/media?parent=9"}],"curies":[{"name":"wp","href":"https:\/\/api.w.org\/{rel}","templated":true}]}}