{"id":516,"date":"2017-01-20T15:38:59","date_gmt":"2017-01-20T15:38:59","guid":{"rendered":"http:\/\/www.landsbygdsturism.se\/?page_id=516"},"modified":"2017-01-20T15:44:48","modified_gmt":"2017-01-20T15:44:48","slug":"pilgrimsleder","status":"publish","type":"page","link":"https:\/\/www.landsbygdsturism.se\/sv\/vandringsleder\/pilgrimsleder\/","title":{"rendered":"Pilgrimsleder"},"content":{"rendered":"<h1>Appen Pilgrim Ume\u00e5<\/h1>\n<p>Ladda ner appen och b\u00f6rja vandra n\u00e5gon av pilgrimslederna sj\u00e4lv eller f\u00f6lj med p\u00e5 en gemensam vandring.<\/p>\n<h2>Lederna<\/h2>\n<p>Det finns flera leder att v\u00e4lja mellan. De \u00e4r l\u00e4ttvandrade och g\u00e5r f\u00f6r det mesta p\u00e5 stigar och g\u00e5ngv\u00e4gar. N\u00e5gra st\u00e4llen, till exempel upp p\u00e5 Br\u00e4ntberget, stigen till Gamla f\u00e4rjel\u00e4get och str\u00e4ckan f\u00f6rbi Offerstensberget kan vara lite branta och mer utmanande. Anv\u00e4nd kartan s\u00e5 hittar du l\u00e4tt en alternativ v\u00e4g som passar dig b\u00e4ttre om du vill.<br \/>\nAlla leder har en start och slutpunkt men det g\u00e5r bra att b\u00f6rja och sluta d\u00e4r du sj\u00e4lv vill. \u00d6stra och v\u00e4stra leden \u00e4r ringleder och b\u00f6rjar och slutar vid Ume\u00e5 stads kyrka.<\/p>\n<h2>\u00d6stra leden<\/h2>\n<p>Leden g\u00e5r \u00f6sterut fr\u00e5n Ume\u00e5 stads kyrka. Den passerar \u00c5lidhemskyrkan, Mariakyrkan, Ersbodakyrkan och Helena Elisabeth kyrka.<\/p>\n<h2>V\u00e4stra leden<\/h2>\n<p>Leden b\u00f6rjar vid Ume\u00e5 stads kyrka och g\u00e5r v\u00e4sterut till Tegs kyrka och Backens kyrka.<\/p>\n<h2>Norra leden<\/h2>\n<p>Leden b\u00f6rjar vid Backens kyrka och f\u00f6ljer den gamla kyrkv\u00e4gen norrut till Tavelsj\u00f6 kyrka. Den g\u00e5r l\u00e4ngs stigar och v\u00e4gar men terr\u00e4ngen kan bitvis vara lite mer utmanande \u00e4n f\u00f6r \u00f6vriga leder.<\/p>\n<h2>Tavelsj\u00f6runtleden<\/h2>\n<p>Leden g\u00e5r runt Tavelsj\u00f6n och b\u00f6rjar och slutar vid Tavelsj\u00f6 kyrka. Den f\u00f6ljer den kommunala vandringsleden Tavelsj\u00f6 Runt och det finns skyltar uppsatta f\u00f6r den som vill g\u00e5 leden redan nu.<\/p>\n<p><strong>S\u00e5 fungerar appen<\/strong><\/p>\n<p>Varje led passerar kyrkor och andra platser. P\u00e5 varje bes\u00f6kt plats f\u00e5r du som vandrare tillg\u00e5ng till ett speciellt inneh\u00e5ll f\u00f6r just den platsen. Det kan vara en andakt, en \u00f6vning, kulturinformation eller musik. Anv\u00e4nd g\u00e4rna h\u00f6rlurar f\u00f6r att kunna lyssna mer ost\u00f6rt och koncenterat.<br \/>\nEn bes\u00f6kt plats ger en st\u00e4mpel i pilgrimspasset. Informationen p\u00e5 bes\u00f6kta platser kan du sedan komma \u00e5t n\u00e4r du vill genom att klicka p\u00e5 de uppl\u00e5sta platserna i pilgrimspasset.<\/p>\n<p>Du hittar appen p\u00e5 <strong>Google Play<\/strong> respektive <strong>Appstore<\/strong><\/p>\n<p><a href=\"https:\/\/www.svenskakyrkan.se\/umea\/pilgrim\">https:\/\/www.svenskakyrkan.se\/umea\/pilgrim<\/a><\/p>\n","protected":false},"excerpt":{"rendered":"<p>Appen Pilgrim Ume\u00e5 Ladda ner appen och b\u00f6rja vandra n\u00e5gon av pilgrimslederna sj\u00e4lv eller f\u00f6lj med p\u00e5 en gemensam vandring. Lederna Det finns flera leder att v\u00e4lja mellan. De \u00e4r <a class=\"more-link\" href=\"https:\/\/www.landsbygdsturism.se\/sv\/vandringsleder\/pilgrimsleder\/\">Continue Reading \u2192<\/a><\/p>\n","protected":false},"author":2,"featured_media":0,"parent":184,"menu_order":0,"comment_status":"closed","ping_status":"closed","template":"","meta":[],"_links":{"self":[{"href":"https:\/\/www.landsbygdsturism.se\/sv\/wp-json\/wp\/v2\/pages\/516"}],"collection":[{"href":"https:\/\/www.landsbygdsturism.se\/sv\/wp-json\/wp\/v2\/pages"}],"about":[{"href":"https:\/\/www.landsbygdsturism.se\/sv\/wp-json\/wp\/v2\/types\/page"}],"author":[{"embeddable":true,"href":"https:\/\/www.landsbygdsturism.se\/sv\/wp-json\/wp\/v2\/users\/2"}],"replies":[{"embeddable":true,"href":"https:\/\/www.landsbygdsturism.se\/sv\/wp-json\/wp\/v2\/comments?post=516"}],"version-history":[{"count":5,"href":"https:\/\/www.landsbygdsturism.se\/sv\/wp-json\/wp\/v2\/pages\/516\/revisions"}],"predecessor-version":[{"id":521,"href":"https:\/\/www.landsbygdsturism.se\/sv\/wp-json\/wp\/v2\/pages\/516\/revisions\/521"}],"up":[{"embeddable":true,"href":"https:\/\/www.landsbygdsturism.se\/sv\/wp-json\/wp\/v2\/pages\/184"}],"wp:attachment":[{"href":"https:\/\/www.landsbygdsturism.se\/sv\/wp-json\/wp\/v2\/media?parent=516"}],"curies":[{"name":"wp","href":"https:\/\/api.w.org\/{rel}","templated":true}]}}