{"id":208,"date":"2017-01-11T15:23:13","date_gmt":"2017-01-11T15:23:13","guid":{"rendered":"http:\/\/www.landsbygdsturism.se\/?page_id=208"},"modified":"2017-08-21T06:48:55","modified_gmt":"2017-08-21T06:48:55","slug":"bygdsiljumbacken","status":"publish","type":"page","link":"https:\/\/www.landsbygdsturism.se\/sv\/sport-motion-2\/bygdsiljumbacken\/","title":{"rendered":"Bygdsiljumbacken"},"content":{"rendered":"<p>Bygdsiljumbacken \u00e4r en skidanl\u00e4ggning i Bygdsiljum, Skellefte\u00e5 kommun. Backen ligger i Bygdsiljum och man kommer till toppstugans avtagsv\u00e4g genom att k\u00f6ra en dryg kilometer mot \u00c5n\u00e4set. Uppe vid toppstugan finns en parkering, skidshop med skiduthyrning och en servering d\u00e4r man kan k\u00f6pa lunch i grillen samt godis och p\u00e5 helger brukar det finnas en lunchbuff\u00e9.<\/p>\n<p><strong>\u00d6ppettider 2016\/2017<\/strong><\/p>\n<p>\u00d6ppet alla dagar<\/p>\n<p>M\u00e5ndag &#8211; Fredag 10.00 &#8211; 15.00<\/p>\n<p>L\u00f6rdag &#8211; S\u00f6ndag 10.00 &#8211; 16.00<\/p>\n<p><strong>Kontakt<\/strong><\/p>\n<p>Reng\u00e5rdsberget 1<\/p>\n<p>Bygdsiljum<\/p>\n<p>0914-201 38<\/p>\n<p><a href=\"info@bygdsiljumbacken.se\">info@bygdsiljumbacken.se<\/a><\/p>\n<p><a href=\"http:\/\/www.bygdsiljumbacken.se\">http:\/\/www.bygdsiljumbacken.se<\/a><\/p>\n<p>&nbsp;<\/p>\n","protected":false},"excerpt":{"rendered":"<p>Bygdsiljumbacken \u00e4r en skidanl\u00e4ggning i Bygdsiljum, Skellefte\u00e5 kommun. Backen ligger i Bygdsiljum och man kommer till toppstugans avtagsv\u00e4g genom att k\u00f6ra en dryg kilometer mot \u00c5n\u00e4set. Uppe vid toppstugan finns <a class=\"more-link\" href=\"https:\/\/www.landsbygdsturism.se\/sv\/sport-motion-2\/bygdsiljumbacken\/\">Continue Reading \u2192<\/a><\/p>\n","protected":false},"author":2,"featured_media":0,"parent":732,"menu_order":0,"comment_status":"closed","ping_status":"closed","template":"","meta":[],"_links":{"self":[{"href":"https:\/\/www.landsbygdsturism.se\/sv\/wp-json\/wp\/v2\/pages\/208"}],"collection":[{"href":"https:\/\/www.landsbygdsturism.se\/sv\/wp-json\/wp\/v2\/pages"}],"about":[{"href":"https:\/\/www.landsbygdsturism.se\/sv\/wp-json\/wp\/v2\/types\/page"}],"author":[{"embeddable":true,"href":"https:\/\/www.landsbygdsturism.se\/sv\/wp-json\/wp\/v2\/users\/2"}],"replies":[{"embeddable":true,"href":"https:\/\/www.landsbygdsturism.se\/sv\/wp-json\/wp\/v2\/comments?post=208"}],"version-history":[{"count":4,"href":"https:\/\/www.landsbygdsturism.se\/sv\/wp-json\/wp\/v2\/pages\/208\/revisions"}],"predecessor-version":[{"id":512,"href":"https:\/\/www.landsbygdsturism.se\/sv\/wp-json\/wp\/v2\/pages\/208\/revisions\/512"}],"up":[{"embeddable":true,"href":"https:\/\/www.landsbygdsturism.se\/sv\/wp-json\/wp\/v2\/pages\/732"}],"wp:attachment":[{"href":"https:\/\/www.landsbygdsturism.se\/sv\/wp-json\/wp\/v2\/media?parent=208"}],"curies":[{"name":"wp","href":"https:\/\/api.w.org\/{rel}","templated":true}]}}