{"id":2,"date":"2017-01-10T11:01:06","date_gmt":"2017-01-10T11:01:06","guid":{"rendered":"http:\/\/www.landsbygdsturism.se\/?page_id=2"},"modified":"2018-04-12T10:04:32","modified_gmt":"2018-04-12T10:04:32","slug":"about","status":"publish","type":"page","link":"https:\/\/www.landsbygdsturism.se\/sv\/about\/","title":{"rendered":"Om oss"},"content":{"rendered":"<p>Bakom denna hemsida st\u00e5r <strong>Bes\u00f6ksn\u00e4tverket Tavelsj\u00f6-Vindel\u00e4lven<\/strong> som \u00e4r ett samarbete mellan f\u00f6retag, f\u00f6reningar och familjer som har n\u00e5got att erbjuda i form av boende, aktiviter och service f\u00f6r bes\u00f6kare och ortsbor.<\/p>\n<p>Vi tar tacksamt emot\u00a0alla tips och id\u00e9er som kan\u00a0g\u00f6ra denna &#8220;digitala bes\u00f6ksp\u00e4rm&#8221; \u00e4nnu b\u00e4ttre. Kontakt:<\/p>\n<p>Torbj\u00f6rn Wennebro<\/p>\n<p>Heleneborgs G\u00e5rd<\/p>\n<p>020-209 53 75<\/p>\n<p><a href=\"torbjorn@heleneborg.se\">torbjorn@heleneborg.se<\/a><\/p>","protected":false},"excerpt":{"rendered":"<p>Bakom denna hemsida st\u00e5r Bes\u00f6ksn\u00e4tverket Tavelsj\u00f6-Vindel\u00e4lven som \u00e4r ett samarbete mellan f\u00f6retag, f\u00f6reningar och familjer som har n\u00e5got att erbjuda i form av boende, aktiviter och service f\u00f6r bes\u00f6kare och <a class=\"more-link\" href=\"https:\/\/www.landsbygdsturism.se\/sv\/about\/\">Continue Reading \u2192<\/a><\/p>\n","protected":false},"author":2,"featured_media":0,"parent":0,"menu_order":6,"comment_status":"open","ping_status":"open","template":"","meta":[],"_links":{"self":[{"href":"https:\/\/www.landsbygdsturism.se\/sv\/wp-json\/wp\/v2\/pages\/2"}],"collection":[{"href":"https:\/\/www.landsbygdsturism.se\/sv\/wp-json\/wp\/v2\/pages"}],"about":[{"href":"https:\/\/www.landsbygdsturism.se\/sv\/wp-json\/wp\/v2\/types\/page"}],"author":[{"embeddable":true,"href":"https:\/\/www.landsbygdsturism.se\/sv\/wp-json\/wp\/v2\/users\/2"}],"replies":[{"embeddable":true,"href":"https:\/\/www.landsbygdsturism.se\/sv\/wp-json\/wp\/v2\/comments?post=2"}],"version-history":[{"count":8,"href":"https:\/\/www.landsbygdsturism.se\/sv\/wp-json\/wp\/v2\/pages\/2\/revisions"}],"predecessor-version":[{"id":985,"href":"https:\/\/www.landsbygdsturism.se\/sv\/wp-json\/wp\/v2\/pages\/2\/revisions\/985"}],"wp:attachment":[{"href":"https:\/\/www.landsbygdsturism.se\/sv\/wp-json\/wp\/v2\/media?parent=2"}],"curies":[{"name":"wp","href":"https:\/\/api.w.org\/{rel}","templated":true}]}}