{"id":178,"date":"2017-01-11T14:20:29","date_gmt":"2017-01-11T14:20:29","guid":{"rendered":"http:\/\/www.landsbygdsturism.se\/?page_id=178"},"modified":"2018-04-26T13:52:54","modified_gmt":"2018-04-26T13:52:54","slug":"umeafishing-se-signilsback","status":"publish","type":"page","link":"https:\/\/www.landsbygdsturism.se\/sv\/fiske\/umeafishing-se-signilsback\/","title":{"rendered":"Umeafishing.se, Signilsb\u00e4ck"},"content":{"rendered":"<p><img decoding=\"async\" loading=\"lazy\" class=\"alignnone wp-image-428\" src=\"http:\/\/www.landsbygdsturism.se\/wp-content\/uploads\/2017\/01\/10-09-12-0111-300x131.jpg\" alt=\"\" width=\"380\" height=\"166\" srcset=\"https:\/\/www.landsbygdsturism.se\/wp-content\/uploads\/2017\/01\/10-09-12-0111-300x131.jpg 300w, https:\/\/www.landsbygdsturism.se\/wp-content\/uploads\/2017\/01\/10-09-12-0111-150x65.jpg 150w, https:\/\/www.landsbygdsturism.se\/wp-content\/uploads\/2017\/01\/10-09-12-0111.jpg 640w\" sizes=\"(max-width: 380px) 100vw, 380px\" \/><\/p>\n<p>Jag heter Mats S\u00f6derholm och driver umeafishing.se. Jag\u00a0bor i\u00a0Tavelsj\u00f6 med\u00a0min fru Lena &amp; sonen Felix. Min Lena \u00e4lskar att fiska lika mycket som jag. Jag har alltid gillat att fiska, tidbrist och andra val i livet har gjort\u00a0att jag inte\u00a0prioriterat det.<\/p>\n<p>Id\u00e9n om att starta Umea fishing fick jag under vintern 2010, jag slet av mina h\u00f6gra h\u00e4lsena p\u00e5 en fotbollstr\u00e4ning. Jag var fast, inget fiske och jag satt d\u00e4r i soffan d\u00e5 planerna tog fart. Jag kontaktade n\u00e5gra insatta personer och s\u00e5 var hjulet i rullning.<\/p>\n<p>Vi kanske ses d\u00e4rute?<\/p>\n<p><b>Vill du fiska, beg\u00e4r offert!<\/b><\/p>\n<ul>\n<li>Isfiske 8-12 personer<\/li>\n<li>B\u00e5tfiske, 2-4 personer<\/li>\n<li>Mat kan ordnas eller f\u00f6rt\u00e4ring medtas efter eget behov<\/li>\n<li>Rabatt f\u00f6r \u00e5terkommande kunder<\/li>\n<li>Privatpersoner betalar vid b\u00e5ten eller till konto i f\u00f6rv\u00e4g<\/li>\n<li>F\u00f6retag faktureras + moms<\/li>\n<\/ul>\n<p><b>Kontakt<\/b><\/p>\n<p>070-230 04 93<\/p>\n<p><a href=\"mailto:mats@umeafishing.se\">mats@umeafishing.se<\/a><\/p>\n<p><a href=\"http:\/\/www.umeafishing.se\">www.umeafishing.se<\/a><\/p>","protected":false},"excerpt":{"rendered":"<p>Jag heter Mats S\u00f6derholm och driver umeafishing.se. Jag\u00a0bor i\u00a0Tavelsj\u00f6 med\u00a0min fru Lena &amp; sonen Felix. Min Lena \u00e4lskar att fiska lika mycket som jag. Jag har alltid gillat att fiska, <a class=\"more-link\" href=\"https:\/\/www.landsbygdsturism.se\/sv\/fiske\/umeafishing-se-signilsback\/\">Continue Reading \u2192<\/a><\/p>\n","protected":false},"author":2,"featured_media":0,"parent":594,"menu_order":0,"comment_status":"closed","ping_status":"closed","template":"","meta":[],"_links":{"self":[{"href":"https:\/\/www.landsbygdsturism.se\/sv\/wp-json\/wp\/v2\/pages\/178"}],"collection":[{"href":"https:\/\/www.landsbygdsturism.se\/sv\/wp-json\/wp\/v2\/pages"}],"about":[{"href":"https:\/\/www.landsbygdsturism.se\/sv\/wp-json\/wp\/v2\/types\/page"}],"author":[{"embeddable":true,"href":"https:\/\/www.landsbygdsturism.se\/sv\/wp-json\/wp\/v2\/users\/2"}],"replies":[{"embeddable":true,"href":"https:\/\/www.landsbygdsturism.se\/sv\/wp-json\/wp\/v2\/comments?post=178"}],"version-history":[{"count":6,"href":"https:\/\/www.landsbygdsturism.se\/sv\/wp-json\/wp\/v2\/pages\/178\/revisions"}],"predecessor-version":[{"id":1008,"href":"https:\/\/www.landsbygdsturism.se\/sv\/wp-json\/wp\/v2\/pages\/178\/revisions\/1008"}],"up":[{"embeddable":true,"href":"https:\/\/www.landsbygdsturism.se\/sv\/wp-json\/wp\/v2\/pages\/594"}],"wp:attachment":[{"href":"https:\/\/www.landsbygdsturism.se\/sv\/wp-json\/wp\/v2\/media?parent=178"}],"curies":[{"name":"wp","href":"https:\/\/api.w.org\/{rel}","templated":true}]}}