{"id":162,"date":"2017-01-11T14:12:07","date_gmt":"2017-01-11T14:12:07","guid":{"rendered":"http:\/\/www.landsbygdsturism.se\/?page_id=162"},"modified":"2018-04-15T13:44:02","modified_gmt":"2018-04-15T13:44:02","slug":"slojdernas-hus-vannasby","status":"publish","type":"page","link":"https:\/\/www.landsbygdsturism.se\/sv\/besoksmal\/slojdernas-hus-vannasby\/","title":{"rendered":"Sl\u00f6jdarnas Hus, V\u00e4nn\u00e4sby"},"content":{"rendered":"<p>&nbsp;<\/p>\n<p><img decoding=\"async\" loading=\"lazy\" class=\"alignnone wp-image-612\" src=\"http:\/\/www.landsbygdsturism.se\/wp-content\/uploads\/2017\/01\/SH-103-300x200.jpg\" alt=\"\" width=\"443\" height=\"295\" srcset=\"https:\/\/www.landsbygdsturism.se\/wp-content\/uploads\/2017\/01\/SH-103-300x200.jpg 300w, https:\/\/www.landsbygdsturism.se\/wp-content\/uploads\/2017\/01\/SH-103-150x100.jpg 150w, https:\/\/www.landsbygdsturism.se\/wp-content\/uploads\/2017\/01\/SH-103-768x512.jpg 768w, https:\/\/www.landsbygdsturism.se\/wp-content\/uploads\/2017\/01\/SH-103.jpg 1024w, https:\/\/www.landsbygdsturism.se\/wp-content\/uploads\/2017\/01\/SH-103-750x499.jpg 750w, https:\/\/www.landsbygdsturism.se\/wp-content\/uploads\/2017\/01\/SH-103-360x240.jpg 360w\" sizes=\"(max-width: 443px) 100vw, 443px\" \/><\/p>\n<p>Ligger natursk\u00f6nt vid Vindel\u00e4lven. Drivs av den ideella f\u00f6reningen V\u00e4nn\u00e4s Sl\u00f6jd. I v\u00e5r stora handikappv\u00e4nliga butiks- och utst\u00e4llningslokal erbjuder vi en stor sortering av hemsl\u00f6jd och konsthantverk i m\u00e5nga tekniker och olika material av mycket god kvalitet fr\u00e5n hantverkare fr\u00e5n orten och l\u00e4net.<\/p>\n<p>Caf\u00e9 Sp\u00f6land finns i samma byggnad med hembakt br\u00f6d och en natursk\u00f6n uteservering n\u00e4ra Vindel\u00e4lven.<\/p>\n<div id=\"attachment_705\" style=\"width: 179px\" class=\"wp-caption alignright\"><img aria-describedby=\"caption-attachment-705\" decoding=\"async\" loading=\"lazy\" class=\"size-medium wp-image-705\" src=\"http:\/\/www.landsbygdsturism.se\/wp-content\/uploads\/2017\/01\/Viktoria-S-169x300.jpg\" alt=\"\" width=\"169\" height=\"300\" srcset=\"https:\/\/www.landsbygdsturism.se\/wp-content\/uploads\/2017\/01\/Viktoria-S-169x300.jpg 169w, https:\/\/www.landsbygdsturism.se\/wp-content\/uploads\/2017\/01\/Viktoria-S-84x150.jpg 84w, https:\/\/www.landsbygdsturism.se\/wp-content\/uploads\/2017\/01\/Viktoria-S-768x1365.jpg 768w, https:\/\/www.landsbygdsturism.se\/wp-content\/uploads\/2017\/01\/Viktoria-S-576x1024.jpg 576w, https:\/\/www.landsbygdsturism.se\/wp-content\/uploads\/2017\/01\/Viktoria-S.jpg 1242w\" sizes=\"(max-width: 169px) 100vw, 169px\" \/><p id=\"caption-attachment-705\" class=\"wp-caption-text\">Viktoria Svensson driver Caf\u00e9 Sp\u00f6land<\/p><\/div>\n<p>Bagarstuga med tunnbr\u00f6dsf\u00f6rs\u00e4ljning vid veckosluten.<\/p>\n<p>\u00d6ppettider:<br \/>\nAlla dagar 26 maj &#8211; 16 september 11.00 &#8211; 18.00, (midsommarafton 11.00 &#8211; 14.00).<br \/>\nJul\u00f6ppet 23 november &#8211; 23 december 11.00 &#8211; 18.00<\/p>\n<p><strong>Kontakt:<\/strong><br \/>\nV\u00e4nn\u00e4nget 3<br \/>\n911 92 V\u00e4nn\u00e4s<\/p>\n<p>0935-207 82<\/p>\n<p><a href=\"http:\/\/www.slojdarnashus.se\">www.slojdarnashus.se<\/a><\/p>\n<p><img decoding=\"async\" loading=\"lazy\" class=\"alignnone size-medium wp-image-613\" src=\"http:\/\/www.landsbygdsturism.se\/wp-content\/uploads\/2017\/01\/SH-118-300x200.jpg\" alt=\"\" width=\"300\" height=\"200\" srcset=\"https:\/\/www.landsbygdsturism.se\/wp-content\/uploads\/2017\/01\/SH-118-300x200.jpg 300w, https:\/\/www.landsbygdsturism.se\/wp-content\/uploads\/2017\/01\/SH-118-150x100.jpg 150w, https:\/\/www.landsbygdsturism.se\/wp-content\/uploads\/2017\/01\/SH-118-768x512.jpg 768w, https:\/\/www.landsbygdsturism.se\/wp-content\/uploads\/2017\/01\/SH-118.jpg 1024w, https:\/\/www.landsbygdsturism.se\/wp-content\/uploads\/2017\/01\/SH-118-750x499.jpg 750w, https:\/\/www.landsbygdsturism.se\/wp-content\/uploads\/2017\/01\/SH-118-360x240.jpg 360w\" sizes=\"(max-width: 300px) 100vw, 300px\" \/><\/p>\n<p><img decoding=\"async\" loading=\"lazy\" class=\"alignnone size-medium wp-image-614\" src=\"http:\/\/www.landsbygdsturism.se\/wp-content\/uploads\/2017\/01\/SH-154-300x200.jpg\" alt=\"\" width=\"300\" height=\"200\" srcset=\"https:\/\/www.landsbygdsturism.se\/wp-content\/uploads\/2017\/01\/SH-154-300x200.jpg 300w, https:\/\/www.landsbygdsturism.se\/wp-content\/uploads\/2017\/01\/SH-154-150x100.jpg 150w, https:\/\/www.landsbygdsturism.se\/wp-content\/uploads\/2017\/01\/SH-154-768x512.jpg 768w, https:\/\/www.landsbygdsturism.se\/wp-content\/uploads\/2017\/01\/SH-154.jpg 1024w, https:\/\/www.landsbygdsturism.se\/wp-content\/uploads\/2017\/01\/SH-154-750x499.jpg 750w, https:\/\/www.landsbygdsturism.se\/wp-content\/uploads\/2017\/01\/SH-154-360x240.jpg 360w\" sizes=\"(max-width: 300px) 100vw, 300px\" \/><\/p>\n<p><img decoding=\"async\" loading=\"lazy\" class=\"alignnone wp-image-619\" src=\"http:\/\/www.landsbygdsturism.se\/wp-content\/uploads\/2017\/01\/SH-93-300x200.jpg\" alt=\"\" width=\"300\" height=\"200\" srcset=\"https:\/\/www.landsbygdsturism.se\/wp-content\/uploads\/2017\/01\/SH-93-300x200.jpg 300w, https:\/\/www.landsbygdsturism.se\/wp-content\/uploads\/2017\/01\/SH-93-150x100.jpg 150w, https:\/\/www.landsbygdsturism.se\/wp-content\/uploads\/2017\/01\/SH-93-768x512.jpg 768w, https:\/\/www.landsbygdsturism.se\/wp-content\/uploads\/2017\/01\/SH-93.jpg 1024w, https:\/\/www.landsbygdsturism.se\/wp-content\/uploads\/2017\/01\/SH-93-750x499.jpg 750w, https:\/\/www.landsbygdsturism.se\/wp-content\/uploads\/2017\/01\/SH-93-360x240.jpg 360w\" sizes=\"(max-width: 300px) 100vw, 300px\" \/><\/p>","protected":false},"excerpt":{"rendered":"<p>&nbsp; Ligger natursk\u00f6nt vid Vindel\u00e4lven. Drivs av den ideella f\u00f6reningen V\u00e4nn\u00e4s Sl\u00f6jd. I v\u00e5r stora handikappv\u00e4nliga butiks- och utst\u00e4llningslokal erbjuder vi en stor sortering av hemsl\u00f6jd och konsthantverk i m\u00e5nga <a class=\"more-link\" href=\"https:\/\/www.landsbygdsturism.se\/sv\/besoksmal\/slojdernas-hus-vannasby\/\">Continue Reading \u2192<\/a><\/p>\n","protected":false},"author":2,"featured_media":0,"parent":94,"menu_order":0,"comment_status":"closed","ping_status":"closed","template":"","meta":[],"_links":{"self":[{"href":"https:\/\/www.landsbygdsturism.se\/sv\/wp-json\/wp\/v2\/pages\/162"}],"collection":[{"href":"https:\/\/www.landsbygdsturism.se\/sv\/wp-json\/wp\/v2\/pages"}],"about":[{"href":"https:\/\/www.landsbygdsturism.se\/sv\/wp-json\/wp\/v2\/types\/page"}],"author":[{"embeddable":true,"href":"https:\/\/www.landsbygdsturism.se\/sv\/wp-json\/wp\/v2\/users\/2"}],"replies":[{"embeddable":true,"href":"https:\/\/www.landsbygdsturism.se\/sv\/wp-json\/wp\/v2\/comments?post=162"}],"version-history":[{"count":20,"href":"https:\/\/www.landsbygdsturism.se\/sv\/wp-json\/wp\/v2\/pages\/162\/revisions"}],"predecessor-version":[{"id":1004,"href":"https:\/\/www.landsbygdsturism.se\/sv\/wp-json\/wp\/v2\/pages\/162\/revisions\/1004"}],"up":[{"embeddable":true,"href":"https:\/\/www.landsbygdsturism.se\/sv\/wp-json\/wp\/v2\/pages\/94"}],"wp:attachment":[{"href":"https:\/\/www.landsbygdsturism.se\/sv\/wp-json\/wp\/v2\/media?parent=162"}],"curies":[{"name":"wp","href":"https:\/\/api.w.org\/{rel}","templated":true}]}}