{"id":145,"date":"2017-01-11T14:02:24","date_gmt":"2017-01-11T14:02:24","guid":{"rendered":"http:\/\/www.landsbygdsturism.se\/?page_id=145"},"modified":"2018-04-12T06:28:24","modified_gmt":"2018-04-12T06:28:24","slug":"stefan-gotthardsson-vasternas","status":"publish","type":"page","link":"https:\/\/www.landsbygdsturism.se\/sv\/boende\/stefan-gotthardsson-vasternas\/","title":{"rendered":"Stefan Gotthardsson, V\u00e4sterbacka"},"content":{"rendered":"<p><img decoding=\"async\" loading=\"lazy\" class=\"alignnone wp-image-562\" src=\"http:\/\/www.landsbygdsturism.se\/wp-content\/uploads\/2017\/01\/20160828_190543-300x169.jpg\" alt=\"\" width=\"499\" height=\"281\" srcset=\"https:\/\/www.landsbygdsturism.se\/wp-content\/uploads\/2017\/01\/20160828_190543-300x169.jpg 300w, https:\/\/www.landsbygdsturism.se\/wp-content\/uploads\/2017\/01\/20160828_190543-150x84.jpg 150w, https:\/\/www.landsbygdsturism.se\/wp-content\/uploads\/2017\/01\/20160828_190543-768x432.jpg 768w, https:\/\/www.landsbygdsturism.se\/wp-content\/uploads\/2017\/01\/20160828_190543-1024x576.jpg 1024w\" sizes=\"(max-width: 499px) 100vw, 499px\" \/><\/p>\n<h2>V\u00e4lkommen till natursk\u00f6na V\u00e4sterbacka<\/h2>\n<p>H\u00e4r kan du bo i l\u00e4genhet i en fd. ladug\u00e5rd.<br \/>\nKombinerat k\u00f6k och rum med b\u00e4ddbar soffa. Sovrum med 2 b\u00e4ddar. Hall och toalett med dusch.<br \/>\nStorlek ca 40 m2. Stor veranda med utsikt \u00f6ver V\u00e4sterbackatj\u00e4rn. B\u00e5tar och fiskeutrustning finns f\u00f6r uthyrning f\u00f6r Tj\u00e4rn och sj\u00f6n Treh\u00f6rningen.<\/p>\n<p>Avst\u00e5nd till v\u00e4lsorterad matvaruaff\u00e4r 5 km och till Ume\u00e5 28 km.<\/p>\n<p><img decoding=\"async\" loading=\"lazy\" class=\"alignnone wp-image-563\" src=\"http:\/\/www.landsbygdsturism.se\/wp-content\/uploads\/2017\/01\/20160828_190726-300x169.jpg\" alt=\"\" width=\"299\" height=\"168\" srcset=\"https:\/\/www.landsbygdsturism.se\/wp-content\/uploads\/2017\/01\/20160828_190726-300x169.jpg 300w, https:\/\/www.landsbygdsturism.se\/wp-content\/uploads\/2017\/01\/20160828_190726-150x84.jpg 150w, https:\/\/www.landsbygdsturism.se\/wp-content\/uploads\/2017\/01\/20160828_190726-768x432.jpg 768w, https:\/\/www.landsbygdsturism.se\/wp-content\/uploads\/2017\/01\/20160828_190726-1024x576.jpg 1024w\" sizes=\"(max-width: 299px) 100vw, 299px\" \/><\/p>\n<p><img decoding=\"async\" loading=\"lazy\" class=\"alignnone wp-image-564\" src=\"http:\/\/www.landsbygdsturism.se\/wp-content\/uploads\/2017\/01\/20160828_190816-2-300x199.jpg\" alt=\"\" width=\"300\" height=\"199\" srcset=\"https:\/\/www.landsbygdsturism.se\/wp-content\/uploads\/2017\/01\/20160828_190816-2-300x199.jpg 300w, https:\/\/www.landsbygdsturism.se\/wp-content\/uploads\/2017\/01\/20160828_190816-2-150x99.jpg 150w, https:\/\/www.landsbygdsturism.se\/wp-content\/uploads\/2017\/01\/20160828_190816-2-768x508.jpg 768w, https:\/\/www.landsbygdsturism.se\/wp-content\/uploads\/2017\/01\/20160828_190816-2-1024x678.jpg 1024w, https:\/\/www.landsbygdsturism.se\/wp-content\/uploads\/2017\/01\/20160828_190816-2-750x499.jpg 750w, https:\/\/www.landsbygdsturism.se\/wp-content\/uploads\/2017\/01\/20160828_190816-2-360x240.jpg 360w\" sizes=\"(max-width: 300px) 100vw, 300px\" \/><\/p>\n<p><img decoding=\"async\" loading=\"lazy\" class=\"alignnone size-medium wp-image-567\" src=\"http:\/\/www.landsbygdsturism.se\/wp-content\/uploads\/2017\/01\/20160918_152916-300x169.jpg\" alt=\"\" width=\"300\" height=\"169\" srcset=\"https:\/\/www.landsbygdsturism.se\/wp-content\/uploads\/2017\/01\/20160918_152916-300x169.jpg 300w, https:\/\/www.landsbygdsturism.se\/wp-content\/uploads\/2017\/01\/20160918_152916-150x84.jpg 150w, https:\/\/www.landsbygdsturism.se\/wp-content\/uploads\/2017\/01\/20160918_152916-768x432.jpg 768w, https:\/\/www.landsbygdsturism.se\/wp-content\/uploads\/2017\/01\/20160918_152916-1024x576.jpg 1024w\" sizes=\"(max-width: 300px) 100vw, 300px\" \/><\/p>\n<p>Pris: 550 kr\/natt&#8211; minimum 2 n\u00e4tter. L\u00e4ngre tid f\u00f6rhandlingsbart.<br \/>\nS\u00e4nglinne: 100 kr<img decoding=\"async\" loading=\"lazy\" class=\"alignnone wp-image-640 alignright\" src=\"http:\/\/www.landsbygdsturism.se\/wp-content\/uploads\/2017\/01\/20160627_113822-2-300x281.jpg\" alt=\"\" width=\"270\" height=\"253\" srcset=\"https:\/\/www.landsbygdsturism.se\/wp-content\/uploads\/2017\/01\/20160627_113822-2-300x281.jpg 300w, https:\/\/www.landsbygdsturism.se\/wp-content\/uploads\/2017\/01\/20160627_113822-2-150x141.jpg 150w, https:\/\/www.landsbygdsturism.se\/wp-content\/uploads\/2017\/01\/20160627_113822-2-768x720.jpg 768w, https:\/\/www.landsbygdsturism.se\/wp-content\/uploads\/2017\/01\/20160627_113822-2-1024x960.jpg 1024w\" sizes=\"(max-width: 270px) 100vw, 270px\" \/><br \/>\nSt\u00e4dning: 500 kr<\/p>\n<h3>Kontakt<\/h3>\n<p>Berit &amp; Stefan Gotthardsson<br \/>\nV\u00e4sterbacks 208<br \/>\n922 66 Tavelsj\u00f6<\/p>\n<p>070-343 01 88<\/p>\n<p><a href=\"mailto:stefan.gotthardsson@gmail.com\">stefan.gotthardsson@gmail.com<\/a><\/p>\n<p>&nbsp;<\/p>\n<p>&nbsp;<\/p>","protected":false},"excerpt":{"rendered":"<p>V\u00e4lkommen till natursk\u00f6na V\u00e4sterbacka H\u00e4r kan du bo i l\u00e4genhet i en fd. ladug\u00e5rd. Kombinerat k\u00f6k och rum med b\u00e4ddbar soffa. Sovrum med 2 b\u00e4ddar. Hall och toalett med dusch. <a class=\"more-link\" href=\"https:\/\/www.landsbygdsturism.se\/sv\/boende\/stefan-gotthardsson-vasternas\/\">Continue Reading \u2192<\/a><\/p>\n","protected":false},"author":2,"featured_media":0,"parent":81,"menu_order":0,"comment_status":"closed","ping_status":"closed","template":"","meta":[],"_links":{"self":[{"href":"https:\/\/www.landsbygdsturism.se\/sv\/wp-json\/wp\/v2\/pages\/145"}],"collection":[{"href":"https:\/\/www.landsbygdsturism.se\/sv\/wp-json\/wp\/v2\/pages"}],"about":[{"href":"https:\/\/www.landsbygdsturism.se\/sv\/wp-json\/wp\/v2\/types\/page"}],"author":[{"embeddable":true,"href":"https:\/\/www.landsbygdsturism.se\/sv\/wp-json\/wp\/v2\/users\/2"}],"replies":[{"embeddable":true,"href":"https:\/\/www.landsbygdsturism.se\/sv\/wp-json\/wp\/v2\/comments?post=145"}],"version-history":[{"count":12,"href":"https:\/\/www.landsbygdsturism.se\/sv\/wp-json\/wp\/v2\/pages\/145\/revisions"}],"predecessor-version":[{"id":975,"href":"https:\/\/www.landsbygdsturism.se\/sv\/wp-json\/wp\/v2\/pages\/145\/revisions\/975"}],"up":[{"embeddable":true,"href":"https:\/\/www.landsbygdsturism.se\/sv\/wp-json\/wp\/v2\/pages\/81"}],"wp:attachment":[{"href":"https:\/\/www.landsbygdsturism.se\/sv\/wp-json\/wp\/v2\/media?parent=145"}],"curies":[{"name":"wp","href":"https:\/\/api.w.org\/{rel}","templated":true}]}}