{"id":9,"date":"2017-01-10T13:52:59","date_gmt":"2017-01-10T13:52:59","guid":{"rendered":"http:\/\/www.landsbygdsturism.se\/?page_id=9"},"modified":"2018-04-09T05:20:44","modified_gmt":"2018-04-09T05:20:44","slug":"tavelsjo-vindeladalen","status":"publish","type":"page","link":"https:\/\/www.landsbygdsturism.se\/en\/","title":{"rendered":"Welcome to the hospitable countryside"},"content":{"rendered":"<p><\/p>\n<p id=\"tw-target-text\" class=\"tw-data-text tw-ta tw-text-small\" dir=\"ltr\" data-placeholder=\"\u00d6vers\u00e4ttning\"><span lang=\"en\">Welcome to the recognized beautiful area that encompasses a large number of villages in Tavelsj\u00f6bygden and along the Vindel\u00e4lven valley from V\u00e4nn\u00e4sby up to Vindeln. The website has been provided primarily as easily accessible information to anyone who visits our village from near and far, but also as a service to all locals. Here you will find information about accommodations, visits and activities of various kinds.<\/span><\/p>\n<p>Photo: H\u00e5kan Lundgren<br \/>\n<!--more--><\/p>","protected":false},"excerpt":{"rendered":"<p>Sorry, this entry is only available in Swedish.<\/p>\n","protected":false},"author":2,"featured_media":0,"parent":0,"menu_order":1,"comment_status":"closed","ping_status":"closed","template":"","meta":[],"_links":{"self":[{"href":"https:\/\/www.landsbygdsturism.se\/en\/wp-json\/wp\/v2\/pages\/9"}],"collection":[{"href":"https:\/\/www.landsbygdsturism.se\/en\/wp-json\/wp\/v2\/pages"}],"about":[{"href":"https:\/\/www.landsbygdsturism.se\/en\/wp-json\/wp\/v2\/types\/page"}],"author":[{"embeddable":true,"href":"https:\/\/www.landsbygdsturism.se\/en\/wp-json\/wp\/v2\/users\/2"}],"replies":[{"embeddable":true,"href":"https:\/\/www.landsbygdsturism.se\/en\/wp-json\/wp\/v2\/comments?post=9"}],"version-history":[{"count":23,"href":"https:\/\/www.landsbygdsturism.se\/en\/wp-json\/wp\/v2\/pages\/9\/revisions"}],"predecessor-version":[{"id":897,"href":"https:\/\/www.landsbygdsturism.se\/en\/wp-json\/wp\/v2\/pages\/9\/revisions\/897"}],"wp:attachment":[{"href":"https:\/\/www.landsbygdsturism.se\/en\/wp-json\/wp\/v2\/media?parent=9"}],"curies":[{"name":"wp","href":"https:\/\/api.w.org\/{rel}","templated":true}]}}