{"id":862,"date":"2018-03-01T10:29:37","date_gmt":"2018-03-01T10:29:37","guid":{"rendered":"http:\/\/www.landsbygdsturism.se\/?page_id=862"},"modified":"2023-02-16T10:49:14","modified_gmt":"2023-02-16T10:49:14","slug":"ljadas-mat-aventyr","status":"publish","type":"page","link":"https:\/\/www.landsbygdsturism.se\/en\/sport-motion-2\/ljadas-mat-aventyr\/","title":{"rendered":"Lljadas Food &#038; Adventure"},"content":{"rendered":"<p><\/p>\n<h3>Contact<\/h3>\n<p>Joakim Ljadas<br \/>\nR\u00f6d\u00e5sel 536<br \/>\n922 67 Tavelsj\u00f6<br \/>\n070-386 33 26<br \/>\n<a href=\"info@ljadas.se\">info@ljadas.se<\/a><br \/>\n<a href=\"http:\/\/www.ljadas.se\">www.ljadas.se<\/a><\/p>\n<p>&nbsp;<\/p>","protected":false},"excerpt":{"rendered":"<p>Contact Joakim Ljadas R\u00f6d\u00e5sel 536 922 67 Tavelsj\u00f6 070-386 33 26 info@ljadas.se www.ljadas.se &nbsp;<\/p>\n","protected":false},"author":2,"featured_media":0,"parent":732,"menu_order":0,"comment_status":"closed","ping_status":"closed","template":"","meta":[],"_links":{"self":[{"href":"https:\/\/www.landsbygdsturism.se\/en\/wp-json\/wp\/v2\/pages\/862"}],"collection":[{"href":"https:\/\/www.landsbygdsturism.se\/en\/wp-json\/wp\/v2\/pages"}],"about":[{"href":"https:\/\/www.landsbygdsturism.se\/en\/wp-json\/wp\/v2\/types\/page"}],"author":[{"embeddable":true,"href":"https:\/\/www.landsbygdsturism.se\/en\/wp-json\/wp\/v2\/users\/2"}],"replies":[{"embeddable":true,"href":"https:\/\/www.landsbygdsturism.se\/en\/wp-json\/wp\/v2\/comments?post=862"}],"version-history":[{"count":5,"href":"https:\/\/www.landsbygdsturism.se\/en\/wp-json\/wp\/v2\/pages\/862\/revisions"}],"predecessor-version":[{"id":1102,"href":"https:\/\/www.landsbygdsturism.se\/en\/wp-json\/wp\/v2\/pages\/862\/revisions\/1102"}],"up":[{"embeddable":true,"href":"https:\/\/www.landsbygdsturism.se\/en\/wp-json\/wp\/v2\/pages\/732"}],"wp:attachment":[{"href":"https:\/\/www.landsbygdsturism.se\/en\/wp-json\/wp\/v2\/media?parent=862"}],"curies":[{"name":"wp","href":"https:\/\/api.w.org\/{rel}","templated":true}]}}