{"id":84,"date":"2017-01-11T11:22:01","date_gmt":"2017-01-11T11:22:01","guid":{"rendered":"http:\/\/www.landsbygdsturism.se\/?page_id=84"},"modified":"2023-02-16T07:30:53","modified_gmt":"2023-02-16T07:30:53","slug":"heleneborgs-gard","status":"publish","type":"page","link":"https:\/\/www.landsbygdsturism.se\/en\/boende\/heleneborgs-gard\/","title":{"rendered":"Heleneborgs G\u00e5rd"},"content":{"rendered":"<p><img decoding=\"async\" loading=\"lazy\" class=\"alignnone wp-image-662\" src=\"http:\/\/www.landsbygdsturism.se\/wp-content\/uploads\/2017\/01\/thumb_DSCF3343_1024-300x167.jpg\" alt=\"\" width=\"528\" height=\"294\" srcset=\"https:\/\/www.landsbygdsturism.se\/wp-content\/uploads\/2017\/01\/thumb_DSCF3343_1024-300x167.jpg 300w, https:\/\/www.landsbygdsturism.se\/wp-content\/uploads\/2017\/01\/thumb_DSCF3343_1024-150x83.jpg 150w, https:\/\/www.landsbygdsturism.se\/wp-content\/uploads\/2017\/01\/thumb_DSCF3343_1024-768x426.jpg 768w, https:\/\/www.landsbygdsturism.se\/wp-content\/uploads\/2017\/01\/thumb_DSCF3343_1024-1024x568.jpg 1024w, https:\/\/www.landsbygdsturism.se\/wp-content\/uploads\/2017\/01\/thumb_DSCF3343_1024.jpg 1189w\" sizes=\"(max-width: 528px) 100vw, 528px\" \/><\/p>\n<p><span lang=\"en\">Welcome to us at Heleneborg&#8217;s farm in the scenic Tavelsj\u00f6 countryside between Ume\u00e5 and Vindeln in V\u00e4sterbotten. Here you can stay in a cozy, well-equipped log cabin or a timbered bakery cottage or in one of our three rooms upstairs in the barn. Here you can place gatherings in our unique meeting room in the converted stable with attached kitchen, terrace and outdoor spa with sauna and hot tub.<\/span><\/p>\n<p><span lang=\"en\">We provide stress-free environment for both relaxation and creative meetings.<\/span><\/p>\n<h1>Welcome!<\/h1>\n<h2 id=\"tw-target-text\" class=\"tw-data-text tw-ta tw-text-medium\" dir=\"ltr\" data-placeholder=\"\u00d6vers\u00e4ttning\"><strong><span lang=\"en\">Accommodation<\/span><\/strong><\/h2>\n<p><img decoding=\"async\" loading=\"lazy\" class=\"size-medium wp-image-220 alignright\" src=\"http:\/\/www.landsbygdsturism.se\/wp-content\/uploads\/2017\/01\/2008_05230330-300x225.jpg\" alt=\"\" width=\"300\" height=\"225\" srcset=\"https:\/\/www.landsbygdsturism.se\/wp-content\/uploads\/2017\/01\/2008_05230330-300x225.jpg 300w, https:\/\/www.landsbygdsturism.se\/wp-content\/uploads\/2017\/01\/2008_05230330-150x113.jpg 150w, https:\/\/www.landsbygdsturism.se\/wp-content\/uploads\/2017\/01\/2008_05230330-768x576.jpg 768w, https:\/\/www.landsbygdsturism.se\/wp-content\/uploads\/2017\/01\/2008_05230330-1024x768.jpg 1024w\" sizes=\"(max-width: 300px) 100vw, 300px\" \/><\/p>\n<h2><strong>Timbered cottage<\/strong><\/h2>\n<p id=\"tw-target-text\" class=\"tw-data-text tw-ta tw-text-small\" dir=\"ltr\" data-placeholder=\"\u00d6vers\u00e4ttning\"><span lang=\"en\">Well-equipped kitchenette with stove, fridge, freezer compartment, dishwasher, micro and coffee maker. Living room with sofa bed, TV, stereo, DVD and wood burning stove. Two bedrooms. 5 beds. Toilet with shower, porch and sun deck. 100 Mbit Wi-Fi. Loft cabin can be rented extra summer time.<\/span><\/p>\n<h2><strong>Timbered bakary house<\/strong><\/h2>\n<p><img decoding=\"async\" loading=\"lazy\" class=\"alignright size-medium wp-image-838\" src=\"http:\/\/www.landsbygdsturism.se\/wp-content\/uploads\/2018\/01\/thumb_IMG_2537_1024-300x225.jpg\" alt=\"\" width=\"300\" height=\"225\" srcset=\"https:\/\/www.landsbygdsturism.se\/wp-content\/uploads\/2018\/01\/thumb_IMG_2537_1024-300x225.jpg 300w, https:\/\/www.landsbygdsturism.se\/wp-content\/uploads\/2018\/01\/thumb_IMG_2537_1024-150x113.jpg 150w, https:\/\/www.landsbygdsturism.se\/wp-content\/uploads\/2018\/01\/thumb_IMG_2537_1024-768x576.jpg 768w, https:\/\/www.landsbygdsturism.se\/wp-content\/uploads\/2018\/01\/thumb_IMG_2537_1024.jpg 1024w\" sizes=\"(max-width: 300px) 100vw, 300px\" \/>Unique accommodation in a renovated 19th-century backyard with a very high standard in a scenic location.<\/p>\n<p>Cottage with roof up in the nock with baking oven and wood burning stove. Cozy sleeping loft with two 80 cm wide beds. Seating area with sofa bed (width 140 cm) and two armchairs, food group, 40 inch TV, retro-style multi-audio system. However, the baking stove can not be used by guests.<\/p>\n<p>Very well equipped kitchen including stove, fridge and freezer, dishwasher and microwave.<\/p>\n<p>Bathroom with sink, water toilet and shower. Floor heating.<\/p>\n<p>&nbsp;<\/p>\n<h2><strong>B&amp;B-rooms upstair in the barn<\/strong><\/h2>\n<p><img decoding=\"async\" loading=\"lazy\" class=\"alignnone wp-image-474\" src=\"http:\/\/www.landsbygdsturism.se\/wp-content\/uploads\/2017\/01\/IMG_6302-300x200.jpg\" alt=\"\" width=\"295\" height=\"196\" srcset=\"https:\/\/www.landsbygdsturism.se\/wp-content\/uploads\/2017\/01\/IMG_6302-300x200.jpg 300w, https:\/\/www.landsbygdsturism.se\/wp-content\/uploads\/2017\/01\/IMG_6302-150x100.jpg 150w, https:\/\/www.landsbygdsturism.se\/wp-content\/uploads\/2017\/01\/IMG_6302-768x512.jpg 768w, https:\/\/www.landsbygdsturism.se\/wp-content\/uploads\/2017\/01\/IMG_6302-1024x683.jpg 1024w, https:\/\/www.landsbygdsturism.se\/wp-content\/uploads\/2017\/01\/IMG_6302-750x499.jpg 750w, https:\/\/www.landsbygdsturism.se\/wp-content\/uploads\/2017\/01\/IMG_6302-360x240.jpg 360w\" sizes=\"(max-width: 295px) 100vw, 295px\" \/><\/p>\n<p id=\"tw-target-text\" class=\"tw-data-text tw-ta tw-text-small\" dir=\"ltr\" data-placeholder=\"\u00d6vers\u00e4ttning\"><span lang=\"en\">Choose between The Small Room, &#8220;The Between Room&#8221; and the Big Room. The Big Room is a family room with both a double bed and a bunk bed. In the larger rooms there is a sink, kettle and fridge. All rooms have comfortable beds and access to 100 Mbit Wi-Fi. Toilet and shower in the stables milk room down stairs.<\/span><\/p>\n<p class=\"tw-data-text tw-ta tw-text-small\" dir=\"ltr\" data-placeholder=\"\u00d6vers\u00e4ttning\"><span lang=\"en\">The exterior of the rooms is a bright red with white knots and window lining. In the rooms we have kept beams and stag giving them a special character. The rooms can be rented with or without breakfast.\u00a0<\/span><\/p>\n<div id=\"attachment_475\" style=\"width: 310px\" class=\"wp-caption alignnone\"><img aria-describedby=\"caption-attachment-475\" decoding=\"async\" loading=\"lazy\" class=\"size-medium wp-image-475\" src=\"http:\/\/www.landsbygdsturism.se\/wp-content\/uploads\/2017\/01\/DSCF5873-300x225.jpg\" alt=\"\" width=\"300\" height=\"225\" srcset=\"https:\/\/www.landsbygdsturism.se\/wp-content\/uploads\/2017\/01\/DSCF5873-300x225.jpg 300w, https:\/\/www.landsbygdsturism.se\/wp-content\/uploads\/2017\/01\/DSCF5873-150x113.jpg 150w, https:\/\/www.landsbygdsturism.se\/wp-content\/uploads\/2017\/01\/DSCF5873-768x576.jpg 768w, https:\/\/www.landsbygdsturism.se\/wp-content\/uploads\/2017\/01\/DSCF5873-1024x768.jpg 1024w\" sizes=\"(max-width: 300px) 100vw, 300px\" \/><p id=\"caption-attachment-475\" class=\"wp-caption-text\"><em>The Big Room<\/em><\/p><\/div>\n<div id=\"attachment_476\" style=\"width: 310px\" class=\"wp-caption alignnone\"><img aria-describedby=\"caption-attachment-476\" decoding=\"async\" loading=\"lazy\" class=\"size-medium wp-image-476\" src=\"http:\/\/www.landsbygdsturism.se\/wp-content\/uploads\/2017\/01\/DSCF5877-300x225.jpg\" alt=\"\" width=\"300\" height=\"225\" srcset=\"https:\/\/www.landsbygdsturism.se\/wp-content\/uploads\/2017\/01\/DSCF5877-300x225.jpg 300w, https:\/\/www.landsbygdsturism.se\/wp-content\/uploads\/2017\/01\/DSCF5877-150x113.jpg 150w, https:\/\/www.landsbygdsturism.se\/wp-content\/uploads\/2017\/01\/DSCF5877-768x576.jpg 768w, https:\/\/www.landsbygdsturism.se\/wp-content\/uploads\/2017\/01\/DSCF5877-1024x768.jpg 1024w\" sizes=\"(max-width: 300px) 100vw, 300px\" \/><p id=\"caption-attachment-476\" class=\"wp-caption-text\"><em>The Between Room<\/em><\/p><\/div>\n<div id=\"attachment_481\" style=\"width: 310px\" class=\"wp-caption alignnone\"><img aria-describedby=\"caption-attachment-481\" decoding=\"async\" loading=\"lazy\" class=\"size-medium wp-image-481\" src=\"http:\/\/www.landsbygdsturism.se\/wp-content\/uploads\/2017\/01\/DSCF5880-300x225.jpg\" alt=\"\" width=\"300\" height=\"225\" srcset=\"https:\/\/www.landsbygdsturism.se\/wp-content\/uploads\/2017\/01\/DSCF5880-300x225.jpg 300w, https:\/\/www.landsbygdsturism.se\/wp-content\/uploads\/2017\/01\/DSCF5880-150x113.jpg 150w, https:\/\/www.landsbygdsturism.se\/wp-content\/uploads\/2017\/01\/DSCF5880-768x576.jpg 768w, https:\/\/www.landsbygdsturism.se\/wp-content\/uploads\/2017\/01\/DSCF5880-1024x768.jpg 1024w\" sizes=\"(max-width: 300px) 100vw, 300px\" \/><p id=\"caption-attachment-481\" class=\"wp-caption-text\"><em>The Small Room<\/em><\/p><\/div>\n<h2 id=\"tw-target-text\" class=\"tw-data-text tw-ta tw-text-medium\" dir=\"ltr\" data-placeholder=\"\u00d6vers\u00e4ttning\"><strong><span lang=\"en\">Conference room, terrace and spa<\/span><\/strong><\/h2>\n<p id=\"tw-target-text\" class=\"tw-data-text tw-ta tw-text-small\" dir=\"ltr\" data-placeholder=\"\u00d6vers\u00e4ttning\"><span lang=\"en\">Our converted stable offers a unique environment for meetings and gatherings of up to 20 people. It combines old interior features with modern conference technology &#8211; broadband (100 Mbit), image projector and Smart-TV. Suitable for everything from board meetings and seminars to kick-off and team building.<\/span><\/p>\n<p class=\"tw-data-text tw-ta tw-text-small\" dir=\"ltr\" data-placeholder=\"\u00d6vers\u00e4ttning\"><span lang=\"en\">The stable is perfect for parties of all kinds from birthday party to spa evening with friends. Enjoy a nice meal on the terrace, at the long table in the meeting room or in the calf box and socialize in our combined children&#8217;s and minicorns. The stable contains a well-equipped kitchen where we can cook for smaller parties. The food is served on the stall&#8217;s covered feeding table.<\/span><\/p>\n<div id=\"attachment_483\" style=\"width: 310px\" class=\"wp-caption alignnone\"><img aria-describedby=\"caption-attachment-483\" decoding=\"async\" loading=\"lazy\" class=\"size-medium wp-image-483\" src=\"http:\/\/www.landsbygdsturism.se\/wp-content\/uploads\/2017\/01\/DSCF4792-300x225.jpg\" alt=\"\" width=\"300\" height=\"225\" srcset=\"https:\/\/www.landsbygdsturism.se\/wp-content\/uploads\/2017\/01\/DSCF4792-300x225.jpg 300w, https:\/\/www.landsbygdsturism.se\/wp-content\/uploads\/2017\/01\/DSCF4792-150x113.jpg 150w, https:\/\/www.landsbygdsturism.se\/wp-content\/uploads\/2017\/01\/DSCF4792-768x576.jpg 768w, https:\/\/www.landsbygdsturism.se\/wp-content\/uploads\/2017\/01\/DSCF4792-1024x768.jpg 1024w\" sizes=\"(max-width: 300px) 100vw, 300px\" \/><p id=\"caption-attachment-483\" class=\"wp-caption-text\"><span lang=\"en\">The meeting room can be dressed for conferences and parties.<\/span><\/p><\/div>\n<div id=\"attachment_485\" style=\"width: 310px\" class=\"wp-caption alignnone\"><img aria-describedby=\"caption-attachment-485\" decoding=\"async\" loading=\"lazy\" class=\"size-medium wp-image-485\" src=\"http:\/\/www.landsbygdsturism.se\/wp-content\/uploads\/2017\/01\/DSCF4773-300x225.jpg\" alt=\"\" width=\"300\" height=\"225\" srcset=\"https:\/\/www.landsbygdsturism.se\/wp-content\/uploads\/2017\/01\/DSCF4773-300x225.jpg 300w, https:\/\/www.landsbygdsturism.se\/wp-content\/uploads\/2017\/01\/DSCF4773-150x113.jpg 150w, https:\/\/www.landsbygdsturism.se\/wp-content\/uploads\/2017\/01\/DSCF4773-768x576.jpg 768w, https:\/\/www.landsbygdsturism.se\/wp-content\/uploads\/2017\/01\/DSCF4773-1024x768.jpg 1024w\" sizes=\"(max-width: 300px) 100vw, 300px\" \/><p id=\"caption-attachment-485\" class=\"wp-caption-text\"><em><span lang=\"en\">Fully equipped kitchen<\/span><\/em><\/p><\/div>\n<div id=\"attachment_486\" style=\"width: 310px\" class=\"wp-caption alignnone\"><img aria-describedby=\"caption-attachment-486\" decoding=\"async\" loading=\"lazy\" class=\"size-medium wp-image-486\" src=\"http:\/\/www.landsbygdsturism.se\/wp-content\/uploads\/2017\/01\/DSCF4793-300x225.jpg\" alt=\"\" width=\"300\" height=\"225\" srcset=\"https:\/\/www.landsbygdsturism.se\/wp-content\/uploads\/2017\/01\/DSCF4793-300x225.jpg 300w, https:\/\/www.landsbygdsturism.se\/wp-content\/uploads\/2017\/01\/DSCF4793-150x113.jpg 150w, https:\/\/www.landsbygdsturism.se\/wp-content\/uploads\/2017\/01\/DSCF4793-768x576.jpg 768w, https:\/\/www.landsbygdsturism.se\/wp-content\/uploads\/2017\/01\/DSCF4793-1024x768.jpg 1024w\" sizes=\"(max-width: 300px) 100vw, 300px\" \/><p id=\"caption-attachment-486\" class=\"wp-caption-text\"><em>Cozy corner and tables in the calf boxes<\/em><\/p><\/div>\n<div id=\"attachment_487\" style=\"width: 310px\" class=\"wp-caption alignnone\"><img aria-describedby=\"caption-attachment-487\" decoding=\"async\" loading=\"lazy\" class=\"size-medium wp-image-487\" src=\"http:\/\/www.landsbygdsturism.se\/wp-content\/uploads\/2017\/01\/sommar_0012-300x196.jpg\" alt=\"\" width=\"300\" height=\"196\" srcset=\"https:\/\/www.landsbygdsturism.se\/wp-content\/uploads\/2017\/01\/sommar_0012-300x196.jpg 300w, https:\/\/www.landsbygdsturism.se\/wp-content\/uploads\/2017\/01\/sommar_0012-150x98.jpg 150w, https:\/\/www.landsbygdsturism.se\/wp-content\/uploads\/2017\/01\/sommar_0012-768x502.jpg 768w, https:\/\/www.landsbygdsturism.se\/wp-content\/uploads\/2017\/01\/sommar_0012-1024x670.jpg 1024w\" sizes=\"(max-width: 300px) 100vw, 300px\" \/><p id=\"caption-attachment-487\" class=\"wp-caption-text\"><em><span lang=\"en\">Party on the terrace.<\/span><\/em><\/p><\/div>\n<div id=\"attachment_488\" style=\"width: 310px\" class=\"wp-caption alignnone\"><img aria-describedby=\"caption-attachment-488\" decoding=\"async\" loading=\"lazy\" class=\"size-medium wp-image-488\" src=\"http:\/\/www.landsbygdsturism.se\/wp-content\/uploads\/2017\/01\/DSCF5198-300x225.jpg\" alt=\"\" width=\"300\" height=\"225\" srcset=\"https:\/\/www.landsbygdsturism.se\/wp-content\/uploads\/2017\/01\/DSCF5198-300x225.jpg 300w, https:\/\/www.landsbygdsturism.se\/wp-content\/uploads\/2017\/01\/DSCF5198-150x113.jpg 150w, https:\/\/www.landsbygdsturism.se\/wp-content\/uploads\/2017\/01\/DSCF5198-768x576.jpg 768w, https:\/\/www.landsbygdsturism.se\/wp-content\/uploads\/2017\/01\/DSCF5198-1024x768.jpg 1024w\" sizes=\"(max-width: 300px) 100vw, 300px\" \/><p id=\"caption-attachment-488\" class=\"wp-caption-text\"><em><span lang=\"en\">Hot tub and sauna in our spa area<\/span>.<\/em><\/p><\/div>\n<h2 id=\"tw-target-text\" class=\"tw-data-text tw-ta tw-text-medium\" dir=\"ltr\" data-placeholder=\"\u00d6vers\u00e4ttning\"><strong><span lang=\"en\">Party room<\/span><\/strong><\/h2>\n<div id=\"attachment_490\" style=\"width: 310px\" class=\"wp-caption alignnone\"><img aria-describedby=\"caption-attachment-490\" decoding=\"async\" loading=\"lazy\" class=\"size-medium wp-image-490\" src=\"http:\/\/www.landsbygdsturism.se\/wp-content\/uploads\/2017\/01\/IMG_1493-300x225.jpg\" alt=\"\" width=\"300\" height=\"225\" srcset=\"https:\/\/www.landsbygdsturism.se\/wp-content\/uploads\/2017\/01\/IMG_1493-300x225.jpg 300w, https:\/\/www.landsbygdsturism.se\/wp-content\/uploads\/2017\/01\/IMG_1493-150x113.jpg 150w, https:\/\/www.landsbygdsturism.se\/wp-content\/uploads\/2017\/01\/IMG_1493-768x576.jpg 768w, https:\/\/www.landsbygdsturism.se\/wp-content\/uploads\/2017\/01\/IMG_1493-1024x768.jpg 1024w\" sizes=\"(max-width: 300px) 100vw, 300px\" \/><p id=\"caption-attachment-490\" class=\"wp-caption-text\"><em>The party room prepared f\u00f6r wedding party.<\/em><\/p><\/div>\n<div id=\"attachment_491\" style=\"width: 310px\" class=\"wp-caption alignnone\"><img aria-describedby=\"caption-attachment-491\" decoding=\"async\" loading=\"lazy\" class=\"size-medium wp-image-491\" src=\"http:\/\/www.landsbygdsturism.se\/wp-content\/uploads\/2017\/01\/IMG_1642-300x225.jpg\" alt=\"\" width=\"300\" height=\"225\" srcset=\"https:\/\/www.landsbygdsturism.se\/wp-content\/uploads\/2017\/01\/IMG_1642-300x225.jpg 300w, https:\/\/www.landsbygdsturism.se\/wp-content\/uploads\/2017\/01\/IMG_1642-150x113.jpg 150w, https:\/\/www.landsbygdsturism.se\/wp-content\/uploads\/2017\/01\/IMG_1642-768x576.jpg 768w, https:\/\/www.landsbygdsturism.se\/wp-content\/uploads\/2017\/01\/IMG_1642-1024x768.jpg 1024w\" sizes=\"(max-width: 300px) 100vw, 300px\" \/><p id=\"caption-attachment-491\" class=\"wp-caption-text\"><em>Stage with sound system and image projektor.<\/em><\/p><\/div>\n<p><strong>Kontakt<\/strong><img decoding=\"async\" loading=\"lazy\" class=\"size-medium wp-image-492 alignright\" src=\"http:\/\/www.landsbygdsturism.se\/wp-content\/uploads\/2017\/01\/F_-Torbj\u00f6rn-Wennebro-KS-007-300x200.jpg\" alt=\"\" width=\"300\" height=\"200\" srcset=\"https:\/\/www.landsbygdsturism.se\/wp-content\/uploads\/2017\/01\/F_-Torbj\u00f6rn-Wennebro-KS-007-300x200.jpg 300w, https:\/\/www.landsbygdsturism.se\/wp-content\/uploads\/2017\/01\/F_-Torbj\u00f6rn-Wennebro-KS-007-150x100.jpg 150w, https:\/\/www.landsbygdsturism.se\/wp-content\/uploads\/2017\/01\/F_-Torbj\u00f6rn-Wennebro-KS-007-768x511.jpg 768w, https:\/\/www.landsbygdsturism.se\/wp-content\/uploads\/2017\/01\/F_-Torbj\u00f6rn-Wennebro-KS-007-1024x681.jpg 1024w, https:\/\/www.landsbygdsturism.se\/wp-content\/uploads\/2017\/01\/F_-Torbj\u00f6rn-Wennebro-KS-007-750x499.jpg 750w, https:\/\/www.landsbygdsturism.se\/wp-content\/uploads\/2017\/01\/F_-Torbj\u00f6rn-Wennebro-KS-007-360x240.jpg 360w\" sizes=\"(max-width: 300px) 100vw, 300px\" \/><br \/>\nHeleneborg 26<br \/>\n922 67 Tavelsj\u00f6<\/p>\n<p>Torbj\u00f6rn 070-209 53 75<br \/>\nMarie Louise 070-382 04 30<\/p>\n<p><a href=\"torbjorn@heleneborg.se\">torbjorn@heleneborg.se<\/a><\/p>\n<p><a href=\"http:\/\/www.heleneborg.se\">http:\/\/www.heleneborg.se<\/a><\/p>\n<p>Geo<br \/>\nLat. 64.09385, long. 20.00214<\/p>","protected":false},"excerpt":{"rendered":"<p>Welcome to us at Heleneborg&#8217;s farm in the scenic Tavelsj\u00f6 countryside between Ume\u00e5 and Vindeln in V\u00e4sterbotten. Here you can stay in a cozy, well-equipped log cabin or a timbered <a class=\"more-link\" href=\"https:\/\/www.landsbygdsturism.se\/en\/boende\/heleneborgs-gard\/\">Continue Reading \u2192<\/a><\/p>\n","protected":false},"author":2,"featured_media":0,"parent":81,"menu_order":0,"comment_status":"closed","ping_status":"closed","template":"","meta":[],"_links":{"self":[{"href":"https:\/\/www.landsbygdsturism.se\/en\/wp-json\/wp\/v2\/pages\/84"}],"collection":[{"href":"https:\/\/www.landsbygdsturism.se\/en\/wp-json\/wp\/v2\/pages"}],"about":[{"href":"https:\/\/www.landsbygdsturism.se\/en\/wp-json\/wp\/v2\/types\/page"}],"author":[{"embeddable":true,"href":"https:\/\/www.landsbygdsturism.se\/en\/wp-json\/wp\/v2\/users\/2"}],"replies":[{"embeddable":true,"href":"https:\/\/www.landsbygdsturism.se\/en\/wp-json\/wp\/v2\/comments?post=84"}],"version-history":[{"count":65,"href":"https:\/\/www.landsbygdsturism.se\/en\/wp-json\/wp\/v2\/pages\/84\/revisions"}],"predecessor-version":[{"id":1072,"href":"https:\/\/www.landsbygdsturism.se\/en\/wp-json\/wp\/v2\/pages\/84\/revisions\/1072"}],"up":[{"embeddable":true,"href":"https:\/\/www.landsbygdsturism.se\/en\/wp-json\/wp\/v2\/pages\/81"}],"wp:attachment":[{"href":"https:\/\/www.landsbygdsturism.se\/en\/wp-json\/wp\/v2\/media?parent=84"}],"curies":[{"name":"wp","href":"https:\/\/api.w.org\/{rel}","templated":true}]}}