{"id":81,"date":"2017-01-11T11:20:39","date_gmt":"2017-01-11T11:20:39","guid":{"rendered":"http:\/\/www.landsbygdsturism.se\/?page_id=81"},"modified":"2018-01-15T20:47:43","modified_gmt":"2018-01-15T20:47:43","slug":"boende","status":"publish","type":"page","link":"https:\/\/www.landsbygdsturism.se\/en\/boende\/","title":{"rendered":"Accommodation"},"content":{"rendered":"<p>Runt om i v\u00e5r bygd finns stugor och Bed&amp;breakfast i genuin landsbygdsmilj\u00f6. Alla marknadsf\u00f6rs p\u00e5 olika stugsidor som Airbnb, stugknyten, stugsidan, atraveo m fl.<\/p>\n","protected":false},"excerpt":{"rendered":"<p>Runt om i v\u00e5r bygd finns stugor och Bed&amp;breakfast i genuin landsbygdsmilj\u00f6. Alla marknadsf\u00f6rs p\u00e5 olika stugsidor som Airbnb, stugknyten, stugsidan, atraveo m fl.<\/p>\n","protected":false},"author":2,"featured_media":0,"parent":0,"menu_order":4,"comment_status":"closed","ping_status":"closed","template":"","meta":[],"_links":{"self":[{"href":"https:\/\/www.landsbygdsturism.se\/en\/wp-json\/wp\/v2\/pages\/81"}],"collection":[{"href":"https:\/\/www.landsbygdsturism.se\/en\/wp-json\/wp\/v2\/pages"}],"about":[{"href":"https:\/\/www.landsbygdsturism.se\/en\/wp-json\/wp\/v2\/types\/page"}],"author":[{"embeddable":true,"href":"https:\/\/www.landsbygdsturism.se\/en\/wp-json\/wp\/v2\/users\/2"}],"replies":[{"embeddable":true,"href":"https:\/\/www.landsbygdsturism.se\/en\/wp-json\/wp\/v2\/comments?post=81"}],"version-history":[{"count":2,"href":"https:\/\/www.landsbygdsturism.se\/en\/wp-json\/wp\/v2\/pages\/81\/revisions"}],"predecessor-version":[{"id":819,"href":"https:\/\/www.landsbygdsturism.se\/en\/wp-json\/wp\/v2\/pages\/81\/revisions\/819"}],"wp:attachment":[{"href":"https:\/\/www.landsbygdsturism.se\/en\/wp-json\/wp\/v2\/media?parent=81"}],"curies":[{"name":"wp","href":"https:\/\/api.w.org\/{rel}","templated":true}]}}