{"id":722,"date":"2017-08-21T06:06:45","date_gmt":"2017-08-21T06:06:45","guid":{"rendered":"http:\/\/www.landsbygdsturism.se\/?page_id=722"},"modified":"2017-08-21T06:52:42","modified_gmt":"2017-08-21T06:52:42","slug":"tavelsjo-golf","status":"publish","type":"page","link":"https:\/\/www.landsbygdsturism.se\/en\/sport-motion-2\/tavelsjo-golf\/","title":{"rendered":"Tavelsj\u00f6 Golf"},"content":{"rendered":"<h2><img decoding=\"async\" loading=\"lazy\" class=\"wp-image-723 alignleft\" src=\"http:\/\/www.landsbygdsturism.se\/wp-content\/uploads\/2017\/08\/1-300x169.jpg\" alt=\"\" width=\"614\" height=\"346\" srcset=\"https:\/\/www.landsbygdsturism.se\/wp-content\/uploads\/2017\/08\/1-300x169.jpg 300w, https:\/\/www.landsbygdsturism.se\/wp-content\/uploads\/2017\/08\/1-150x84.jpg 150w, https:\/\/www.landsbygdsturism.se\/wp-content\/uploads\/2017\/08\/1-768x432.jpg 768w, https:\/\/www.landsbygdsturism.se\/wp-content\/uploads\/2017\/08\/1-1024x576.jpg 1024w\" sizes=\"(max-width: 614px) 100vw, 614px\" \/><\/h2>\n<h2>\u00a0<b>Pay &amp; Play Driving Range och \u00d6vningsgolfbana<\/b><\/h2>\n<p><span class=\"wysiwyg-font-size-small\">V\u00e4lkommen till Tavelsj\u00f6 Varmvattnets ranch och golfbana!<\/span><span class=\"wysiwyg-font-size-smaller\"><br \/>\n<\/span><span class=\"wysiwyg-font-size-smaller\">Ranchen och \u00f6vningsgolfbanan \u00e4r bel\u00e4gen i ett b\u00f6ljande landskap p\u00e5 gammal \u00e5kermark med\u00a0vattendrag och kv\u00e4llssol, ungef\u00e4r en halvtimmes bilresa nordv\u00e4st fr\u00e5n Ume\u00e5.\u00a0<\/span><span class=\"wysiwyg-font-size-smaller\">H\u00e4r \u00e4r enkelheten i fokus &#8211; v\u00e4lkomna att sl\u00e5 n\u00e5gra golfslag p\u00e5 ranchen eller spela p\u00e5 \u00f6vningsgolfbanan, inget medlemskap eller greenkort beh\u00f6vs!<\/span><\/p>\n<p>V\u00e4stra Varmvattnet 87, 922 67 Tavelsj\u00f6<\/p>\n<p>Koordinater: Latitud 64.08. Longitud 20.01<\/p>\n<p>&nbsp;<\/p>\n","protected":false},"excerpt":{"rendered":"<p>\u00a0Pay &amp; Play Driving Range och \u00d6vningsgolfbana V\u00e4lkommen till Tavelsj\u00f6 Varmvattnets ranch och golfbana! Ranchen och \u00f6vningsgolfbanan \u00e4r bel\u00e4gen i ett b\u00f6ljande landskap p\u00e5 gammal \u00e5kermark med\u00a0vattendrag och kv\u00e4llssol, ungef\u00e4r <a class=\"more-link\" href=\"https:\/\/www.landsbygdsturism.se\/en\/sport-motion-2\/tavelsjo-golf\/\">Continue Reading \u2192<\/a><\/p>\n","protected":false},"author":2,"featured_media":0,"parent":732,"menu_order":0,"comment_status":"closed","ping_status":"closed","template":"","meta":[],"_links":{"self":[{"href":"https:\/\/www.landsbygdsturism.se\/en\/wp-json\/wp\/v2\/pages\/722"}],"collection":[{"href":"https:\/\/www.landsbygdsturism.se\/en\/wp-json\/wp\/v2\/pages"}],"about":[{"href":"https:\/\/www.landsbygdsturism.se\/en\/wp-json\/wp\/v2\/types\/page"}],"author":[{"embeddable":true,"href":"https:\/\/www.landsbygdsturism.se\/en\/wp-json\/wp\/v2\/users\/2"}],"replies":[{"embeddable":true,"href":"https:\/\/www.landsbygdsturism.se\/en\/wp-json\/wp\/v2\/comments?post=722"}],"version-history":[{"count":4,"href":"https:\/\/www.landsbygdsturism.se\/en\/wp-json\/wp\/v2\/pages\/722\/revisions"}],"predecessor-version":[{"id":727,"href":"https:\/\/www.landsbygdsturism.se\/en\/wp-json\/wp\/v2\/pages\/722\/revisions\/727"}],"up":[{"embeddable":true,"href":"https:\/\/www.landsbygdsturism.se\/en\/wp-json\/wp\/v2\/pages\/732"}],"wp:attachment":[{"href":"https:\/\/www.landsbygdsturism.se\/en\/wp-json\/wp\/v2\/media?parent=722"}],"curies":[{"name":"wp","href":"https:\/\/api.w.org\/{rel}","templated":true}]}}