{"id":624,"date":"2017-01-31T07:10:14","date_gmt":"2017-01-31T07:10:14","guid":{"rendered":"http:\/\/www.landsbygdsturism.se\/?page_id=624"},"modified":"2023-02-16T10:04:49","modified_gmt":"2023-02-16T10:04:49","slug":"elljusspar-rodasel","status":"publish","type":"page","link":"https:\/\/www.landsbygdsturism.se\/en\/sport-motion-2\/elljusspar-rodasel\/","title":{"rendered":"Electric light track, R\u00f6d\u00e5sel"},"content":{"rendered":"<p><\/p>\n<p id=\"tw-target-text\" class=\"tw-data-text tw-text-large tw-ta\" dir=\"ltr\" data-placeholder=\"\u00d6vers\u00e4ttning\"><span class=\"Y2IQFc\" lang=\"en\">3.5 and 7 km. Start opposite the petrol station.<\/span><\/p>\n<p class=\"tw-data-text tw-text-large tw-ta\" dir=\"ltr\" data-placeholder=\"\u00d6vers\u00e4ttning\"><span class=\"Y2IQFc\" lang=\"en\">In addition, there is a 5 km daytime track adjacent to the electric light track called the Kamsp\u00e5ret.<\/span><\/p>\n<p class=\"tw-data-text tw-text-large tw-ta\" dir=\"ltr\" data-placeholder=\"\u00d6vers\u00e4ttning\"><strong><span class=\"Y2IQFc\" lang=\"en\">Contact:<\/span><\/strong><\/p>\n<p>R\u00f6d\u00e5bygdens IK<\/p>\n<p>Alf S\u00f6derlund<\/p>\n<p>070-630 06 51<\/p>\n<p><a href=\"alf.soderlund@rodabygden.com\">alf.soderlund@rodabygden.com<\/a><\/p>\n<p><a href=\"http:\/\/www.rodabygden.se\">http:\/\/www.rodabygden.com<\/a><\/p>\n<p>&nbsp;<\/p>","protected":false},"excerpt":{"rendered":"<p>3.5 and 7 km. Start opposite the petrol station. In addition, there is a 5 km daytime track adjacent to the electric light track called the Kamsp\u00e5ret. Contact: R\u00f6d\u00e5bygdens IK <a class=\"more-link\" href=\"https:\/\/www.landsbygdsturism.se\/en\/sport-motion-2\/elljusspar-rodasel\/\">Continue Reading \u2192<\/a><\/p>\n","protected":false},"author":2,"featured_media":0,"parent":732,"menu_order":0,"comment_status":"closed","ping_status":"closed","template":"","meta":[],"_links":{"self":[{"href":"https:\/\/www.landsbygdsturism.se\/en\/wp-json\/wp\/v2\/pages\/624"}],"collection":[{"href":"https:\/\/www.landsbygdsturism.se\/en\/wp-json\/wp\/v2\/pages"}],"about":[{"href":"https:\/\/www.landsbygdsturism.se\/en\/wp-json\/wp\/v2\/types\/page"}],"author":[{"embeddable":true,"href":"https:\/\/www.landsbygdsturism.se\/en\/wp-json\/wp\/v2\/users\/2"}],"replies":[{"embeddable":true,"href":"https:\/\/www.landsbygdsturism.se\/en\/wp-json\/wp\/v2\/comments?post=624"}],"version-history":[{"count":5,"href":"https:\/\/www.landsbygdsturism.se\/en\/wp-json\/wp\/v2\/pages\/624\/revisions"}],"predecessor-version":[{"id":1090,"href":"https:\/\/www.landsbygdsturism.se\/en\/wp-json\/wp\/v2\/pages\/624\/revisions\/1090"}],"up":[{"embeddable":true,"href":"https:\/\/www.landsbygdsturism.se\/en\/wp-json\/wp\/v2\/pages\/732"}],"wp:attachment":[{"href":"https:\/\/www.landsbygdsturism.se\/en\/wp-json\/wp\/v2\/media?parent=624"}],"curies":[{"name":"wp","href":"https:\/\/api.w.org\/{rel}","templated":true}]}}