{"id":607,"date":"2017-01-26T17:39:19","date_gmt":"2017-01-26T17:39:19","guid":{"rendered":"http:\/\/www.landsbygdsturism.se\/?page_id=607"},"modified":"2017-01-31T15:17:41","modified_gmt":"2017-01-31T15:17:41","slug":"fiske-i-vindelalven","status":"publish","type":"page","link":"https:\/\/www.landsbygdsturism.se\/en\/fiske\/fiske-i-vindelalven\/","title":{"rendered":"Fiske i Vindel\u00e4lven"},"content":{"rendered":"<h1>V\u00e4lkommen till oss!<\/h1>\n<p>R\u00f6d\u00e5bygdens Fvo uppl\u00e5ter del av Vindel\u00e4lven och R\u00f6d\u00e5n, samt ett antal sj\u00f6ar f\u00f6r fiske. I Vindel\u00e4lven har du chans att f\u00e5nga lax och i sj\u00f6arna hittar du ett bra fiske efter abborre och g\u00e4dda.<\/p>\n<p><a href=\"http:\/\/www.vindelalvsfiske.se\">http:\/\/www.vindelalvsfiske.se<\/a><\/p>\n<p><a href=\"https:\/\/www.fiskekort.se\/vindelalvsfiske\/\">https:\/\/www.fiskekort.se\/vindelalvsfiske\/<\/a><\/p>\n<p>&nbsp;<\/p>\n","protected":false},"excerpt":{"rendered":"<p>V\u00e4lkommen till oss! R\u00f6d\u00e5bygdens Fvo uppl\u00e5ter del av Vindel\u00e4lven och R\u00f6d\u00e5n, samt ett antal sj\u00f6ar f\u00f6r fiske. I Vindel\u00e4lven har du chans att f\u00e5nga lax och i sj\u00f6arna hittar du <a class=\"more-link\" href=\"https:\/\/www.landsbygdsturism.se\/en\/fiske\/fiske-i-vindelalven\/\">Continue Reading \u2192<\/a><\/p>\n","protected":false},"author":2,"featured_media":0,"parent":594,"menu_order":0,"comment_status":"closed","ping_status":"closed","template":"","meta":[],"_links":{"self":[{"href":"https:\/\/www.landsbygdsturism.se\/en\/wp-json\/wp\/v2\/pages\/607"}],"collection":[{"href":"https:\/\/www.landsbygdsturism.se\/en\/wp-json\/wp\/v2\/pages"}],"about":[{"href":"https:\/\/www.landsbygdsturism.se\/en\/wp-json\/wp\/v2\/types\/page"}],"author":[{"embeddable":true,"href":"https:\/\/www.landsbygdsturism.se\/en\/wp-json\/wp\/v2\/users\/2"}],"replies":[{"embeddable":true,"href":"https:\/\/www.landsbygdsturism.se\/en\/wp-json\/wp\/v2\/comments?post=607"}],"version-history":[{"count":3,"href":"https:\/\/www.landsbygdsturism.se\/en\/wp-json\/wp\/v2\/pages\/607\/revisions"}],"predecessor-version":[{"id":626,"href":"https:\/\/www.landsbygdsturism.se\/en\/wp-json\/wp\/v2\/pages\/607\/revisions\/626"}],"up":[{"embeddable":true,"href":"https:\/\/www.landsbygdsturism.se\/en\/wp-json\/wp\/v2\/pages\/594"}],"wp:attachment":[{"href":"https:\/\/www.landsbygdsturism.se\/en\/wp-json\/wp\/v2\/media?parent=607"}],"curies":[{"name":"wp","href":"https:\/\/api.w.org\/{rel}","templated":true}]}}