{"id":596,"date":"2017-01-26T17:13:15","date_gmt":"2017-01-26T17:13:15","guid":{"rendered":"http:\/\/www.landsbygdsturism.se\/?page_id=596"},"modified":"2023-11-08T14:40:52","modified_gmt":"2023-11-08T14:40:52","slug":"fiske-i-tavelsjon","status":"publish","type":"page","link":"https:\/\/www.landsbygdsturism.se\/en\/fiske\/fiske-i-tavelsjon\/","title":{"rendered":"Fiske i Tavelsj\u00f6n"},"content":{"rendered":"<p>Fiskekort kan k\u00f6pas p\u00e5 flera st\u00e4llen, bland annat hos Sture Edberg, L\u00e5ngviksvallen 090-61220.<\/p>\n<p>Om Du har fiskekort \u00e4r Du v\u00e4lkommen att fiska hela \u00e5ret, och h\u00e4r finns lite information fr\u00e5n Tavelsj\u00f6s fiskev\u00e5rdsomr\u00e5de<\/p>\n<p><strong>Pris p\u00e5 fiskekort under 2017<\/strong><br \/>\n\u00c5rskort 300kr (g\u00e4ller f\u00f6r hela familjen).<br \/>\nG\u00e4stkort 150kr (g\u00e4ller f\u00f6r en medf\u00f6ljande med innehavare av \u00e5rskort).<br \/>\nVeckokort 70kr.<br \/>\nDygnskort 30kr.<br \/>\nK\u00f6p g\u00e4rna fiskekortet p\u00e5 www.fiskekort.se.<\/p>\n<p>Under \u00e5ret planeras en st\u00f6rre uts\u00e4ttning av fisk, mera information om detta kommer under v\u00e5ren.<\/p>\n<p>Thomas Holmberg<\/p>\n<p>ordf\u00f6rande<\/p>\n<p>Sj\u00f6n \u00e4r ett popul\u00e4rt sommarvatten, men den bes\u00f6ks ocks\u00e5 vintertid av m\u00e5nga isfiskare.<\/p>\n<p>G\u00e4dda, abborre, sik och m\u00f6rt \u00e4r de vanligaste arterna i sj\u00f6n, men det finns ocks\u00e5 bl a lake, \u00f6ring och g\u00f6s. Den sistn\u00e4mnda inplanterades h\u00f6sten -90, ut\u00f6ver n\u00e5gra \u00e4ldre inplanteringsf\u00f6rs\u00f6k.<\/p>\n<p>I grova drag \u00e4r norra halvan av sj\u00f6n djup (stora delar \u00e4r 10 meter eller djupare) och den s\u00f6dra halvan l\u00e5nggrund (mestadels 2,5-5 meter). Genom detta str\u00e4cker, som sagt, ett str\u00e5k av djuph\u00e5lor diagonalt genom sj\u00f6n.<\/p>\n<p>Sommarfisket<\/p>\n<p>Fiskev\u00e5rdsomr\u00e5det har tagit fram en karta som medf\u00f6ljer fiskekortet, d\u00e4r djuph\u00e5lorna och grunden framg\u00e5r.<\/p>\n<p>Den som gillar att trolla\/ro drag kan t ex testa str\u00e4ckan fr\u00e5n Gran\u00f6n och norrut l\u00e4ngs Vindelnv\u00e4gen. H\u00e4r ligger h\u00e5lor p\u00e5 rad i riktning mot badplatsen vid Sundlingska G\u00e5rden. Utanf\u00f6r Signilsb\u00e4ck lutar botten brant, h\u00e4r finns ocks\u00e5 djupr\u00e5kar p\u00e5 runt 30 meters djup.<\/p>\n<p>Just utanf\u00f6r djupstr\u00e5ket ligger ett grund, kallad Tarmgrundet, d\u00e4r det kan vara v\u00e4rt att g\u00f6ra n\u00e5gra extra rundor, eller stanna upp och kasta f\u00f6r hand. Grundet ligger ca 250 meter fr\u00e5n land, mellan Signilsb\u00e4ck och Stor\u00f6n.<\/p>\n<p>Fr\u00e5n den tidigare n\u00e4mnda Gran\u00f6n str\u00e4cker h\u00e5ligheter ocks\u00e5 i andra riktningen, mot Ume\u00e5h\u00e5llet. H\u00e5lorna ligger i direkt anslutning till \u00f6arna (bl a mellan Gran\u00f6n \u2013 L\u00e5ngviken, mellan L\u00f6v\u00f6n \u2013 halv\u00f6n Kammen, l\u00e4ngs v\u00e4stra stranden p\u00e5 L\u00e5ng\u00f6n och Munkholmen, och vidare s\u00f6derut). Det kan d\u00e4rf\u00f6r vara v\u00e4rt att kryssa runt bland \u00f6arna och testa uppe p\u00e5 s\u00e5v\u00e4l flakomr\u00e5dena som h\u00e5lorna och inte minst kantzonerna.<\/p>\n<p>M\u00e5nga storg\u00e4ddor har landats under \u00e5rens lopp. F\u00f6r g\u00e4ddfiskaren \u00e4r ett tips att \u2013 ut\u00f6ver de n\u00e4mnda h\u00e5lorna \u2013 givetvis ocks\u00e5 testa invid de stora vassb\u00e4ltena l\u00e4ngs str\u00e4nderna.<\/p>\n<p>Vinsterfisket<\/p>\n<p>Vintertid \u00e4r pimpelfisket efter abborre bra i stort sett hela den isbelagda perioden. Generellt bedrivs mycket av vinterfisket l\u00e4ngs str\u00e4nderna. N\u00e4r sn\u00f6djupet \u00f6kat \u00e4r ett tips att g\u00e5 ut p\u00e5 isen vid \u2018midjan\u2019 p\u00e5 sj\u00f6n, i h\u00f6jd med Gran\u00f6n. H\u00e4r \u00e4r g\u00e5ngstr\u00e4ckan fr\u00e5n Vindelnv\u00e4gen kort. H\u00e4rifr\u00e5n n\u00e5r man ocks\u00e5 snabbt \u00f6arna i mitten av sj\u00f6n, om man k\u00e4nner f\u00f6r att testa grundomr\u00e5dena och h\u00e5lorna intill.<\/p>\n<p>Abborrens st\u00e5ndplatser varierar, s\u00e5 man kan f\u00e5 testa p\u00e5 flera olika djup innan det blir kontakt. Sent p\u00e5 vinters\u00e4songen, d\u00e5 kallt vatten rinner ned i spickor och h\u00e5l i isen, tenderar abborren att s\u00f6ka sig djupare och kan koncentreras i h\u00e5lorna.<\/p>\n<p>Ett annat vinterfisketips \u00e4r siken, s\u00e4rskilt n\u00e4r de allra f\u00f6rsta isarna lagt p\u00e5 f\u00f6rvintern. Siken tas p\u00e5 tex mormyshka, bl a i Svartviken i norra delen av sj\u00f6n, just utanf\u00f6r vassarna.<\/p>","protected":false},"excerpt":{"rendered":"<p>Fiskekort kan k\u00f6pas p\u00e5 flera st\u00e4llen, bland annat hos Sture Edberg, L\u00e5ngviksvallen 090-61220. Om Du har fiskekort \u00e4r Du v\u00e4lkommen att fiska hela \u00e5ret, och h\u00e4r finns lite information fr\u00e5n <a class=\"more-link\" href=\"https:\/\/www.landsbygdsturism.se\/en\/fiske\/fiske-i-tavelsjon\/\">Continue Reading \u2192<\/a><\/p>\n","protected":false},"author":2,"featured_media":0,"parent":594,"menu_order":0,"comment_status":"closed","ping_status":"closed","template":"","meta":[],"_links":{"self":[{"href":"https:\/\/www.landsbygdsturism.se\/en\/wp-json\/wp\/v2\/pages\/596"}],"collection":[{"href":"https:\/\/www.landsbygdsturism.se\/en\/wp-json\/wp\/v2\/pages"}],"about":[{"href":"https:\/\/www.landsbygdsturism.se\/en\/wp-json\/wp\/v2\/types\/page"}],"author":[{"embeddable":true,"href":"https:\/\/www.landsbygdsturism.se\/en\/wp-json\/wp\/v2\/users\/2"}],"replies":[{"embeddable":true,"href":"https:\/\/www.landsbygdsturism.se\/en\/wp-json\/wp\/v2\/comments?post=596"}],"version-history":[{"count":3,"href":"https:\/\/www.landsbygdsturism.se\/en\/wp-json\/wp\/v2\/pages\/596\/revisions"}],"predecessor-version":[{"id":1112,"href":"https:\/\/www.landsbygdsturism.se\/en\/wp-json\/wp\/v2\/pages\/596\/revisions\/1112"}],"up":[{"embeddable":true,"href":"https:\/\/www.landsbygdsturism.se\/en\/wp-json\/wp\/v2\/pages\/594"}],"wp:attachment":[{"href":"https:\/\/www.landsbygdsturism.se\/en\/wp-json\/wp\/v2\/media?parent=596"}],"curies":[{"name":"wp","href":"https:\/\/api.w.org\/{rel}","templated":true}]}}