{"id":210,"date":"2017-01-11T15:23:40","date_gmt":"2017-01-11T15:23:40","guid":{"rendered":"http:\/\/www.landsbygdsturism.se\/?page_id=210"},"modified":"2017-08-21T06:51:28","modified_gmt":"2017-08-21T06:51:28","slug":"middagsberget","status":"publish","type":"page","link":"https:\/\/www.landsbygdsturism.se\/en\/sport-motion-2\/middagsberget\/","title":{"rendered":"Middagsberget, V\u00e4nn\u00e4s"},"content":{"rendered":"<p>MIDDAGSBERGET V\u00c4NN\u00c4S<\/p>\n<p>\u00d6ppet L\u00f6r &amp; S\u00f6n 10:30-15:30<br \/>\nTis &amp; Tors 18:30-21:00<\/p>\n<p>B\u00e5de stora backen och familjebacken \u00e4r \u00f6ppna och upplysta. Nedfarterna \u00e4r preparerade med kanonsn\u00f6 och \u00e4r mycket fina.<\/p>\n<p>V\u00e5ran stora nyhet f\u00f6r denna s\u00e4song \u00e4r att vi byggt en ny knapplift<\/p>\n<p>\u00c4ntligen \u00a0\u00e4r den nya v\u00e4gen \u00f6ppen via V\u00e4nn\u00e4sby\/OKQ8,\u00a0v\u00e4gen \u00e4r skyltad fr\u00e5n E12 vid OKQ8 till oss.<\/p>\n<p><strong>Serveringen<\/strong><\/p>\n<p>\u00e4r \u00f6ppen under ordinarie \u00f6ppettider,\u00a00935-20345<\/p>\n<p><strong>Skiduthyrningen<\/strong><\/p>\n<p>\u00e4r \u00f6ppen L\u00f6rdagar och S\u00f6ndagar och lovdagar,\u00a010:30-15:30,\u00a0070-3143560<br \/>\nTisdagar och Torsdagar\u00a0hyr man utrustning hos 360&#8217;s butik i V\u00e4nn\u00e4s Pengsj\u00f6v\u00e4gen 9,\u00a00935-124 00<\/p>\n<p>V\u00e4lkomna!<\/p>\n<p><strong>Kontakt<\/strong><\/p>\n<p>Sunnan\u00e5 36 V\u00e4nn\u00e4s<\/p>\n<p><a href=\"info@middagsberget.se\">info@middagsberget.se<\/a><\/p>\n<p>http:\/\/www.middagsberget.se<br \/>\n<strong>Geokoordinater<\/strong><br \/>\nRT90: X: 7095292 Y: 1695715<br \/>\nWGS84: Last N63* 54&#8242; 35* Leon E 19* 47&#8242; 3<br \/>\nDecimal: 63.9090, 19.7938<\/p>\n","protected":false},"excerpt":{"rendered":"<p>MIDDAGSBERGET V\u00c4NN\u00c4S \u00d6ppet L\u00f6r &amp; S\u00f6n 10:30-15:30 Tis &amp; Tors 18:30-21:00 B\u00e5de stora backen och familjebacken \u00e4r \u00f6ppna och upplysta. Nedfarterna \u00e4r preparerade med kanonsn\u00f6 och \u00e4r mycket fina. V\u00e5ran <a class=\"more-link\" href=\"https:\/\/www.landsbygdsturism.se\/en\/sport-motion-2\/middagsberget\/\">Continue Reading \u2192<\/a><\/p>\n","protected":false},"author":2,"featured_media":0,"parent":732,"menu_order":0,"comment_status":"closed","ping_status":"closed","template":"","meta":[],"_links":{"self":[{"href":"https:\/\/www.landsbygdsturism.se\/en\/wp-json\/wp\/v2\/pages\/210"}],"collection":[{"href":"https:\/\/www.landsbygdsturism.se\/en\/wp-json\/wp\/v2\/pages"}],"about":[{"href":"https:\/\/www.landsbygdsturism.se\/en\/wp-json\/wp\/v2\/types\/page"}],"author":[{"embeddable":true,"href":"https:\/\/www.landsbygdsturism.se\/en\/wp-json\/wp\/v2\/users\/2"}],"replies":[{"embeddable":true,"href":"https:\/\/www.landsbygdsturism.se\/en\/wp-json\/wp\/v2\/comments?post=210"}],"version-history":[{"count":3,"href":"https:\/\/www.landsbygdsturism.se\/en\/wp-json\/wp\/v2\/pages\/210\/revisions"}],"predecessor-version":[{"id":336,"href":"https:\/\/www.landsbygdsturism.se\/en\/wp-json\/wp\/v2\/pages\/210\/revisions\/336"}],"up":[{"embeddable":true,"href":"https:\/\/www.landsbygdsturism.se\/en\/wp-json\/wp\/v2\/pages\/732"}],"wp:attachment":[{"href":"https:\/\/www.landsbygdsturism.se\/en\/wp-json\/wp\/v2\/media?parent=210"}],"curies":[{"name":"wp","href":"https:\/\/api.w.org\/{rel}","templated":true}]}}