{"id":206,"date":"2017-01-11T15:22:46","date_gmt":"2017-01-11T15:22:46","guid":{"rendered":"http:\/\/www.landsbygdsturism.se\/?page_id=206"},"modified":"2017-08-21T06:47:45","modified_gmt":"2017-08-21T06:47:45","slug":"buberget","status":"publish","type":"page","link":"https:\/\/www.landsbygdsturism.se\/en\/sport-motion-2\/buberget\/","title":{"rendered":"Buberget, Vindeln"},"content":{"rendered":"<p>Buberget &#8211; Vindelns traditionsrika vintersportanl\u00e4ggning. Buberget \u00e4r inte bara en utmaning f\u00f6r de tuffaste \u00e5karna, utan det finns backar f\u00f6r alla!<br \/>\nPisterna \u00e4r graderade fr\u00e5n svart (avancerad) till gr\u00f6n (nyb\u00f6rjare). Totalt finns fem nedfarter och fyra liftar varav en \u00e4r en barn-\/ knapplift.<\/p>\n<p>H\u00e4r finner du \u00e4ven vintercamping f\u00f6r husvagnar, stor parkering, skiduthyrning och servering i den gemytliga storstugan.<\/p>\n<p>S\u00e4songens l\u00e4ngd varierar beroende av sn\u00f6tillg\u00e5ngen.<\/p>\n<p><strong>Kontakt<\/strong><\/p>\n<p>Bubergsg\u00e5rden<\/p>\n<p>Biberget 700<\/p>\n<p>922 32 Vindeln<\/p>\n<p>072-717 71 00<\/p>\n<p><a href=\"http:\/\/www.bubergsgarden.nu\">http:\/\/www.bubergsgarden.nu<\/a><\/p>\n<p>&nbsp;<\/p>\n<p>&nbsp;<\/p>\n","protected":false},"excerpt":{"rendered":"<p>Buberget &#8211; Vindelns traditionsrika vintersportanl\u00e4ggning. Buberget \u00e4r inte bara en utmaning f\u00f6r de tuffaste \u00e5karna, utan det finns backar f\u00f6r alla! Pisterna \u00e4r graderade fr\u00e5n svart (avancerad) till gr\u00f6n (nyb\u00f6rjare). <a class=\"more-link\" href=\"https:\/\/www.landsbygdsturism.se\/en\/sport-motion-2\/buberget\/\">Continue Reading \u2192<\/a><\/p>\n","protected":false},"author":2,"featured_media":0,"parent":732,"menu_order":0,"comment_status":"closed","ping_status":"closed","template":"","meta":[],"_links":{"self":[{"href":"https:\/\/www.landsbygdsturism.se\/en\/wp-json\/wp\/v2\/pages\/206"}],"collection":[{"href":"https:\/\/www.landsbygdsturism.se\/en\/wp-json\/wp\/v2\/pages"}],"about":[{"href":"https:\/\/www.landsbygdsturism.se\/en\/wp-json\/wp\/v2\/types\/page"}],"author":[{"embeddable":true,"href":"https:\/\/www.landsbygdsturism.se\/en\/wp-json\/wp\/v2\/users\/2"}],"replies":[{"embeddable":true,"href":"https:\/\/www.landsbygdsturism.se\/en\/wp-json\/wp\/v2\/comments?post=206"}],"version-history":[{"count":5,"href":"https:\/\/www.landsbygdsturism.se\/en\/wp-json\/wp\/v2\/pages\/206\/revisions"}],"predecessor-version":[{"id":511,"href":"https:\/\/www.landsbygdsturism.se\/en\/wp-json\/wp\/v2\/pages\/206\/revisions\/511"}],"up":[{"embeddable":true,"href":"https:\/\/www.landsbygdsturism.se\/en\/wp-json\/wp\/v2\/pages\/732"}],"wp:attachment":[{"href":"https:\/\/www.landsbygdsturism.se\/en\/wp-json\/wp\/v2\/media?parent=206"}],"curies":[{"name":"wp","href":"https:\/\/api.w.org\/{rel}","templated":true}]}}