{"id":204,"date":"2017-01-11T14:50:14","date_gmt":"2017-01-11T14:50:14","guid":{"rendered":"http:\/\/www.landsbygdsturism.se\/?page_id=204"},"modified":"2017-08-21T06:45:28","modified_gmt":"2017-08-21T06:45:28","slug":"agnasbacken","status":"publish","type":"page","link":"https:\/\/www.landsbygdsturism.se\/en\/sport-motion-2\/agnasbacken\/","title":{"rendered":"Agn\u00e4sbacken, Agn\u00e4s"},"content":{"rendered":"<p><img decoding=\"async\" loading=\"lazy\" class=\"alignnone size-medium wp-image-321 aligncenter\" src=\"http:\/\/www.landsbygdsturism.se\/wp-content\/uploads\/2017\/01\/Agnasbacken-umea-vasterbotten-33-300x173.jpg\" alt=\"\" width=\"300\" height=\"173\" srcset=\"https:\/\/www.landsbygdsturism.se\/wp-content\/uploads\/2017\/01\/Agnasbacken-umea-vasterbotten-33-300x173.jpg 300w, https:\/\/www.landsbygdsturism.se\/wp-content\/uploads\/2017\/01\/Agnasbacken-umea-vasterbotten-33-150x86.jpg 150w, https:\/\/www.landsbygdsturism.se\/wp-content\/uploads\/2017\/01\/Agnasbacken-umea-vasterbotten-33.jpg 640w\" sizes=\"(max-width: 300px) 100vw, 300px\" \/><\/p>\n<p><b>V\u00e4lkommen till <\/b><b>Agn\u00e4sbacken<\/b><b>!<\/b><\/p>\n<p>Vi har backar som passar alla \u00e5kare. H\u00e4r finns tre liftar, tv\u00e5 ankarliftar med fallh\u00f6jd p\u00e5 ca 175 meter samt en knapplift i barnbacken och ett tiotal backar som passar f\u00f6r alla, fr\u00e5n de barn och nyb\u00f6rjare till backar f\u00f6r erfarna \u00e5kare.<br \/>\nF\u00f6r den som inte vill \u00e5ka utf\u00f6r finns \u00e4ven l\u00e4ngdskidsp\u00e5r, samt ett barnomr\u00e5de med bra m\u00f6jligheter att \u00e5ka pulka, leka och grilla korv. Du kan ocks\u00e5 k\u00f6pa n\u00e5got gott att \u00e4ta i v\u00e5r servering.<\/p>\n<p>Unikt f\u00f6r Agn\u00e4sbacken \u00e4r Klangv\u00e4gen, delar av klangv\u00e4gen g\u00e5r att uppt\u00e4cka \u00e4ven vintertid d\u00e5 flera av klangkonstverken ligger i skidbacken.<\/p>\n<p><strong>Kontakt<\/strong><\/p>\n<p>Nya Agn\u00e4sbacken AB<\/p>\n<p>Agn\u00e4s<\/p>\n<p>916 91 Bjurholm<\/p>\n<p>0932-400 04<\/p>\n<p><a href=\"info@agnasbacken.se\">info@agnasbacken.se<\/a><\/p>\n<p><a href=\"http:\/\/www.agnasbacken.se\">http:\/\/www.agnasbacken.se<\/a><\/p>\n<p>&nbsp;<\/p>\n","protected":false},"excerpt":{"rendered":"<p>V\u00e4lkommen till Agn\u00e4sbacken! Vi har backar som passar alla \u00e5kare. H\u00e4r finns tre liftar, tv\u00e5 ankarliftar med fallh\u00f6jd p\u00e5 ca 175 meter samt en knapplift i barnbacken och ett tiotal <a class=\"more-link\" href=\"https:\/\/www.landsbygdsturism.se\/en\/sport-motion-2\/agnasbacken\/\">Continue Reading \u2192<\/a><\/p>\n","protected":false},"author":2,"featured_media":0,"parent":732,"menu_order":0,"comment_status":"closed","ping_status":"closed","template":"","meta":[],"_links":{"self":[{"href":"https:\/\/www.landsbygdsturism.se\/en\/wp-json\/wp\/v2\/pages\/204"}],"collection":[{"href":"https:\/\/www.landsbygdsturism.se\/en\/wp-json\/wp\/v2\/pages"}],"about":[{"href":"https:\/\/www.landsbygdsturism.se\/en\/wp-json\/wp\/v2\/types\/page"}],"author":[{"embeddable":true,"href":"https:\/\/www.landsbygdsturism.se\/en\/wp-json\/wp\/v2\/users\/2"}],"replies":[{"embeddable":true,"href":"https:\/\/www.landsbygdsturism.se\/en\/wp-json\/wp\/v2\/comments?post=204"}],"version-history":[{"count":4,"href":"https:\/\/www.landsbygdsturism.se\/en\/wp-json\/wp\/v2\/pages\/204\/revisions"}],"predecessor-version":[{"id":323,"href":"https:\/\/www.landsbygdsturism.se\/en\/wp-json\/wp\/v2\/pages\/204\/revisions\/323"}],"up":[{"embeddable":true,"href":"https:\/\/www.landsbygdsturism.se\/en\/wp-json\/wp\/v2\/pages\/732"}],"wp:attachment":[{"href":"https:\/\/www.landsbygdsturism.se\/en\/wp-json\/wp\/v2\/media?parent=204"}],"curies":[{"name":"wp","href":"https:\/\/api.w.org\/{rel}","templated":true}]}}