{"id":200,"date":"2017-01-11T14:48:50","date_gmt":"2017-01-11T14:48:50","guid":{"rendered":"http:\/\/www.landsbygdsturism.se\/?page_id=200"},"modified":"2017-01-20T13:02:24","modified_gmt":"2017-01-20T13:02:24","slug":"tavelsjoleden","status":"publish","type":"page","link":"https:\/\/www.landsbygdsturism.se\/en\/vandringsleder\/tavelsjoleden\/","title":{"rendered":"Tavelsj\u00f6leden"},"content":{"rendered":"<p>F\u00f6lj inlandsisens sp\u00e5r upp till H\u00f6gsta Kustlinjen! Du startar vid Regementet, forts\u00e4tter \u00e4nda till Tavelsj\u00f6berget och Torrberget med anknytning till Vindel\u00e4lven och Vindel\u00e4lvsleden. Leden \u00e4r 39 km.<br \/>\nLeden bjuder p\u00e5 m\u00e5nga naturupplevelser som tallmor, b\u00e4ckar och sj\u00f6ar, ovanliga blommor, grottor och h\u00f6ga berg med fantastiska utsikter. Tavelsj\u00f6bergets h\u00f6gsta topp n\u00e5r 284 m \u00f6ver havet &#8211; en av de h\u00f6gsta punkterna i Ume\u00e5 Kommun. Bes\u00f6k \u00e4ven utsiktstornet p\u00e5 Vallberget, ett berg som passar v\u00e4l ocks\u00e5 f\u00f6r bergskl\u00e4ttring. \u00c4ven Tavelsj\u00f6berget och Torrberget erbjuder fantastik utsikt.<\/p>\n<p>L\u00e4ngs leden finns s\u00e4llsynta blommor som fj\u00e4lltolta och fj\u00e4llnejlika. Det \u00e4r l\u00e4tt att hitta i terr\u00e4ngen med hj\u00e4lp av markerade leder. H\u00e4r finns m\u00e5nga f\u00e4rdiga rastplatser. Leden \u00e4r vandringsbar under sn\u00f6fri s\u00e4song.<\/p>\n<p>Torrbergsstugan finns att hyra privat. Fullt utrustat k\u00f6k, plats f\u00f6r ca 25 st \u00f6vernattande. Ved och fotogenlampor finns. Stugan har ej el eller vatten. Preparerade skid- och skotersp\u00e5r fr\u00e5n p-plats nedanf\u00f6r Tavelsj\u00f6berget. N\u00e4r stugan \u00e4r \u00f6ppen finns servering! S\u00e4songens l\u00e4ngd \u00e4r beroende av hur sn\u00f6tillg\u00e5ngen ser ut! Torrbergsstugan hyrs ut via Tavelsj\u00f6 Skoterklubb. Vid uthyrning av stugan s\u00e5 kontakta: Carina Sandgren 070-2583021.<\/p>\n<p>Hamptj\u00e4rnsstugan n\u00e5gra kilometer fr\u00e5n regementet g\u00e5r att hyra b\u00e5de kv\u00e4llstid, heldag men \u00e4ven uthyrning mot timdebitering, via Friluftsfr\u00e4mjandet. Kontakta H\u00e5kan Sandstr\u00f6m f\u00f6r information och bokning, tel: 070-2428132.<\/p>\n","protected":false},"excerpt":{"rendered":"<p>F\u00f6lj inlandsisens sp\u00e5r upp till H\u00f6gsta Kustlinjen! Du startar vid Regementet, forts\u00e4tter \u00e4nda till Tavelsj\u00f6berget och Torrberget med anknytning till Vindel\u00e4lven och Vindel\u00e4lvsleden. Leden \u00e4r 39 km. Leden bjuder p\u00e5 <a class=\"more-link\" href=\"https:\/\/www.landsbygdsturism.se\/en\/vandringsleder\/tavelsjoleden\/\">Continue Reading \u2192<\/a><\/p>\n","protected":false},"author":2,"featured_media":0,"parent":184,"menu_order":0,"comment_status":"closed","ping_status":"closed","template":"","meta":[],"_links":{"self":[{"href":"https:\/\/www.landsbygdsturism.se\/en\/wp-json\/wp\/v2\/pages\/200"}],"collection":[{"href":"https:\/\/www.landsbygdsturism.se\/en\/wp-json\/wp\/v2\/pages"}],"about":[{"href":"https:\/\/www.landsbygdsturism.se\/en\/wp-json\/wp\/v2\/types\/page"}],"author":[{"embeddable":true,"href":"https:\/\/www.landsbygdsturism.se\/en\/wp-json\/wp\/v2\/users\/2"}],"replies":[{"embeddable":true,"href":"https:\/\/www.landsbygdsturism.se\/en\/wp-json\/wp\/v2\/comments?post=200"}],"version-history":[{"count":2,"href":"https:\/\/www.landsbygdsturism.se\/en\/wp-json\/wp\/v2\/pages\/200\/revisions"}],"predecessor-version":[{"id":510,"href":"https:\/\/www.landsbygdsturism.se\/en\/wp-json\/wp\/v2\/pages\/200\/revisions\/510"}],"up":[{"embeddable":true,"href":"https:\/\/www.landsbygdsturism.se\/en\/wp-json\/wp\/v2\/pages\/184"}],"wp:attachment":[{"href":"https:\/\/www.landsbygdsturism.se\/en\/wp-json\/wp\/v2\/media?parent=200"}],"curies":[{"name":"wp","href":"https:\/\/api.w.org\/{rel}","templated":true}]}}