{"id":198,"date":"2017-01-11T14:48:13","date_gmt":"2017-01-11T14:48:13","guid":{"rendered":"http:\/\/www.landsbygdsturism.se\/?page_id=198"},"modified":"2017-01-20T12:54:03","modified_gmt":"2017-01-20T12:54:03","slug":"tavelsjo-runt","status":"publish","type":"page","link":"https:\/\/www.landsbygdsturism.se\/en\/vandringsleder\/tavelsjo-runt\/","title":{"rendered":"Tavelsj\u00f6n Runt"},"content":{"rendered":"<h3>G\u00e5, cykla eller rida runt Tavelsj\u00f6n<\/h3>\n<p>Tavelsj\u00f6n Runt \u00e4r ben\u00e4mningen p\u00e5 en led som g\u00f6r det m\u00f6jligt att g\u00e5, cykla eller rida runt sj\u00f6n i huvudsak utan att beh\u00f6va vistas allm\u00e4n v\u00e4g. Projektet startade h\u00f6sten 2010 och invigdes h\u00f6sten 2012 av SVT:s nyhetsankare Katarina Sandstr\u00f6m, b\u00f6rdig fr\u00e5n Tavelsj\u00f6, trots att vissa str\u00e4ckor d\u00e5 \u00e5terstod att \u00e5tg\u00e4rda.<\/p>\n<p>Str\u00e4ckan runt sj\u00f6n \u00e4r drygt 20 km och lika l\u00e5ng som en halvmara, vilket inspirerade Tavelsj\u00f6 AIK att veckan efter invigningen arrangera en halvmara godk\u00e4nd av Riksidrottsf\u00f6rbundet som officiell t\u00e4vling. Tavelsj\u00f6 Halvmaraton har blivit en veritabel succ\u00e9 som f\u00f6rsta \u00e5ret lockade 350 t\u00e4vlande och \u00e5ret d\u00e4rp\u00e5 hela 740 t\u00e4vlande.<\/p>\n<p>Leden har blivit allm\u00e4nt k\u00e4nd och uppskattad. Genom att leden \u00e4r en slinga runt sj\u00f6n kan man starta och avsluta p\u00e5 samma plats, vilket underl\u00e4ttar till- och fr\u00e5ntransporter. Leden \u00e4r i f\u00f6rsta hand t\u00e4nkt f\u00f6r vandring, men \u00e4r ocks\u00e5 bekv\u00e4m att cykla med standardcykel. Leden \u00e4r \u00e4ven \u00f6ppen f\u00f6r ridning. Stora delar av leden erbjuder \u00e4ven m\u00f6jligheter f\u00f6r rullstolsburna att bes\u00f6ka omr\u00e5det. Leden har naturlig anknytning till den popul\u00e4ra \u201dTavelsj\u00f6leden\u201d, en annan vandringsled som str\u00e4cker sig fr\u00e5n Ume\u00e5 till Vindel\u00e4lven \u00f6ver bl. a. Tavelsj\u00f6berget.<\/p>\n<p>Efter leden finns ett antal rastst\u00e4llen samt skyltar som ber\u00e4ttar om byarna och naturen runt sj\u00f6n. Informationen har tagits fram i samarbete med byborna.<\/p>\n<p>F\u00f6r ytterligare information kontakta:<br \/>\nRolf Appelblad, projektledare, 070-681 35 71<\/p>\n","protected":false},"excerpt":{"rendered":"<p>G\u00e5, cykla eller rida runt Tavelsj\u00f6n Tavelsj\u00f6n Runt \u00e4r ben\u00e4mningen p\u00e5 en led som g\u00f6r det m\u00f6jligt att g\u00e5, cykla eller rida runt sj\u00f6n i huvudsak utan att beh\u00f6va vistas <a class=\"more-link\" href=\"https:\/\/www.landsbygdsturism.se\/en\/vandringsleder\/tavelsjo-runt\/\">Continue Reading \u2192<\/a><\/p>\n","protected":false},"author":2,"featured_media":0,"parent":184,"menu_order":0,"comment_status":"closed","ping_status":"closed","template":"","meta":[],"_links":{"self":[{"href":"https:\/\/www.landsbygdsturism.se\/en\/wp-json\/wp\/v2\/pages\/198"}],"collection":[{"href":"https:\/\/www.landsbygdsturism.se\/en\/wp-json\/wp\/v2\/pages"}],"about":[{"href":"https:\/\/www.landsbygdsturism.se\/en\/wp-json\/wp\/v2\/types\/page"}],"author":[{"embeddable":true,"href":"https:\/\/www.landsbygdsturism.se\/en\/wp-json\/wp\/v2\/users\/2"}],"replies":[{"embeddable":true,"href":"https:\/\/www.landsbygdsturism.se\/en\/wp-json\/wp\/v2\/comments?post=198"}],"version-history":[{"count":3,"href":"https:\/\/www.landsbygdsturism.se\/en\/wp-json\/wp\/v2\/pages\/198\/revisions"}],"predecessor-version":[{"id":508,"href":"https:\/\/www.landsbygdsturism.se\/en\/wp-json\/wp\/v2\/pages\/198\/revisions\/508"}],"up":[{"embeddable":true,"href":"https:\/\/www.landsbygdsturism.se\/en\/wp-json\/wp\/v2\/pages\/184"}],"wp:attachment":[{"href":"https:\/\/www.landsbygdsturism.se\/en\/wp-json\/wp\/v2\/media?parent=198"}],"curies":[{"name":"wp","href":"https:\/\/api.w.org\/{rel}","templated":true}]}}