{"id":194,"date":"2017-01-11T14:44:55","date_gmt":"2017-01-11T14:44:55","guid":{"rendered":"http:\/\/www.landsbygdsturism.se\/?page_id=194"},"modified":"2018-04-12T10:36:42","modified_gmt":"2018-04-12T10:36:42","slug":"huslakarnas-halsocentral","status":"publish","type":"page","link":"https:\/\/www.landsbygdsturism.se\/en\/service\/huslakarnas-halsocentral\/","title":{"rendered":"Husl\u00e4karnas H\u00e4lsocentral, Tavelsj\u00f6"},"content":{"rendered":"<p><strong>Welcome to our new branch office in Tavelsj\u00f6, which was opened April 1, 2014.<\/strong><\/p>\n<p>The main activities of GPs are intended for reception in Ume\u00e5, but the aim is to promote a good and sustainable health care in rural areas. In the past, the district nursing reception helped to create security in many smaller places &#8211; today most people are abandoned.<\/p>\n<p>The doctors wish by their initiative to reverse the trend and promote good health care, especially for the elderly and the multivitamins, and to ensure that they live in the countryside.<\/p>\n<p>Our goal is to ex post evaluate the needs of the community in healthcare. We start offering district nursing efforts three days a week &#8211; Tuesday to Thursday at 9-15.<\/p>\n<p>We therefore hope that this will be part of the development of Tavelsj\u00f6bygden &#8211; emphasizing the importance of good health care and preventive health promotion efforts.<\/p>\n<p><strong>Hours<\/strong><br \/>\nTuesday &#8211; Thursday 9.00-15.00<br \/>\nLunch closed from 12:00 to 13:00<\/p>\n<p><strong>Telephone hours<\/strong><br \/>\nTuesday and Wednesday at 08.15-09.00<br \/>\n090-785 76 30<br \/>\n(other times we answer when we can)<\/p>\n<p><strong>Open district nursing habits<\/strong><br \/>\nTuesday &#8211; Thursday 9.00-10.00<\/p>\n<p><strong>Drop-in sampling for prescribed blood samples<\/strong><br \/>\nTuesday and Thursday from 09:00 to 10:00<\/p>\n<p><strong>Contact<\/strong><br \/>\nStrandv\u00e4gen 31<br \/>\n922 62 Tavelsj\u00f6<br \/>\n090-785 93 88<\/p>\n<p><a href=\"http:\/\/www.huslakarna-umea.se\">www.huslakarna-umea.se<\/a><\/p>\n<p><b>Geokoordinater<\/b><\/p>\n<p>Lat. 64.0369, Long. 20.0523<\/p>","protected":false},"excerpt":{"rendered":"<p>Welcome to our new branch office in Tavelsj\u00f6, which was opened April 1, 2014. The main activities of GPs are intended for reception in Ume\u00e5, but the aim is to <a class=\"more-link\" href=\"https:\/\/www.landsbygdsturism.se\/en\/service\/huslakarnas-halsocentral\/\">Continue Reading \u2192<\/a><\/p>\n","protected":false},"author":2,"featured_media":0,"parent":180,"menu_order":0,"comment_status":"closed","ping_status":"closed","template":"","meta":[],"_links":{"self":[{"href":"https:\/\/www.landsbygdsturism.se\/en\/wp-json\/wp\/v2\/pages\/194"}],"collection":[{"href":"https:\/\/www.landsbygdsturism.se\/en\/wp-json\/wp\/v2\/pages"}],"about":[{"href":"https:\/\/www.landsbygdsturism.se\/en\/wp-json\/wp\/v2\/types\/page"}],"author":[{"embeddable":true,"href":"https:\/\/www.landsbygdsturism.se\/en\/wp-json\/wp\/v2\/users\/2"}],"replies":[{"embeddable":true,"href":"https:\/\/www.landsbygdsturism.se\/en\/wp-json\/wp\/v2\/comments?post=194"}],"version-history":[{"count":7,"href":"https:\/\/www.landsbygdsturism.se\/en\/wp-json\/wp\/v2\/pages\/194\/revisions"}],"predecessor-version":[{"id":995,"href":"https:\/\/www.landsbygdsturism.se\/en\/wp-json\/wp\/v2\/pages\/194\/revisions\/995"}],"up":[{"embeddable":true,"href":"https:\/\/www.landsbygdsturism.se\/en\/wp-json\/wp\/v2\/pages\/180"}],"wp:attachment":[{"href":"https:\/\/www.landsbygdsturism.se\/en\/wp-json\/wp\/v2\/media?parent=194"}],"curies":[{"name":"wp","href":"https:\/\/api.w.org\/{rel}","templated":true}]}}