{"id":91,"date":"2017-01-11T11:31:48","date_gmt":"2017-01-11T11:31:48","guid":{"rendered":"http:\/\/www.landsbygdsturism.se\/?page_id=91"},"modified":"2018-04-11T14:27:03","modified_gmt":"2018-04-11T14:27:03","slug":"nickelbo-gard","status":"publish","type":"page","link":"https:\/\/www.landsbygdsturism.se\/de\/besoksmal\/nickelbo-gard\/","title":{"rendered":"Mickelbo G\u00e5rd, Mickelstr\u00e4sk"},"content":{"rendered":"<p><img decoding=\"async\" loading=\"lazy\" class=\"alignnone wp-image-671\" src=\"http:\/\/www.landsbygdsturism.se\/wp-content\/uploads\/2017\/01\/Sommarkamel-225x300.jpg\" alt=\"\" width=\"329\" height=\"438\" srcset=\"https:\/\/www.landsbygdsturism.se\/wp-content\/uploads\/2017\/01\/Sommarkamel-225x300.jpg 225w, https:\/\/www.landsbygdsturism.se\/wp-content\/uploads\/2017\/01\/Sommarkamel-113x150.jpg 113w, https:\/\/www.landsbygdsturism.se\/wp-content\/uploads\/2017\/01\/Sommarkamel.jpg 720w\" sizes=\"(max-width: 329px) 100vw, 329px\" \/><\/p>\n<p>Auf der Mickelbo Farm, etwa 4 Meilen n\u00f6rdlich von Ume\u00e5, befindet sich die Kombination aus einem lebhaften Bauernhof und einem kleinen Zoo mit einem Caf\u00e9 und einem Hofladen. Im Minipark k\u00f6nnen Sie sich treffen und vielen Nutztieren sehr nahe kommen. Wir verwenden Cafes lokale Produkte ohne unn\u00f6tige Zus\u00e4tze so weit wie m\u00f6glich und servieren Hausbackwaren, aber auch Lebensmittel in Form von Waffeln und Hamburgern aus Bauernfleisch.<\/p>\n<p>Wir haben auch H\u00fctten f\u00fcr Vermietung, Tiershows, Aktivit\u00e4ten usw.<\/p>\n<p>Im Hof \u200b\u200bgibt es viele gro\u00dfe und kleine Tiere, darunter Kamele, aber auch Linder\u00f6ds, Schweine, Pferde, Kaninchen und anderes Gefl\u00fcgel.<\/p>\n<p><strong>Stecker<\/strong><br \/>\nMickelstr\u00e4sk 35<br \/>\n922 67 Tavelsj\u00f6<br \/>\n070-318 43 38<\/p>\n<p><a href=\"mickelbogard@mickelbo.se\">mickelbogard@mickelbo.se<\/a><br \/>\n<a href=\"http:\/\/www.mickelbo.se\">www.mickelbo.se<\/a><\/p>\n<p>&nbsp;<\/p>","protected":false},"excerpt":{"rendered":"<p>Auf der Mickelbo Farm, etwa 4 Meilen n\u00f6rdlich von Ume\u00e5, befindet sich die Kombination aus einem lebhaften Bauernhof und einem kleinen Zoo mit einem Caf\u00e9 und einem Hofladen. Im Minipark <a class=\"more-link\" href=\"https:\/\/www.landsbygdsturism.se\/de\/besoksmal\/nickelbo-gard\/\">Continue Reading \u2192<\/a><\/p>\n","protected":false},"author":2,"featured_media":0,"parent":94,"menu_order":0,"comment_status":"closed","ping_status":"closed","template":"","meta":[],"_links":{"self":[{"href":"https:\/\/www.landsbygdsturism.se\/de\/wp-json\/wp\/v2\/pages\/91"}],"collection":[{"href":"https:\/\/www.landsbygdsturism.se\/de\/wp-json\/wp\/v2\/pages"}],"about":[{"href":"https:\/\/www.landsbygdsturism.se\/de\/wp-json\/wp\/v2\/types\/page"}],"author":[{"embeddable":true,"href":"https:\/\/www.landsbygdsturism.se\/de\/wp-json\/wp\/v2\/users\/2"}],"replies":[{"embeddable":true,"href":"https:\/\/www.landsbygdsturism.se\/de\/wp-json\/wp\/v2\/comments?post=91"}],"version-history":[{"count":17,"href":"https:\/\/www.landsbygdsturism.se\/de\/wp-json\/wp\/v2\/pages\/91\/revisions"}],"predecessor-version":[{"id":938,"href":"https:\/\/www.landsbygdsturism.se\/de\/wp-json\/wp\/v2\/pages\/91\/revisions\/938"}],"up":[{"embeddable":true,"href":"https:\/\/www.landsbygdsturism.se\/de\/wp-json\/wp\/v2\/pages\/94"}],"wp:attachment":[{"href":"https:\/\/www.landsbygdsturism.se\/de\/wp-json\/wp\/v2\/media?parent=91"}],"curies":[{"name":"wp","href":"https:\/\/api.w.org\/{rel}","templated":true}]}}