{"id":629,"date":"2017-02-02T15:24:54","date_gmt":"2017-02-02T15:24:54","guid":{"rendered":"http:\/\/www.landsbygdsturism.se\/?page_id=629"},"modified":"2023-02-16T09:39:29","modified_gmt":"2023-02-16T09:39:29","slug":"stallplats-husbilar","status":"publish","type":"page","link":"https:\/\/www.landsbygdsturism.se\/de\/service\/stallplats-husbilar\/","title":{"rendered":"Stellplatz Tavelsj\u00f6"},"content":{"rendered":"<p><img decoding=\"async\" loading=\"lazy\" class=\"alignnone wp-image-630\" src=\"http:\/\/www.landsbygdsturism.se\/wp-content\/uploads\/2017\/02\/st\u00e4llplats-Tavelsj\u00f6-fr-225x300.jpg\" alt=\"\" width=\"264\" height=\"352\" srcset=\"https:\/\/www.landsbygdsturism.se\/wp-content\/uploads\/2017\/02\/st\u00e4llplats-Tavelsj\u00f6-fr-225x300.jpg 225w, https:\/\/www.landsbygdsturism.se\/wp-content\/uploads\/2017\/02\/st\u00e4llplats-Tavelsj\u00f6-fr-113x150.jpg 113w, https:\/\/www.landsbygdsturism.se\/wp-content\/uploads\/2017\/02\/st\u00e4llplats-Tavelsj\u00f6-fr.jpg 720w\" sizes=\"(max-width: 264px) 100vw, 264px\" \/><\/p>\n<p>Am Tavelsj\u00f6n mit Badem\u00f6glichkeiten, 4-6 Pl\u00e4tze, Boden: Gras \/ Kies. Ume\u00e5 28 km, Vindeln 30 km, V\u00e4nn\u00e4s 35 km.<\/p>\n<p><strong>Wegbeschreibung:<\/strong> Von Ume\u00e5 Stra\u00dfe 363 25 km, Signed Stra\u00dfe 637 2 km, Skyltat Strandv\u00e4gen 380 m Adresse: Strandv\u00e4gen 23 922 63 Tavelsj\u00f6<\/p>\n<p id=\"tw-target-text\" class=\"tw-data-text tw-ta tw-text-small\" dir=\"ltr\" data-placeholder=\"\u00d6vers\u00e4ttning\"><span lang=\"de\"><strong>Wohnwagen erlaubt:<\/strong> Nein. El: Nein (p\u00fcnktlich). Frischwasser: Ja. Seifenspender: Ja Fettablass: Nein Abschlie\u00dfende Beurteilung: Nein (1 km). WC: Nein (p\u00fcnktlich). Wifi: Verf\u00fcgbar im W\u00e4rdshuset, freier Zugang. Grill: Ja. Behinderten-WC: Nein (p\u00fcnktlich).<\/span><\/p>\n<p><strong>Kosten:<\/strong> 0 SEK<\/p>\n<p><strong>Willkommen in einer gastfreundlichen Landschaft.<\/strong><\/p>\n<p>Tavelsj\u00f6 W\u00e4rdshus 250 m<br \/>\nSundlingska G\u00e5rden, Kaffee o Bad 2,5 km<br \/>\nICA Matboa 150 m<br \/>\nRad- und Wanderweg in Meereslage<br \/>\nTavelsj\u00f6n Runt das Schild, 10 m, Minigolf 2,5 km<br \/>\nMinidjurpark Mickelbo G\u00e5rd 18 km<br \/>\nAngeln<br \/>\nFernkurs im Winter.<\/p>\n<p><strong>Kontakt:<\/strong> P-G Olofsson 070-658 9010<br \/>\n<a href=\"p-g.olofsson@tavelsjo.se\">p-g.olofsson@tavelsjo.se<\/a><\/p>\n<p>GPS-koordinater: WGS84. 64.0371, 20.0579<\/p>\n<p><img decoding=\"async\" loading=\"lazy\" class=\"alignnone  wp-image-631\" src=\"http:\/\/www.landsbygdsturism.se\/wp-content\/uploads\/2017\/02\/St\u00e4llplats-Tavelsj\u00f6-300x225.jpg\" alt=\"\" width=\"394\" height=\"295\" srcset=\"https:\/\/www.landsbygdsturism.se\/wp-content\/uploads\/2017\/02\/St\u00e4llplats-Tavelsj\u00f6-300x225.jpg 300w, https:\/\/www.landsbygdsturism.se\/wp-content\/uploads\/2017\/02\/St\u00e4llplats-Tavelsj\u00f6-150x113.jpg 150w, https:\/\/www.landsbygdsturism.se\/wp-content\/uploads\/2017\/02\/St\u00e4llplats-Tavelsj\u00f6-768x576.jpg 768w, https:\/\/www.landsbygdsturism.se\/wp-content\/uploads\/2017\/02\/St\u00e4llplats-Tavelsj\u00f6-1024x768.jpg 1024w, https:\/\/www.landsbygdsturism.se\/wp-content\/uploads\/2017\/02\/St\u00e4llplats-Tavelsj\u00f6.jpg 2048w\" sizes=\"(max-width: 394px) 100vw, 394px\" \/><img decoding=\"async\" loading=\"lazy\" class=\"size-medium wp-image-632 alignright\" src=\"http:\/\/www.landsbygdsturism.se\/wp-content\/uploads\/2017\/02\/St\u00e4llplats-Tavelsj\u00f6-vinter-225x300.jpg\" alt=\"\" width=\"225\" height=\"300\" srcset=\"https:\/\/www.landsbygdsturism.se\/wp-content\/uploads\/2017\/02\/St\u00e4llplats-Tavelsj\u00f6-vinter-225x300.jpg 225w, https:\/\/www.landsbygdsturism.se\/wp-content\/uploads\/2017\/02\/St\u00e4llplats-Tavelsj\u00f6-vinter-113x150.jpg 113w, https:\/\/www.landsbygdsturism.se\/wp-content\/uploads\/2017\/02\/St\u00e4llplats-Tavelsj\u00f6-vinter.jpg 720w\" sizes=\"(max-width: 225px) 100vw, 225px\" \/><\/p>","protected":false},"excerpt":{"rendered":"<p>Am Tavelsj\u00f6n mit Badem\u00f6glichkeiten, 4-6 Pl\u00e4tze, Boden: Gras \/ Kies. Ume\u00e5 28 km, Vindeln 30 km, V\u00e4nn\u00e4s 35 km. Wegbeschreibung: Von Ume\u00e5 Stra\u00dfe 363 25 km, Signed Stra\u00dfe 637 2 <a class=\"more-link\" href=\"https:\/\/www.landsbygdsturism.se\/de\/service\/stallplats-husbilar\/\">Continue Reading \u2192<\/a><\/p>\n","protected":false},"author":2,"featured_media":0,"parent":180,"menu_order":0,"comment_status":"closed","ping_status":"closed","template":"","meta":[],"_links":{"self":[{"href":"https:\/\/www.landsbygdsturism.se\/de\/wp-json\/wp\/v2\/pages\/629"}],"collection":[{"href":"https:\/\/www.landsbygdsturism.se\/de\/wp-json\/wp\/v2\/pages"}],"about":[{"href":"https:\/\/www.landsbygdsturism.se\/de\/wp-json\/wp\/v2\/types\/page"}],"author":[{"embeddable":true,"href":"https:\/\/www.landsbygdsturism.se\/de\/wp-json\/wp\/v2\/users\/2"}],"replies":[{"embeddable":true,"href":"https:\/\/www.landsbygdsturism.se\/de\/wp-json\/wp\/v2\/comments?post=629"}],"version-history":[{"count":15,"href":"https:\/\/www.landsbygdsturism.se\/de\/wp-json\/wp\/v2\/pages\/629\/revisions"}],"predecessor-version":[{"id":1085,"href":"https:\/\/www.landsbygdsturism.se\/de\/wp-json\/wp\/v2\/pages\/629\/revisions\/1085"}],"up":[{"embeddable":true,"href":"https:\/\/www.landsbygdsturism.se\/de\/wp-json\/wp\/v2\/pages\/180"}],"wp:attachment":[{"href":"https:\/\/www.landsbygdsturism.se\/de\/wp-json\/wp\/v2\/media?parent=629"}],"curies":[{"name":"wp","href":"https:\/\/api.w.org\/{rel}","templated":true}]}}