{"id":308,"date":"2017-01-13T07:22:39","date_gmt":"2017-01-13T07:22:39","guid":{"rendered":"http:\/\/www.landsbygdsturism.se\/?page_id=308"},"modified":"2017-01-13T07:23:23","modified_gmt":"2017-01-13T07:23:23","slug":"selsknosen-selet","status":"publish","type":"page","link":"https:\/\/www.landsbygdsturism.se\/de\/vandringsleder\/selsknosen-selet\/","title":{"rendered":"Selskn\u00f6sen, Selet"},"content":{"rendered":"<p><img decoding=\"async\" loading=\"lazy\" class=\"size-medium wp-image-309 aligncenter\" src=\"http:\/\/www.landsbygdsturism.se\/wp-content\/uploads\/2017\/01\/2015-07-21-Selskn\u00f6sens-torn-267x300.jpg\" alt=\"\" width=\"267\" height=\"300\" srcset=\"https:\/\/www.landsbygdsturism.se\/wp-content\/uploads\/2017\/01\/2015-07-21-Selskn\u00f6sens-torn-267x300.jpg 267w, https:\/\/www.landsbygdsturism.se\/wp-content\/uploads\/2017\/01\/2015-07-21-Selskn\u00f6sens-torn-134x150.jpg 134w, https:\/\/www.landsbygdsturism.se\/wp-content\/uploads\/2017\/01\/2015-07-21-Selskn\u00f6sens-torn-768x862.jpg 768w, https:\/\/www.landsbygdsturism.se\/wp-content\/uploads\/2017\/01\/2015-07-21-Selskn\u00f6sens-torn-913x1024.jpg 913w, https:\/\/www.landsbygdsturism.se\/wp-content\/uploads\/2017\/01\/2015-07-21-Selskn\u00f6sens-torn.jpg 1379w\" sizes=\"(max-width: 267px) 100vw, 267px\" \/><\/p>\n<p>Utmana dig sj\u00e4lv b\u00e5de uth\u00e5llighetsm\u00e4ssigt och eventuell h\u00f6jdskr\u00e4ck! Bes\u00f6k utkiken p\u00e5 Selskn\u00f6sen.\u00a0Efter en utmanande vandring p\u00e5 cirka 1,2 km till n\u00e5r du en fantastisk utkiksplats. P\u00e5 toppen av berget finns en stuga d\u00e4r det finns m\u00f6jlighet att g\u00f6ra upp eld i \u00f6ppna spisen och att \u00e4ta medhavd mats\u00e4ck. Passa \u00e4ven p\u00e5 att skriva en rad i g\u00e4stboken som finns i stugan. Vintertid n\u00e5s berget via v\u00e4lpreparerade skoterleder.<\/p>\n<p>Stugan sk\u00f6ts av Selets byaf\u00f6rening.<\/p>\n<p>Utkiken<\/p>\n<p>Utkiken p\u00e5 berget Selskn\u00f6sen bjuder p\u00e5 en hisnande utsikt som str\u00e4cker sig \u00f6ver fem mil vid klart v\u00e4der. Tornet \u00e4r 15 meter h\u00f6gt.<\/p>\n","protected":false},"excerpt":{"rendered":"<p>Utmana dig sj\u00e4lv b\u00e5de uth\u00e5llighetsm\u00e4ssigt och eventuell h\u00f6jdskr\u00e4ck! Bes\u00f6k utkiken p\u00e5 Selskn\u00f6sen.\u00a0Efter en utmanande vandring p\u00e5 cirka 1,2 km till n\u00e5r du en fantastisk utkiksplats. P\u00e5 toppen av berget finns <a class=\"more-link\" href=\"https:\/\/www.landsbygdsturism.se\/de\/vandringsleder\/selsknosen-selet\/\">Continue Reading \u2192<\/a><\/p>\n","protected":false},"author":2,"featured_media":0,"parent":184,"menu_order":0,"comment_status":"closed","ping_status":"closed","template":"","meta":[],"_links":{"self":[{"href":"https:\/\/www.landsbygdsturism.se\/de\/wp-json\/wp\/v2\/pages\/308"}],"collection":[{"href":"https:\/\/www.landsbygdsturism.se\/de\/wp-json\/wp\/v2\/pages"}],"about":[{"href":"https:\/\/www.landsbygdsturism.se\/de\/wp-json\/wp\/v2\/types\/page"}],"author":[{"embeddable":true,"href":"https:\/\/www.landsbygdsturism.se\/de\/wp-json\/wp\/v2\/users\/2"}],"replies":[{"embeddable":true,"href":"https:\/\/www.landsbygdsturism.se\/de\/wp-json\/wp\/v2\/comments?post=308"}],"version-history":[{"count":1,"href":"https:\/\/www.landsbygdsturism.se\/de\/wp-json\/wp\/v2\/pages\/308\/revisions"}],"predecessor-version":[{"id":310,"href":"https:\/\/www.landsbygdsturism.se\/de\/wp-json\/wp\/v2\/pages\/308\/revisions\/310"}],"up":[{"embeddable":true,"href":"https:\/\/www.landsbygdsturism.se\/de\/wp-json\/wp\/v2\/pages\/184"}],"wp:attachment":[{"href":"https:\/\/www.landsbygdsturism.se\/de\/wp-json\/wp\/v2\/media?parent=308"}],"curies":[{"name":"wp","href":"https:\/\/api.w.org\/{rel}","templated":true}]}}