{"id":202,"date":"2017-01-11T14:49:21","date_gmt":"2017-01-11T14:49:21","guid":{"rendered":"http:\/\/www.landsbygdsturism.se\/?page_id=202"},"modified":"2017-01-20T12:49:09","modified_gmt":"2017-01-20T12:49:09","slug":"isalvsleden","status":"publish","type":"page","link":"https:\/\/www.landsbygdsturism.se\/de\/vandringsleder\/isalvsleden\/","title":{"rendered":"Is\u00e4lvsleden"},"content":{"rendered":"<p>Is\u00e4lvsleden \u00e4r en cirka 60 km l\u00e5ng vandringsled mellan samh\u00e4llet Vindeln och byn \u00c5msele i V\u00e4sterbottens l\u00e4n.<\/p>\n<p>Leden str\u00e4cker sig genom ett fantastiskt landskap som skapats av inlandsisen f\u00f6r m\u00e5nga tusen \u00e5r sedan.<\/p>\n<p>H\u00e4r finns ett unikt omr\u00e5de som vittnar om isens h\u00e4rjningar. H\u00e4r hittar du bland annat vackra dynlandskap med m\u00e4ktiga grus\u00e5sar, sagobetonad gammeltallskog och str\u00e4nder som \u00e4r delar av l\u00e4nets st\u00f6rsta sanddyner.<\/p>\n<p>L\u00e4ngs den fascinerande leden finns flera vindskydd och \u00e4ven en \u00f6vernattningsstuga. Leden \u00e4r mycket omv\u00e4xlande och innefattar \u00e4ven en vattenpassage d\u00e4r man m\u00e5ste ro sig \u00f6ver med b\u00e5t f\u00f6r att kunna forts\u00e4tta vandra. F\u00f6r den fiskeintresserade g\u00e5r det \u00e4ven att k\u00f6pa fiskekort som g\u00e4ller f\u00f6r fiske l\u00e4ngs hela leden. F\u00f6r \u00f6vernattning i stugan g\u00e4ller f\u00f6rst till kvarn principen, men det g\u00e5r givtevis \u00e4ven att \u00f6vernatta i vindskydden eller i eget t\u00e4lt l\u00e4ngs leden.<\/p>\n<p>Leden \u00e4r vandringsbar under sn\u00f6fri s\u00e4song.<\/p>\n<p><a href=\"http:\/\/www.isalvslleden.se\">http:\/\/www.isalvslleden.se<\/a><\/p>\n","protected":false},"excerpt":{"rendered":"<p>Is\u00e4lvsleden \u00e4r en cirka 60 km l\u00e5ng vandringsled mellan samh\u00e4llet Vindeln och byn \u00c5msele i V\u00e4sterbottens l\u00e4n. Leden str\u00e4cker sig genom ett fantastiskt landskap som skapats av inlandsisen f\u00f6r m\u00e5nga <a class=\"more-link\" href=\"https:\/\/www.landsbygdsturism.se\/de\/vandringsleder\/isalvsleden\/\">Continue Reading \u2192<\/a><\/p>\n","protected":false},"author":2,"featured_media":0,"parent":184,"menu_order":0,"comment_status":"closed","ping_status":"closed","template":"","meta":[],"_links":{"self":[{"href":"https:\/\/www.landsbygdsturism.se\/de\/wp-json\/wp\/v2\/pages\/202"}],"collection":[{"href":"https:\/\/www.landsbygdsturism.se\/de\/wp-json\/wp\/v2\/pages"}],"about":[{"href":"https:\/\/www.landsbygdsturism.se\/de\/wp-json\/wp\/v2\/types\/page"}],"author":[{"embeddable":true,"href":"https:\/\/www.landsbygdsturism.se\/de\/wp-json\/wp\/v2\/users\/2"}],"replies":[{"embeddable":true,"href":"https:\/\/www.landsbygdsturism.se\/de\/wp-json\/wp\/v2\/comments?post=202"}],"version-history":[{"count":4,"href":"https:\/\/www.landsbygdsturism.se\/de\/wp-json\/wp\/v2\/pages\/202\/revisions"}],"predecessor-version":[{"id":506,"href":"https:\/\/www.landsbygdsturism.se\/de\/wp-json\/wp\/v2\/pages\/202\/revisions\/506"}],"up":[{"embeddable":true,"href":"https:\/\/www.landsbygdsturism.se\/de\/wp-json\/wp\/v2\/pages\/184"}],"wp:attachment":[{"href":"https:\/\/www.landsbygdsturism.se\/de\/wp-json\/wp\/v2\/media?parent=202"}],"curies":[{"name":"wp","href":"https:\/\/api.w.org\/{rel}","templated":true}]}}