{"id":196,"date":"2017-01-11T14:45:20","date_gmt":"2017-01-11T14:45:20","guid":{"rendered":"http:\/\/www.landsbygdsturism.se\/?page_id=196"},"modified":"2018-04-12T10:39:02","modified_gmt":"2018-04-12T10:39:02","slug":"ica-nara-matboa","status":"publish","type":"page","link":"https:\/\/www.landsbygdsturism.se\/de\/service\/ica-nara-matboa\/","title":{"rendered":"ICA N\u00e4ra Matboa, Tavelsj\u00f6"},"content":{"rendered":"<p><img decoding=\"async\" loading=\"lazy\" class=\"size-medium wp-image-311 aligncenter\" src=\"http:\/\/www.landsbygdsturism.se\/wp-content\/uploads\/2017\/01\/20160903_151520-300x169.jpg\" alt=\"\" width=\"300\" height=\"169\" srcset=\"https:\/\/www.landsbygdsturism.se\/wp-content\/uploads\/2017\/01\/20160903_151520-300x169.jpg 300w, https:\/\/www.landsbygdsturism.se\/wp-content\/uploads\/2017\/01\/20160903_151520-150x84.jpg 150w, https:\/\/www.landsbygdsturism.se\/wp-content\/uploads\/2017\/01\/20160903_151520-768x432.jpg 768w, https:\/\/www.landsbygdsturism.se\/wp-content\/uploads\/2017\/01\/20160903_151520-1024x576.jpg 1024w\" sizes=\"(max-width: 300px) 100vw, 300px\" \/><\/p>\n<p><strong>Stunden<\/strong><br \/>\nVardagar 09-20<br \/>\nL\u00f6rdag 09-20<br \/>\nS\u00f6ndag 12-20<\/p>\n<p><strong>Kontakt<\/strong><br \/>\nTavelsj\u00f6v\u00e4sen 84<br \/>\n922 63 Tavelsj\u00f6<\/p>\n<p>090-600 30<\/p>","protected":false},"excerpt":{"rendered":"<p>Stunden Vardagar 09-20 L\u00f6rdag 09-20 S\u00f6ndag 12-20 Kontakt Tavelsj\u00f6v\u00e4sen 84 922 63 Tavelsj\u00f6 090-600 30<\/p>\n","protected":false},"author":2,"featured_media":0,"parent":180,"menu_order":0,"comment_status":"closed","ping_status":"closed","template":"","meta":[],"_links":{"self":[{"href":"https:\/\/www.landsbygdsturism.se\/de\/wp-json\/wp\/v2\/pages\/196"}],"collection":[{"href":"https:\/\/www.landsbygdsturism.se\/de\/wp-json\/wp\/v2\/pages"}],"about":[{"href":"https:\/\/www.landsbygdsturism.se\/de\/wp-json\/wp\/v2\/types\/page"}],"author":[{"embeddable":true,"href":"https:\/\/www.landsbygdsturism.se\/de\/wp-json\/wp\/v2\/users\/2"}],"replies":[{"embeddable":true,"href":"https:\/\/www.landsbygdsturism.se\/de\/wp-json\/wp\/v2\/comments?post=196"}],"version-history":[{"count":6,"href":"https:\/\/www.landsbygdsturism.se\/de\/wp-json\/wp\/v2\/pages\/196\/revisions"}],"predecessor-version":[{"id":998,"href":"https:\/\/www.landsbygdsturism.se\/de\/wp-json\/wp\/v2\/pages\/196\/revisions\/998"}],"up":[{"embeddable":true,"href":"https:\/\/www.landsbygdsturism.se\/de\/wp-json\/wp\/v2\/pages\/180"}],"wp:attachment":[{"href":"https:\/\/www.landsbygdsturism.se\/de\/wp-json\/wp\/v2\/media?parent=196"}],"curies":[{"name":"wp","href":"https:\/\/api.w.org\/{rel}","templated":true}]}}