{"id":192,"date":"2017-01-11T14:44:24","date_gmt":"2017-01-11T14:44:24","guid":{"rendered":"http:\/\/www.landsbygdsturism.se\/?page_id=192"},"modified":"2018-04-12T10:19:54","modified_gmt":"2018-04-12T10:19:54","slug":"etting-maskin-service","status":"publish","type":"page","link":"https:\/\/www.landsbygdsturism.se\/de\/service\/etting-maskin-service\/","title":{"rendered":"Etting Maskin &#038; Service, L\u00e5ngviken"},"content":{"rendered":"<p><img decoding=\"async\" loading=\"lazy\" class=\" wp-image-349 aligncenter\" src=\"http:\/\/www.landsbygdsturism.se\/wp-content\/uploads\/2017\/01\/P1000796-300x169.jpg\" alt=\"\" width=\"355\" height=\"200\" srcset=\"https:\/\/www.landsbygdsturism.se\/wp-content\/uploads\/2017\/01\/P1000796-300x169.jpg 300w, https:\/\/www.landsbygdsturism.se\/wp-content\/uploads\/2017\/01\/P1000796-150x84.jpg 150w, https:\/\/www.landsbygdsturism.se\/wp-content\/uploads\/2017\/01\/P1000796-768x432.jpg 768w, https:\/\/www.landsbygdsturism.se\/wp-content\/uploads\/2017\/01\/P1000796-1024x576.jpg 1024w\" sizes=\"(max-width: 355px) 100vw, 355px\" \/><\/p>\n<p><strong>Wir sind eine komplette Autowerkstatt in L\u00e5ngviken, Tavelsj\u00f6. In unserer 300 m2 Werkstatt f\u00fchren wir Service und Reparaturen aller Automarken sowie anderer Maschinen- und Fahrzeugtypen durch.<\/strong><\/p>\n<p>Wenn Sie mit uns einen Autoservice Ihres Autos machen, k\u00fcmmern wir uns bestens um Ihr Auto, hier treffen Sie qualifizierte und ausgebildete Fahrzeugtechniker.<\/p>\n<p>Wir folgen immer dem Wartungsplan des Autoherstellers, der f\u00fcr Ihr spezielles Auto gilt. Das bedeutet, dass wir keine Punkte verpassen, Sie k\u00f6nnen sicher sein, dass alles, was im Service enthalten ist, erledigt wird. Wir geh\u00f6ren dem Werkstatt-Experten Autoexperten.<\/p>\n<p><strong>Wir bieten &#8230;<\/strong><br \/>\n&#8211; 12 Monate kostenlose Assistance-Versicherung bei der Wartung Ihres Autos mit uns<br \/>\n&#8211; Zinslose Ratenzahlung bis zu 24 Monaten<br \/>\n&#8211; Wir geben immer 3 Jahre Garantie auf unsere Ersatzteile<br \/>\n&#8211; Die Garantie f\u00fcr das neue Auto des Autos wird weiterhin gelten, wenn Sie Ihr Auto bei uns warten<br \/>\n&#8211; Wurdest du an deinem Auto erneut untersucht? Wir k\u00f6nnen die Autoinspektion 2: oder abstellen<\/p>\n<p><strong>Was kostet es?<\/strong><br \/>\nDer Preis wird im Voraus erhoben. Wenn der Preis vom Angebot abweicht, werden wir Sie immer kontaktieren, bevor weitere Reparaturen durchgef\u00fchrt werden. Z\u00f6gern Sie nicht, anzurufen!<\/p>\n<p>Neben dem Workshop bieten wir Dienstleistungen im Auftrag an. Wir liefern Beton, Kies und Mattenboden. Wir reparieren H\u00e4user, Drainagen, Abwasserkan\u00e4le und andere Landarbeiten. Drei unserer LKWs transportieren in Zusammenarbeit mit Stena Recycling recyceltes Metall, Abfall und Wertstoffe.<\/p>\n<p>Wir arbeiten auch mit KVD zusammen und betreiben das KVD-Werk in Klockarb\u00e4cken in Ume\u00e5.<\/p>\n<p>Auf unserer Website finden Sie weitere Informationen \u00fcber uns und was wir noch zu bieten haben!<\/p>\n<p><strong>Kontakt<img decoding=\"async\" loading=\"lazy\" class=\" wp-image-350 alignright\" src=\"http:\/\/www.landsbygdsturism.se\/wp-content\/uploads\/2017\/01\/Etting-243x300.jpg\" alt=\"\" width=\"239\" height=\"296\" srcset=\"https:\/\/www.landsbygdsturism.se\/wp-content\/uploads\/2017\/01\/Etting-243x300.jpg 243w, https:\/\/www.landsbygdsturism.se\/wp-content\/uploads\/2017\/01\/Etting-121x150.jpg 121w, https:\/\/www.landsbygdsturism.se\/wp-content\/uploads\/2017\/01\/Etting.jpg 621w\" sizes=\"(max-width: 239px) 100vw, 239px\" \/><\/strong><br \/>\nKrister Etting<br \/>\nL\u00e5ngviken 42<br \/>\n922 66 Tavelsj\u00f6<\/p>\n<p>090-601 55<\/p>\n<p><a href=\"http:\/\/www.etting.se\/\">www.etting.se<\/a><br \/>\n<a href=\"mailto:krister@etting.se\">krister<\/a><a href=\"mailto:krister@etting.se\">@<\/a><a href=\"mailto:krister@etting.se\">etting.se<\/a><\/p>\n<p>&nbsp;<\/p>\n<p style=\"text-align: right;\"><em>Ulrika unt Krister Etting<\/em><\/p>\n<p><\/p>","protected":false},"excerpt":{"rendered":"<p>Wir sind eine komplette Autowerkstatt in L\u00e5ngviken, Tavelsj\u00f6. In unserer 300 m2 Werkstatt f\u00fchren wir Service und Reparaturen aller Automarken sowie anderer Maschinen- und Fahrzeugtypen durch. Wenn Sie mit uns <a class=\"more-link\" href=\"https:\/\/www.landsbygdsturism.se\/de\/service\/etting-maskin-service\/\">Continue Reading \u2192<\/a><\/p>\n","protected":false},"author":2,"featured_media":0,"parent":180,"menu_order":0,"comment_status":"closed","ping_status":"closed","template":"","meta":[],"_links":{"self":[{"href":"https:\/\/www.landsbygdsturism.se\/de\/wp-json\/wp\/v2\/pages\/192"}],"collection":[{"href":"https:\/\/www.landsbygdsturism.se\/de\/wp-json\/wp\/v2\/pages"}],"about":[{"href":"https:\/\/www.landsbygdsturism.se\/de\/wp-json\/wp\/v2\/types\/page"}],"author":[{"embeddable":true,"href":"https:\/\/www.landsbygdsturism.se\/de\/wp-json\/wp\/v2\/users\/2"}],"replies":[{"embeddable":true,"href":"https:\/\/www.landsbygdsturism.se\/de\/wp-json\/wp\/v2\/comments?post=192"}],"version-history":[{"count":20,"href":"https:\/\/www.landsbygdsturism.se\/de\/wp-json\/wp\/v2\/pages\/192\/revisions"}],"predecessor-version":[{"id":992,"href":"https:\/\/www.landsbygdsturism.se\/de\/wp-json\/wp\/v2\/pages\/192\/revisions\/992"}],"up":[{"embeddable":true,"href":"https:\/\/www.landsbygdsturism.se\/de\/wp-json\/wp\/v2\/pages\/180"}],"wp:attachment":[{"href":"https:\/\/www.landsbygdsturism.se\/de\/wp-json\/wp\/v2\/media?parent=192"}],"curies":[{"name":"wp","href":"https:\/\/api.w.org\/{rel}","templated":true}]}}