{"id":169,"date":"2017-01-11T14:15:42","date_gmt":"2017-01-11T14:15:42","guid":{"rendered":"http:\/\/www.landsbygdsturism.se\/?page_id=169"},"modified":"2017-08-21T06:52:01","modified_gmt":"2017-08-21T06:52:01","slug":"skotertur-nu-selet","status":"publish","type":"page","link":"https:\/\/www.landsbygdsturism.se\/de\/sport-motion-2\/skotertur-nu-selet\/","title":{"rendered":"Skotertur.nu, Selet"},"content":{"rendered":"<p><img decoding=\"async\" loading=\"lazy\" class=\"alignnone size-medium wp-image-260 aligncenter\" src=\"http:\/\/www.landsbygdsturism.se\/wp-content\/uploads\/2017\/01\/skoterturer_1-300x203.jpg\" alt=\"\" width=\"300\" height=\"203\" srcset=\"https:\/\/www.landsbygdsturism.se\/wp-content\/uploads\/2017\/01\/skoterturer_1-300x203.jpg 300w, https:\/\/www.landsbygdsturism.se\/wp-content\/uploads\/2017\/01\/skoterturer_1-150x101.jpg 150w, https:\/\/www.landsbygdsturism.se\/wp-content\/uploads\/2017\/01\/skoterturer_1-90x60.jpg 90w, https:\/\/www.landsbygdsturism.se\/wp-content\/uploads\/2017\/01\/skoterturer_1.jpg 640w\" sizes=\"(max-width: 300px) 100vw, 300px\" \/><\/p>\n<p><b>Skotertur.nu<\/b><b> \u00e4r ett familjef\u00f6retag som funnits sedan 2000. Alla turer sker med guider som har l\u00e5ng erfarenhet av skoterk\u00f6rning. Guiderna \u00e4r mycket v\u00e4lbekant med terr\u00e4ngen och k\u00e4nner till alla skoterleder i omr\u00e5det.<\/b><\/p>\n<p>Utflykter, dagsturer, mat, vildmarksbad. Se renar och \u00e4lgar. Utsiktsplats med vy \u00f6ver fyra kommuner och tv\u00e5 landskap. Forsarna i Vindel\u00e4lven fryser aldrig. Bada i vedeldad badtunna.<\/p>\n<p>Vi tillhandah\u00e5ller naturligtvis all n\u00f6dv\u00e4ndig utrustning f\u00f6r att er skotertur ska bli en h\u00e4rlig och njutbar upplevelse. Ett 20-tal sn\u00f6skotrar st\u00e5r till ert f\u00f6rfogande. Dessutom kl\u00e4der som skoterskor, skoterhandskar, hj\u00e4lmar och thermooveraller.<\/p>\n<p>I v\u00e5r vedeldade k\u00e5ta tillagar vi allt fr\u00e5n enklare r\u00e4tter till trer\u00e4ttersmiddagar. Vi satsar p\u00e5 mat med anknytning till V\u00e4sterbotten och vildmarken.<\/p>\n<p>R\u00e5varor som lax, ren, \u00e4lg och r\u00f6ding &#8211; alltid b\u00e4sta kvalitet.<\/p>\n<p>Kontakta oss f\u00f6r mer information.<\/p>\n<p><b>Kontakt<\/b><\/p>\n<p>Anders Nilsson<\/p>\n<p>Selet 7, 911 92 V\u00e4nn\u00e4s<\/p>\n<p>0935-410 16<\/p>\n<p>070-671 10 86<\/p>\n<p><a href=\"anders.nilsson@tavelsjo.se\">anders.nilsson@tavelsjo.se<\/a><\/p>\n<p>&nbsp;<\/p>\n","protected":false},"excerpt":{"rendered":"<p>Skotertur.nu \u00e4r ett familjef\u00f6retag som funnits sedan 2000. Alla turer sker med guider som har l\u00e5ng erfarenhet av skoterk\u00f6rning. Guiderna \u00e4r mycket v\u00e4lbekant med terr\u00e4ngen och k\u00e4nner till alla skoterleder <a class=\"more-link\" href=\"https:\/\/www.landsbygdsturism.se\/de\/sport-motion-2\/skotertur-nu-selet\/\">Continue Reading \u2192<\/a><\/p>\n","protected":false},"author":2,"featured_media":0,"parent":732,"menu_order":0,"comment_status":"closed","ping_status":"closed","template":"","meta":[],"_links":{"self":[{"href":"https:\/\/www.landsbygdsturism.se\/de\/wp-json\/wp\/v2\/pages\/169"}],"collection":[{"href":"https:\/\/www.landsbygdsturism.se\/de\/wp-json\/wp\/v2\/pages"}],"about":[{"href":"https:\/\/www.landsbygdsturism.se\/de\/wp-json\/wp\/v2\/types\/page"}],"author":[{"embeddable":true,"href":"https:\/\/www.landsbygdsturism.se\/de\/wp-json\/wp\/v2\/users\/2"}],"replies":[{"embeddable":true,"href":"https:\/\/www.landsbygdsturism.se\/de\/wp-json\/wp\/v2\/comments?post=169"}],"version-history":[{"count":4,"href":"https:\/\/www.landsbygdsturism.se\/de\/wp-json\/wp\/v2\/pages\/169\/revisions"}],"predecessor-version":[{"id":423,"href":"https:\/\/www.landsbygdsturism.se\/de\/wp-json\/wp\/v2\/pages\/169\/revisions\/423"}],"up":[{"embeddable":true,"href":"https:\/\/www.landsbygdsturism.se\/de\/wp-json\/wp\/v2\/pages\/732"}],"wp:attachment":[{"href":"https:\/\/www.landsbygdsturism.se\/de\/wp-json\/wp\/v2\/media?parent=169"}],"curies":[{"name":"wp","href":"https:\/\/api.w.org\/{rel}","templated":true}]}}