{"id":166,"date":"2017-01-11T14:14:38","date_gmt":"2017-01-11T14:14:38","guid":{"rendered":"http:\/\/www.landsbygdsturism.se\/?page_id=166"},"modified":"2017-08-21T06:55:28","modified_gmt":"2017-08-21T06:55:28","slug":"brittvalls-jaktskytteklubb","status":"publish","type":"page","link":"https:\/\/www.landsbygdsturism.se\/de\/sport-motion-2\/brittvalls-jaktskytteklubb\/","title":{"rendered":"Brattvalls Jaktskytteklubb"},"content":{"rendered":"<p><img decoding=\"async\" loading=\"lazy\" class=\"alignnone wp-image-421\" src=\"http:\/\/www.landsbygdsturism.se\/wp-content\/uploads\/2017\/01\/Brattvall-640p-025-300x109.jpg\" alt=\"\" width=\"344\" height=\"125\" srcset=\"https:\/\/www.landsbygdsturism.se\/wp-content\/uploads\/2017\/01\/Brattvall-640p-025-300x109.jpg 300w, https:\/\/www.landsbygdsturism.se\/wp-content\/uploads\/2017\/01\/Brattvall-640p-025-150x55.jpg 150w, https:\/\/www.landsbygdsturism.se\/wp-content\/uploads\/2017\/01\/Brattvall-640p-025.jpg 640w\" sizes=\"(max-width: 344px) 100vw, 344px\" \/><\/p>\n<p>P\u00e5 skjutbanan finns tillg\u00e5ng till B\u00e4nkskytte, Skeet, Trap och Viltm\u00e5l. H\u00e4r finns ocks\u00e5 tv\u00e5 80-meters \u00e4lgbanor utrustade med akustisk markering och elektronisk visning samt en 50-metersbana d\u00e4r vi bland annat bedriver ungdomsverksamhet. Naturligtvis f\u00e5r \u00e4ven vuxna nyttja den.<\/p>\n<p>Skjutbanan \u00e4r bel\u00e4gen i Fredrikshall som ligger vid v\u00e4g 363, ca 3 mil nordv\u00e4st om Ume\u00e5.<\/p>\n<p><a href=\"http:\/\/www.brattvallsjaktskytteklubb.ac.se\">http:\/\/www.brattvallsjaktskytteklubb.ac.se<\/a><\/p>\n<p><b>Geokoordinater<\/b><\/p>\n<p>Lat. 64.0649, Long. 19.9960<\/p>\n","protected":false},"excerpt":{"rendered":"<p>P\u00e5 skjutbanan finns tillg\u00e5ng till B\u00e4nkskytte, Skeet, Trap och Viltm\u00e5l. H\u00e4r finns ocks\u00e5 tv\u00e5 80-meters \u00e4lgbanor utrustade med akustisk markering och elektronisk visning samt en 50-metersbana d\u00e4r vi bland annat <a class=\"more-link\" href=\"https:\/\/www.landsbygdsturism.se\/de\/sport-motion-2\/brittvalls-jaktskytteklubb\/\">Continue Reading \u2192<\/a><\/p>\n","protected":false},"author":2,"featured_media":0,"parent":732,"menu_order":0,"comment_status":"closed","ping_status":"closed","template":"","meta":[],"_links":{"self":[{"href":"https:\/\/www.landsbygdsturism.se\/de\/wp-json\/wp\/v2\/pages\/166"}],"collection":[{"href":"https:\/\/www.landsbygdsturism.se\/de\/wp-json\/wp\/v2\/pages"}],"about":[{"href":"https:\/\/www.landsbygdsturism.se\/de\/wp-json\/wp\/v2\/types\/page"}],"author":[{"embeddable":true,"href":"https:\/\/www.landsbygdsturism.se\/de\/wp-json\/wp\/v2\/users\/2"}],"replies":[{"embeddable":true,"href":"https:\/\/www.landsbygdsturism.se\/de\/wp-json\/wp\/v2\/comments?post=166"}],"version-history":[{"count":3,"href":"https:\/\/www.landsbygdsturism.se\/de\/wp-json\/wp\/v2\/pages\/166\/revisions"}],"predecessor-version":[{"id":422,"href":"https:\/\/www.landsbygdsturism.se\/de\/wp-json\/wp\/v2\/pages\/166\/revisions\/422"}],"up":[{"embeddable":true,"href":"https:\/\/www.landsbygdsturism.se\/de\/wp-json\/wp\/v2\/pages\/732"}],"wp:attachment":[{"href":"https:\/\/www.landsbygdsturism.se\/de\/wp-json\/wp\/v2\/media?parent=166"}],"curies":[{"name":"wp","href":"https:\/\/api.w.org\/{rel}","templated":true}]}}