{"id":162,"date":"2017-01-11T14:12:07","date_gmt":"2017-01-11T14:12:07","guid":{"rendered":"http:\/\/www.landsbygdsturism.se\/?page_id=162"},"modified":"2018-04-15T13:44:02","modified_gmt":"2018-04-15T13:44:02","slug":"slojdernas-hus-vannasby","status":"publish","type":"page","link":"https:\/\/www.landsbygdsturism.se\/de\/besoksmal\/slojdernas-hus-vannasby\/","title":{"rendered":"Sl\u00f6jdarnas Hus, V\u00e4nn\u00e4sby"},"content":{"rendered":"<p>&nbsp;<\/p>\n<p><img decoding=\"async\" loading=\"lazy\" class=\"alignnone wp-image-612\" src=\"http:\/\/www.landsbygdsturism.se\/wp-content\/uploads\/2017\/01\/SH-103-300x200.jpg\" alt=\"\" width=\"443\" height=\"295\" srcset=\"https:\/\/www.landsbygdsturism.se\/wp-content\/uploads\/2017\/01\/SH-103-300x200.jpg 300w, https:\/\/www.landsbygdsturism.se\/wp-content\/uploads\/2017\/01\/SH-103-150x100.jpg 150w, https:\/\/www.landsbygdsturism.se\/wp-content\/uploads\/2017\/01\/SH-103-768x512.jpg 768w, https:\/\/www.landsbygdsturism.se\/wp-content\/uploads\/2017\/01\/SH-103.jpg 1024w, https:\/\/www.landsbygdsturism.se\/wp-content\/uploads\/2017\/01\/SH-103-750x499.jpg 750w, https:\/\/www.landsbygdsturism.se\/wp-content\/uploads\/2017\/01\/SH-103-360x240.jpg 360w\" sizes=\"(max-width: 443px) 100vw, 443px\" \/><\/p>\n<p>Nat\u00fcrlich in Vindel\u00e4lven gelegen. Angetrieben durch den idealen Verein V\u00e4nn\u00e4s Sl\u00f6jd. In unserem gro\u00dfen, behindertengerechten Laden- und Ausstellungsraum bieten wir eine gro\u00dfe Auswahl an hausgemachten und handwerklichen Arbeiten, viele Techniken und verschiedene Materialien von sehr guter Qualit\u00e4t von Handwerkern aus Stadt und Landkreis.<\/p>\n<p>Das Caf\u00e9 Sp\u00f6land befindet sich im selben Geb\u00e4ude mit hausgemachtem Brot und einem malerischen Sitzplatz im Freien in der N\u00e4he von Vindel\u00e4lven.<\/p>\n<div id=\"attachment_705\" style=\"width: 179px\" class=\"wp-caption alignright\"><img aria-describedby=\"caption-attachment-705\" decoding=\"async\" loading=\"lazy\" class=\"size-medium wp-image-705\" src=\"http:\/\/www.landsbygdsturism.se\/wp-content\/uploads\/2017\/01\/Viktoria-S-169x300.jpg\" alt=\"\" width=\"169\" height=\"300\" srcset=\"https:\/\/www.landsbygdsturism.se\/wp-content\/uploads\/2017\/01\/Viktoria-S-169x300.jpg 169w, https:\/\/www.landsbygdsturism.se\/wp-content\/uploads\/2017\/01\/Viktoria-S-84x150.jpg 84w, https:\/\/www.landsbygdsturism.se\/wp-content\/uploads\/2017\/01\/Viktoria-S-768x1365.jpg 768w, https:\/\/www.landsbygdsturism.se\/wp-content\/uploads\/2017\/01\/Viktoria-S-576x1024.jpg 576w, https:\/\/www.landsbygdsturism.se\/wp-content\/uploads\/2017\/01\/Viktoria-S.jpg 1242w\" sizes=\"(max-width: 169px) 100vw, 169px\" \/><p id=\"caption-attachment-705\" class=\"wp-caption-text\">Viktoria Svensson leitet das Caf\u00e9 Sp\u00f6land<\/p><\/div>\n<p>B\u00e4ckerei mit Brot und Brot am Wochenende.<\/p>\n<p><strong>\u00d6ffnungszeiten:<\/strong><br \/>\nAlle Tage 26. Mai &#8211; 16. September 11.00 &#8211; 18.00 (Hochsommer 11.00 -14.00).<br \/>\nWeihnachten Ge\u00f6ffnet 23. November &#8211; 23. Dezember 11:00 &#8211; 18:00<\/p>\n<p><strong>Kontakt:<\/strong><br \/>\nV\u00e4nn\u00e4nget 3<br \/>\n911 92 V\u00e4nn\u00e4s<br \/>\n0935-207 82<\/p>\n<p><a href=\"http:\/\/www.slojdarnashus.se\">http:\/\/www.slojdarnashus.se<\/a><\/p>\n<p><img decoding=\"async\" loading=\"lazy\" class=\"alignnone size-medium wp-image-613\" src=\"http:\/\/www.landsbygdsturism.se\/wp-content\/uploads\/2017\/01\/SH-118-300x200.jpg\" alt=\"\" width=\"300\" height=\"200\" srcset=\"https:\/\/www.landsbygdsturism.se\/wp-content\/uploads\/2017\/01\/SH-118-300x200.jpg 300w, https:\/\/www.landsbygdsturism.se\/wp-content\/uploads\/2017\/01\/SH-118-150x100.jpg 150w, https:\/\/www.landsbygdsturism.se\/wp-content\/uploads\/2017\/01\/SH-118-768x512.jpg 768w, https:\/\/www.landsbygdsturism.se\/wp-content\/uploads\/2017\/01\/SH-118.jpg 1024w, https:\/\/www.landsbygdsturism.se\/wp-content\/uploads\/2017\/01\/SH-118-750x499.jpg 750w, https:\/\/www.landsbygdsturism.se\/wp-content\/uploads\/2017\/01\/SH-118-360x240.jpg 360w\" sizes=\"(max-width: 300px) 100vw, 300px\" \/><\/p>\n<p><img decoding=\"async\" loading=\"lazy\" class=\"alignnone size-medium wp-image-614\" src=\"http:\/\/www.landsbygdsturism.se\/wp-content\/uploads\/2017\/01\/SH-154-300x200.jpg\" alt=\"\" width=\"300\" height=\"200\" srcset=\"https:\/\/www.landsbygdsturism.se\/wp-content\/uploads\/2017\/01\/SH-154-300x200.jpg 300w, https:\/\/www.landsbygdsturism.se\/wp-content\/uploads\/2017\/01\/SH-154-150x100.jpg 150w, https:\/\/www.landsbygdsturism.se\/wp-content\/uploads\/2017\/01\/SH-154-768x512.jpg 768w, https:\/\/www.landsbygdsturism.se\/wp-content\/uploads\/2017\/01\/SH-154.jpg 1024w, https:\/\/www.landsbygdsturism.se\/wp-content\/uploads\/2017\/01\/SH-154-750x499.jpg 750w, https:\/\/www.landsbygdsturism.se\/wp-content\/uploads\/2017\/01\/SH-154-360x240.jpg 360w\" sizes=\"(max-width: 300px) 100vw, 300px\" \/><\/p>\n<p><img decoding=\"async\" loading=\"lazy\" class=\"alignnone wp-image-619\" src=\"http:\/\/www.landsbygdsturism.se\/wp-content\/uploads\/2017\/01\/SH-93-300x200.jpg\" alt=\"\" width=\"300\" height=\"200\" srcset=\"https:\/\/www.landsbygdsturism.se\/wp-content\/uploads\/2017\/01\/SH-93-300x200.jpg 300w, https:\/\/www.landsbygdsturism.se\/wp-content\/uploads\/2017\/01\/SH-93-150x100.jpg 150w, https:\/\/www.landsbygdsturism.se\/wp-content\/uploads\/2017\/01\/SH-93-768x512.jpg 768w, https:\/\/www.landsbygdsturism.se\/wp-content\/uploads\/2017\/01\/SH-93.jpg 1024w, https:\/\/www.landsbygdsturism.se\/wp-content\/uploads\/2017\/01\/SH-93-750x499.jpg 750w, https:\/\/www.landsbygdsturism.se\/wp-content\/uploads\/2017\/01\/SH-93-360x240.jpg 360w\" sizes=\"(max-width: 300px) 100vw, 300px\" \/><\/p>","protected":false},"excerpt":{"rendered":"<p>&nbsp; Nat\u00fcrlich in Vindel\u00e4lven gelegen. Angetrieben durch den idealen Verein V\u00e4nn\u00e4s Sl\u00f6jd. In unserem gro\u00dfen, behindertengerechten Laden- und Ausstellungsraum bieten wir eine gro\u00dfe Auswahl an hausgemachten und handwerklichen Arbeiten, viele <a class=\"more-link\" href=\"https:\/\/www.landsbygdsturism.se\/de\/besoksmal\/slojdernas-hus-vannasby\/\">Continue Reading \u2192<\/a><\/p>\n","protected":false},"author":2,"featured_media":0,"parent":94,"menu_order":0,"comment_status":"closed","ping_status":"closed","template":"","meta":[],"_links":{"self":[{"href":"https:\/\/www.landsbygdsturism.se\/de\/wp-json\/wp\/v2\/pages\/162"}],"collection":[{"href":"https:\/\/www.landsbygdsturism.se\/de\/wp-json\/wp\/v2\/pages"}],"about":[{"href":"https:\/\/www.landsbygdsturism.se\/de\/wp-json\/wp\/v2\/types\/page"}],"author":[{"embeddable":true,"href":"https:\/\/www.landsbygdsturism.se\/de\/wp-json\/wp\/v2\/users\/2"}],"replies":[{"embeddable":true,"href":"https:\/\/www.landsbygdsturism.se\/de\/wp-json\/wp\/v2\/comments?post=162"}],"version-history":[{"count":20,"href":"https:\/\/www.landsbygdsturism.se\/de\/wp-json\/wp\/v2\/pages\/162\/revisions"}],"predecessor-version":[{"id":1004,"href":"https:\/\/www.landsbygdsturism.se\/de\/wp-json\/wp\/v2\/pages\/162\/revisions\/1004"}],"up":[{"embeddable":true,"href":"https:\/\/www.landsbygdsturism.se\/de\/wp-json\/wp\/v2\/pages\/94"}],"wp:attachment":[{"href":"https:\/\/www.landsbygdsturism.se\/de\/wp-json\/wp\/v2\/media?parent=162"}],"curies":[{"name":"wp","href":"https:\/\/api.w.org\/{rel}","templated":true}]}}