{"id":152,"date":"2017-01-11T14:08:20","date_gmt":"2017-01-11T14:08:20","guid":{"rendered":"http:\/\/www.landsbygdsturism.se\/?page_id=152"},"modified":"2018-04-11T14:20:54","modified_gmt":"2018-04-11T14:20:54","slug":"glassbonden-selet","status":"publish","type":"page","link":"https:\/\/www.landsbygdsturism.se\/de\/besoksmal\/glassbonden-selet\/","title":{"rendered":"Leva G\u00e5rdsbutik, Sp\u00f6land"},"content":{"rendered":"<p><\/p>\n<h2>Willkommen im Leva Hofladen<\/h2>\n<p>Verkauf von Naturbeteg\u00f6tt aus eigener Landwirtschaft und Schweinefleisch aus V\u00e4stra Sp\u00f6land. Der Laden bietet eine gemischte Auswahl f\u00fcr Jung und Alt.<\/p>\n<p>\u00d6stra Sp\u00f6land 72<br \/>\n911 92 V\u00e4nn\u00e4s<\/p>\n<p><a href=\"trollungen@alvnet.se\">trollungen@alvnet.se<\/a><br \/>\n<a href=\"http:\/\/www.levagardsbutik.se\">http:\/\/www.levagardsbutik.se<\/a><\/p>\n<p>&nbsp;<\/p>\n<p>&nbsp;<\/p>","protected":false},"excerpt":{"rendered":"<p>Willkommen im Leva Hofladen Verkauf von Naturbeteg\u00f6tt aus eigener Landwirtschaft und Schweinefleisch aus V\u00e4stra Sp\u00f6land. Der Laden bietet eine gemischte Auswahl f\u00fcr Jung und Alt. \u00d6stra Sp\u00f6land 72 911 92 <a class=\"more-link\" href=\"https:\/\/www.landsbygdsturism.se\/de\/besoksmal\/glassbonden-selet\/\">Continue Reading \u2192<\/a><\/p>\n","protected":false},"author":2,"featured_media":0,"parent":94,"menu_order":0,"comment_status":"closed","ping_status":"closed","template":"","meta":[],"_links":{"self":[{"href":"https:\/\/www.landsbygdsturism.se\/de\/wp-json\/wp\/v2\/pages\/152"}],"collection":[{"href":"https:\/\/www.landsbygdsturism.se\/de\/wp-json\/wp\/v2\/pages"}],"about":[{"href":"https:\/\/www.landsbygdsturism.se\/de\/wp-json\/wp\/v2\/types\/page"}],"author":[{"embeddable":true,"href":"https:\/\/www.landsbygdsturism.se\/de\/wp-json\/wp\/v2\/users\/2"}],"replies":[{"embeddable":true,"href":"https:\/\/www.landsbygdsturism.se\/de\/wp-json\/wp\/v2\/comments?post=152"}],"version-history":[{"count":9,"href":"https:\/\/www.landsbygdsturism.se\/de\/wp-json\/wp\/v2\/pages\/152\/revisions"}],"predecessor-version":[{"id":934,"href":"https:\/\/www.landsbygdsturism.se\/de\/wp-json\/wp\/v2\/pages\/152\/revisions\/934"}],"up":[{"embeddable":true,"href":"https:\/\/www.landsbygdsturism.se\/de\/wp-json\/wp\/v2\/pages\/94"}],"wp:attachment":[{"href":"https:\/\/www.landsbygdsturism.se\/de\/wp-json\/wp\/v2\/media?parent=152"}],"curies":[{"name":"wp","href":"https:\/\/api.w.org\/{rel}","templated":true}]}}