{"id":1015,"date":"2018-10-08T15:30:57","date_gmt":"2018-10-08T15:30:57","guid":{"rendered":"http:\/\/www.landsbygdsturism.se\/?page_id=1015"},"modified":"2023-02-16T11:03:47","modified_gmt":"2023-02-16T11:03:47","slug":"tio-toppar-tavelsjo","status":"publish","type":"page","link":"https:\/\/www.landsbygdsturism.se\/de\/vandringsleder\/tio-toppar-tavelsjo\/","title":{"rendered":"Tio Toppar Tavelsj\u00f6"},"content":{"rendered":"<p><\/p>\n<p id=\"tw-target-text\" class=\"tw-data-text tw-text-large tw-ta\" dir=\"ltr\" data-placeholder=\"\u00d6vers\u00e4ttning\"><span class=\"Y2IQFc\" lang=\"de\">TioTopparTavelsj\u00f6 ist ein Besucherf\u00fchrer, der Ihnen hilft, zehn Berge zu finden. Die Berge bieten unterschiedliche Erlebnisse, unterschiedliche Schwierigkeitsgrade und unterschiedliche Ausblicke. F\u00fcr jeden Berg gibt es einen markierten Weg von seinem Fu\u00df bis zu seinem Gipfel. W\u00e4hlen Sie zwischen Wanderungen von 0,5 bis 2,1 km einfache Strecke. Der Anstieg, den Sie \u00fcberwinden m\u00fcssen, variiert zwischen 42 und 165 H\u00f6henmetern. Wenn Sie alle Berge bestiegen haben, haben Sie mehr als 1000 H\u00f6henmeter gewonnen.<\/span><\/p>\n<p class=\"tw-data-text tw-text-large tw-ta\" dir=\"ltr\" data-placeholder=\"\u00d6vers\u00e4ttning\"><span class=\"Y2IQFc\" lang=\"de\">Alle Informationen finden Sie unter folgendem Link:<\/span><\/p>\n<p><a href=\"http:\/\/www.tiotoppar.se\">http:\/\/www.tiotoppar.se<\/a><\/p>\n<p>&nbsp;<\/p>","protected":false},"excerpt":{"rendered":"<p>TioTopparTavelsj\u00f6 ist ein Besucherf\u00fchrer, der Ihnen hilft, zehn Berge zu finden. Die Berge bieten unterschiedliche Erlebnisse, unterschiedliche Schwierigkeitsgrade und unterschiedliche Ausblicke. F\u00fcr jeden Berg gibt es einen markierten Weg von <a class=\"more-link\" href=\"https:\/\/www.landsbygdsturism.se\/de\/vandringsleder\/tio-toppar-tavelsjo\/\">Continue Reading \u2192<\/a><\/p>\n","protected":false},"author":2,"featured_media":0,"parent":184,"menu_order":0,"comment_status":"closed","ping_status":"closed","template":"","meta":[],"_links":{"self":[{"href":"https:\/\/www.landsbygdsturism.se\/de\/wp-json\/wp\/v2\/pages\/1015"}],"collection":[{"href":"https:\/\/www.landsbygdsturism.se\/de\/wp-json\/wp\/v2\/pages"}],"about":[{"href":"https:\/\/www.landsbygdsturism.se\/de\/wp-json\/wp\/v2\/types\/page"}],"author":[{"embeddable":true,"href":"https:\/\/www.landsbygdsturism.se\/de\/wp-json\/wp\/v2\/users\/2"}],"replies":[{"embeddable":true,"href":"https:\/\/www.landsbygdsturism.se\/de\/wp-json\/wp\/v2\/comments?post=1015"}],"version-history":[{"count":9,"href":"https:\/\/www.landsbygdsturism.se\/de\/wp-json\/wp\/v2\/pages\/1015\/revisions"}],"predecessor-version":[{"id":1109,"href":"https:\/\/www.landsbygdsturism.se\/de\/wp-json\/wp\/v2\/pages\/1015\/revisions\/1109"}],"up":[{"embeddable":true,"href":"https:\/\/www.landsbygdsturism.se\/de\/wp-json\/wp\/v2\/pages\/184"}],"wp:attachment":[{"href":"https:\/\/www.landsbygdsturism.se\/de\/wp-json\/wp\/v2\/media?parent=1015"}],"curies":[{"name":"wp","href":"https:\/\/api.w.org\/{rel}","templated":true}]}}