{"id":87,"date":"2017-01-11T11:23:14","date_gmt":"2017-01-11T11:23:14","guid":{"rendered":"http:\/\/www.landsbygdsturism.se\/?page_id=87"},"modified":"2023-02-16T08:37:48","modified_gmt":"2023-02-16T08:37:48","slug":"wallhalla","status":"publish","type":"page","link":"http:\/\/www.landsbygdsturism.se\/sv\/boende\/wallhalla\/","title":{"rendered":"Wallhalla B&#038;B, \u00d6stra V\u00e4nnfors"},"content":{"rendered":"<p><img decoding=\"async\" loading=\"lazy\" class=\"alignnone wp-image-444\" src=\"http:\/\/www.landsbygdsturism.se\/wp-content\/uploads\/2017\/01\/unspecified-6-300x119.jpeg\" alt=\"\" width=\"625\" height=\"248\" srcset=\"http:\/\/www.landsbygdsturism.se\/wp-content\/uploads\/2017\/01\/unspecified-6-300x119.jpeg 300w, http:\/\/www.landsbygdsturism.se\/wp-content\/uploads\/2017\/01\/unspecified-6-150x59.jpeg 150w, http:\/\/www.landsbygdsturism.se\/wp-content\/uploads\/2017\/01\/unspecified-6-768x305.jpeg 768w, http:\/\/www.landsbygdsturism.se\/wp-content\/uploads\/2017\/01\/unspecified-6.jpeg 1024w\" sizes=\"(max-width: 625px) 100vw, 625px\" \/><\/p>\n<h2 style=\"text-align: left;\">Om V\u00e4nnfors<\/h2>\n<p style=\"text-align: left;\">Wallhalla, Inibyn V\u00e4nnfors p\u00e5 \u00f6stra sidan av or\u00f6rda Vindel\u00e4lven. H\u00e4r bor Du med n\u00e4rhet till \u00e4ngar, skog och vatten. En gammal jordbruksbygd dit de unga \u00e5terv\u00e4nder till den f\u00f6rra generationens traditioner och gemenskap.<\/p>\n<p style=\"text-align: left;\">Naturen bjuder p\u00e5 sina rika resurser i form av b\u00e4r och svamp. V\u00e4nnfors bebos idag av drygt 200 personer och ligger p\u00e5 pendlingsavst\u00e5nd till Ume\u00e5.<\/p>\n<p style=\"text-align: left;\">V\u00e4nnfors med omgivningar bjuder p\u00e5 en vacker och varierande natur. Vi kan tipsa om flera sp\u00e4nnande utflykter till fots, cykel eller bil och delta g\u00e4rna i n\u00e5gra av de aktiviteter som brukar anordnas i byn.<\/p>\n<h2><img decoding=\"async\" loading=\"lazy\" class=\"alignnone wp-image-468\" src=\"http:\/\/www.landsbygdsturism.se\/wp-content\/uploads\/2017\/01\/Tre-rum-300x139.jpg\" alt=\"\" width=\"647\" height=\"300\" srcset=\"http:\/\/www.landsbygdsturism.se\/wp-content\/uploads\/2017\/01\/Tre-rum-300x139.jpg 300w, http:\/\/www.landsbygdsturism.se\/wp-content\/uploads\/2017\/01\/Tre-rum-150x69.jpg 150w, http:\/\/www.landsbygdsturism.se\/wp-content\/uploads\/2017\/01\/Tre-rum-768x355.jpg 768w, http:\/\/www.landsbygdsturism.se\/wp-content\/uploads\/2017\/01\/Tre-rum-1024x474.jpg 1024w, http:\/\/www.landsbygdsturism.se\/wp-content\/uploads\/2017\/01\/Tre-rum.jpg 1264w\" sizes=\"(max-width: 647px) 100vw, 647px\" \/><\/h2>\n<h2>Bed &amp; Breakfast<\/h2>\n<p>Wallhalla har tre nyinredda sovrum med h\u00f6gt i tak. Vi har inrett i gammal stil men med modernt bekv\u00e4ma s\u00e4ngar, badrum och stort allrum p\u00e5 \u00f6verv\u00e5ningen med utsikt \u00f6ver bygden. H\u00e4r finns \u00e4ven storbildsteve d\u00e4r Du kan surfa eller titta p\u00e5 Dina bilder fr\u00e5n dagens utflykt.<\/p>\n<p><img decoding=\"async\" loading=\"lazy\" class=\"alignnone size-medium wp-image-449\" src=\"http:\/\/www.landsbygdsturism.se\/wp-content\/uploads\/2017\/01\/unspecified-4-300x200.jpeg\" alt=\"\" width=\"300\" height=\"200\" srcset=\"http:\/\/www.landsbygdsturism.se\/wp-content\/uploads\/2017\/01\/unspecified-4-300x200.jpeg 300w, http:\/\/www.landsbygdsturism.se\/wp-content\/uploads\/2017\/01\/unspecified-4-150x100.jpeg 150w, http:\/\/www.landsbygdsturism.se\/wp-content\/uploads\/2017\/01\/unspecified-4-768x512.jpeg 768w, http:\/\/www.landsbygdsturism.se\/wp-content\/uploads\/2017\/01\/unspecified-4.jpeg 1024w, http:\/\/www.landsbygdsturism.se\/wp-content\/uploads\/2017\/01\/unspecified-4-750x499.jpeg 750w, http:\/\/www.landsbygdsturism.se\/wp-content\/uploads\/2017\/01\/unspecified-4-360x240.jpeg 360w\" sizes=\"(max-width: 300px) 100vw, 300px\" \/>\u00a0<img decoding=\"async\" loading=\"lazy\" class=\"wp-image-452 alignright\" src=\"http:\/\/www.landsbygdsturism.se\/wp-content\/uploads\/2017\/01\/unspecified-8-300x225.jpeg\" alt=\"\" width=\"252\" height=\"189\" srcset=\"http:\/\/www.landsbygdsturism.se\/wp-content\/uploads\/2017\/01\/unspecified-8-300x225.jpeg 300w, http:\/\/www.landsbygdsturism.se\/wp-content\/uploads\/2017\/01\/unspecified-8-150x113.jpeg 150w, http:\/\/www.landsbygdsturism.se\/wp-content\/uploads\/2017\/01\/unspecified-8-768x576.jpeg 768w, http:\/\/www.landsbygdsturism.se\/wp-content\/uploads\/2017\/01\/unspecified-8.jpeg 1024w\" sizes=\"(max-width: 252px) 100vw, 252px\" \/><br \/>\nVi serverar frukost i v\u00e5rt gammaldags inredda k\u00f6k eller i tr\u00e4dg\u00e5rden n\u00e4r v\u00e4dret s\u00e5 till\u00e5ter. H\u00e4r bjuds ni bl.a p\u00e5 hembakat br\u00f6d samt b\u00e4r och gr\u00f6nsaker fr\u00e5n den egna tr\u00e4dg\u00e5rden.<\/p>\n<p>&nbsp;<\/p>\n<h2>Wallhalla Spa &amp; Relax<\/h2>\n<p><img decoding=\"async\" loading=\"lazy\" class=\"alignnone size-medium wp-image-450\" src=\"http:\/\/www.landsbygdsturism.se\/wp-content\/uploads\/2017\/01\/unspecified-5-300x225.jpeg\" alt=\"\" width=\"300\" height=\"225\" srcset=\"http:\/\/www.landsbygdsturism.se\/wp-content\/uploads\/2017\/01\/unspecified-5-300x225.jpeg 300w, http:\/\/www.landsbygdsturism.se\/wp-content\/uploads\/2017\/01\/unspecified-5-150x113.jpeg 150w, http:\/\/www.landsbygdsturism.se\/wp-content\/uploads\/2017\/01\/unspecified-5-768x576.jpeg 768w, http:\/\/www.landsbygdsturism.se\/wp-content\/uploads\/2017\/01\/unspecified-5.jpeg 1024w\" sizes=\"(max-width: 300px) 100vw, 300px\" \/>\u00a0<img decoding=\"async\" loading=\"lazy\" class=\"wp-image-446 alignright\" src=\"http:\/\/www.landsbygdsturism.se\/wp-content\/uploads\/2017\/01\/unspecified-1-300x250.jpeg\" alt=\"\" width=\"269\" height=\"224\" srcset=\"http:\/\/www.landsbygdsturism.se\/wp-content\/uploads\/2017\/01\/unspecified-1-300x250.jpeg 300w, http:\/\/www.landsbygdsturism.se\/wp-content\/uploads\/2017\/01\/unspecified-1-150x125.jpeg 150w, http:\/\/www.landsbygdsturism.se\/wp-content\/uploads\/2017\/01\/unspecified-1-768x639.jpeg 768w, http:\/\/www.landsbygdsturism.se\/wp-content\/uploads\/2017\/01\/unspecified-1.jpeg 923w\" sizes=\"(max-width: 269px) 100vw, 269px\" \/><\/p>\n<p>Hyr v\u00e5r relaxavdelning och koppla av med bastu och en sk\u00f6n stund i mat-, l\u00e4s-och mysh\u00f6rnan. Vi v\u00e4rmer g\u00e4rna upp badtunnan f\u00f6r Dig och Ditt s\u00e4llskap, 2-8 personer, d\u00e4r ni kan sitta och titta p\u00e5 stj\u00e4rnorna i 39-gradigt vatten omgivna av vinterm\u00f6rkret eller sommarnatten.<\/p>\n<p>Vi serverar \u00f6l, g\u00e4rna lokalproducerad, eller vin och bjuder p\u00e5 tilltugg.<\/p>\n<h2>Fest- &amp; m\u00f6tesplats<\/h2>\n<p><img decoding=\"async\" loading=\"lazy\" class=\"alignnone size-medium wp-image-448\" src=\"http:\/\/www.landsbygdsturism.se\/wp-content\/uploads\/2017\/01\/unspecified-3-300x225.jpeg\" alt=\"\" width=\"300\" height=\"225\" srcset=\"http:\/\/www.landsbygdsturism.se\/wp-content\/uploads\/2017\/01\/unspecified-3-300x225.jpeg 300w, http:\/\/www.landsbygdsturism.se\/wp-content\/uploads\/2017\/01\/unspecified-3-150x113.jpeg 150w, http:\/\/www.landsbygdsturism.se\/wp-content\/uploads\/2017\/01\/unspecified-3-768x576.jpeg 768w, http:\/\/www.landsbygdsturism.se\/wp-content\/uploads\/2017\/01\/unspecified-3.jpeg 1024w\" sizes=\"(max-width: 300px) 100vw, 300px\" \/><\/p>\n<p>H\u00e4r kan Du h\u00e5lla fest och m\u00f6ten fr\u00e5n maj till oktober f\u00f6r 50-talet g\u00e4ster och deltagare i v\u00e5r inredda lag\u00e5rd och h\u00e4r kan Du fira Ditt br\u00f6llop och tillbringa br\u00f6llopsnatten i v\u00e5r svit utsmyckad speciellt f\u00f6r er.<\/p>\n<p>Hela \u00e5ret kan vi ta emot mindre grupper om 8-10 deltagare och 6-8 kan sova \u00f6ver om s\u00e5 \u00f6nskas. Vi har fullst\u00e4ndiga r\u00e4ttigheter.<\/p>\n<p>Wallhalla \u00e4r V\u00e4sterbottensg\u00e5rden fr\u00e5n tidigt 1800-tal som renoverats med gammaldags detaljer. Namnet \u201dWallhalla\u201d kombinerar v\u00e5rt efternamn med \u00e4gornas gamla beteckning \u201dHalla\u201d.<\/p>\n<p>H\u00e4r st\u00e4dar vi\u00a0<a href=\"http:\/\/www.enjo.net\/content\/se\/\">milj\u00f6v\u00e4nligt\u00a0<\/a>utan kemikalier.<\/p>\n<h2><strong>Hitta oss<\/strong><\/h2>\n<p><img decoding=\"async\" loading=\"lazy\" class=\"alignnone size-medium wp-image-453\" src=\"http:\/\/www.landsbygdsturism.se\/wp-content\/uploads\/2017\/01\/unspecified-9-300x200.jpeg\" alt=\"\" width=\"300\" height=\"200\" srcset=\"http:\/\/www.landsbygdsturism.se\/wp-content\/uploads\/2017\/01\/unspecified-9-300x200.jpeg 300w, http:\/\/www.landsbygdsturism.se\/wp-content\/uploads\/2017\/01\/unspecified-9-150x100.jpeg 150w, http:\/\/www.landsbygdsturism.se\/wp-content\/uploads\/2017\/01\/unspecified-9-768x512.jpeg 768w, http:\/\/www.landsbygdsturism.se\/wp-content\/uploads\/2017\/01\/unspecified-9.jpeg 1024w, http:\/\/www.landsbygdsturism.se\/wp-content\/uploads\/2017\/01\/unspecified-9-750x499.jpeg 750w, http:\/\/www.landsbygdsturism.se\/wp-content\/uploads\/2017\/01\/unspecified-9-360x240.jpeg 360w\" sizes=\"(max-width: 300px) 100vw, 300px\" \/><\/p>\n<p>K\u00f6r E12 fr\u00e5n Ume\u00e5 mot V\u00e4nn\u00e4s ca 24 km, tag h\u00f6ger f\u00f6re bron \u00f6ver Vindel\u00e4lven. Sv\u00e4ng v\u00e4nster efter 7 km vid skylten Inbyn.\u00a0Wallhalla \u00e4r f\u00f6rsta g\u00e5rden p\u00e5 h\u00f6ger sida.<\/p>\n<p><img decoding=\"async\" loading=\"lazy\" class=\" wp-image-454 alignright\" src=\"http:\/\/www.landsbygdsturism.se\/wp-content\/uploads\/2017\/01\/unspecified-10-300x200.jpeg\" alt=\"\" width=\"273\" height=\"182\" srcset=\"http:\/\/www.landsbygdsturism.se\/wp-content\/uploads\/2017\/01\/unspecified-10-300x200.jpeg 300w, http:\/\/www.landsbygdsturism.se\/wp-content\/uploads\/2017\/01\/unspecified-10-150x100.jpeg 150w, http:\/\/www.landsbygdsturism.se\/wp-content\/uploads\/2017\/01\/unspecified-10-768x512.jpeg 768w, http:\/\/www.landsbygdsturism.se\/wp-content\/uploads\/2017\/01\/unspecified-10.jpeg 1024w, http:\/\/www.landsbygdsturism.se\/wp-content\/uploads\/2017\/01\/unspecified-10-750x499.jpeg 750w, http:\/\/www.landsbygdsturism.se\/wp-content\/uploads\/2017\/01\/unspecified-10-360x240.jpeg 360w\" sizes=\"(max-width: 273px) 100vw, 273px\" \/><\/p>\n<p>0935-401 12, 070-662 90 75<\/p>\n<p><a href=\"info@wallhalla.se\">info@wallhalla.se<\/a><\/p>\n<p><a href=\"http:\/\/www.wallhalla.se\">http:\/\/www.wallhalla.se<\/a><\/p>\n<p>GPS: 63.980108,19.890377<\/p>\n<h2>V\u00e4lkomna!<\/h2>\n<p><em>Ing-Marie &amp; Stig Wall<\/em><\/p>","protected":false},"excerpt":{"rendered":"<p>Om V\u00e4nnfors Wallhalla, Inibyn V\u00e4nnfors p\u00e5 \u00f6stra sidan av or\u00f6rda Vindel\u00e4lven. H\u00e4r bor Du med n\u00e4rhet till \u00e4ngar, skog och vatten. En gammal jordbruksbygd dit de unga \u00e5terv\u00e4nder till den <a class=\"more-link\" href=\"http:\/\/www.landsbygdsturism.se\/sv\/boende\/wallhalla\/\">Continue Reading \u2192<\/a><\/p>\n","protected":false},"author":2,"featured_media":0,"parent":81,"menu_order":0,"comment_status":"closed","ping_status":"closed","template":"","meta":[],"_links":{"self":[{"href":"http:\/\/www.landsbygdsturism.se\/sv\/wp-json\/wp\/v2\/pages\/87"}],"collection":[{"href":"http:\/\/www.landsbygdsturism.se\/sv\/wp-json\/wp\/v2\/pages"}],"about":[{"href":"http:\/\/www.landsbygdsturism.se\/sv\/wp-json\/wp\/v2\/types\/page"}],"author":[{"embeddable":true,"href":"http:\/\/www.landsbygdsturism.se\/sv\/wp-json\/wp\/v2\/users\/2"}],"replies":[{"embeddable":true,"href":"http:\/\/www.landsbygdsturism.se\/sv\/wp-json\/wp\/v2\/comments?post=87"}],"version-history":[{"count":33,"href":"http:\/\/www.landsbygdsturism.se\/sv\/wp-json\/wp\/v2\/pages\/87\/revisions"}],"predecessor-version":[{"id":1074,"href":"http:\/\/www.landsbygdsturism.se\/sv\/wp-json\/wp\/v2\/pages\/87\/revisions\/1074"}],"up":[{"embeddable":true,"href":"http:\/\/www.landsbygdsturism.se\/sv\/wp-json\/wp\/v2\/pages\/81"}],"wp:attachment":[{"href":"http:\/\/www.landsbygdsturism.se\/sv\/wp-json\/wp\/v2\/media?parent=87"}],"curies":[{"name":"wp","href":"https:\/\/api.w.org\/{rel}","templated":true}]}}