{"id":138,"date":"2017-01-11T13:58:31","date_gmt":"2017-01-11T13:58:31","guid":{"rendered":"http:\/\/www.landsbygdsturism.se\/?page_id=138"},"modified":"2018-04-11T15:47:23","modified_gmt":"2018-04-11T15:47:23","slug":"by-the-river","status":"publish","type":"page","link":"http:\/\/www.landsbygdsturism.se\/sv\/boende\/by-the-river\/","title":{"rendered":"By The River, \u00d6stra Sp\u00f6land"},"content":{"rendered":"<p><img decoding=\"async\" loading=\"lazy\" class=\"alignnone size-medium wp-image-224\" src=\"http:\/\/www.landsbygdsturism.se\/wp-content\/uploads\/2017\/01\/By-the-river-640p-overview11-300x264.jpg\" alt=\"\" width=\"300\" height=\"264\" srcset=\"http:\/\/www.landsbygdsturism.se\/wp-content\/uploads\/2017\/01\/By-the-river-640p-overview11-300x264.jpg 300w, http:\/\/www.landsbygdsturism.se\/wp-content\/uploads\/2017\/01\/By-the-river-640p-overview11-150x132.jpg 150w, http:\/\/www.landsbygdsturism.se\/wp-content\/uploads\/2017\/01\/By-the-river-640p-overview11.jpg 545w\" sizes=\"(max-width: 300px) 100vw, 300px\" \/><\/p>\n<p>Huset har 12 b\u00e4ddar som \u00e4r f\u00f6rdelat p\u00e5 2 fyrb\u00e4ddsrum, 2 enkelrum och ett dubbelrum. P\u00e5 \u00f6verv\u00e5ningen finner ni ett luftigt allrum med en bed\u00e5rande utsikt \u00f6ver Vindel\u00e4lven. K\u00f6ket p\u00e5 entr\u00e9planet \u00e4r rymligt och fullt utrustat. Gratis internet.<\/p>\n<p>P\u00e5 g\u00e5rden finns ocks\u00e5 vedeldad bastu och badtunna att hyra. Sommartid hyr vi \u00e4ven ut kajaker f\u00f6r paddling i Vindel\u00e4lven.<\/p>\n<p><img decoding=\"async\" loading=\"lazy\" class=\"alignnone size-medium wp-image-588\" src=\"http:\/\/www.landsbygdsturism.se\/wp-content\/uploads\/2017\/01\/bytheriver140413-017-300x224.jpg\" alt=\"\" width=\"300\" height=\"224\" srcset=\"http:\/\/www.landsbygdsturism.se\/wp-content\/uploads\/2017\/01\/bytheriver140413-017-300x224.jpg 300w, http:\/\/www.landsbygdsturism.se\/wp-content\/uploads\/2017\/01\/bytheriver140413-017-150x112.jpg 150w, http:\/\/www.landsbygdsturism.se\/wp-content\/uploads\/2017\/01\/bytheriver140413-017-768x574.jpg 768w, http:\/\/www.landsbygdsturism.se\/wp-content\/uploads\/2017\/01\/bytheriver140413-017-1024x765.jpg 1024w\" sizes=\"(max-width: 300px) 100vw, 300px\" \/><\/p>\n<p><img decoding=\"async\" loading=\"lazy\" class=\"alignnone size-medium wp-image-589\" src=\"http:\/\/www.landsbygdsturism.se\/wp-content\/uploads\/2017\/01\/bytheriver140413-001-300x224.jpg\" alt=\"\" width=\"300\" height=\"224\" srcset=\"http:\/\/www.landsbygdsturism.se\/wp-content\/uploads\/2017\/01\/bytheriver140413-001-300x224.jpg 300w, http:\/\/www.landsbygdsturism.se\/wp-content\/uploads\/2017\/01\/bytheriver140413-001-150x112.jpg 150w, http:\/\/www.landsbygdsturism.se\/wp-content\/uploads\/2017\/01\/bytheriver140413-001-768x574.jpg 768w, http:\/\/www.landsbygdsturism.se\/wp-content\/uploads\/2017\/01\/bytheriver140413-001-1024x765.jpg 1024w\" sizes=\"(max-width: 300px) 100vw, 300px\" \/><\/p>\n<p><img decoding=\"async\" loading=\"lazy\" class=\"alignnone size-medium wp-image-590\" src=\"http:\/\/www.landsbygdsturism.se\/wp-content\/uploads\/2017\/01\/bytheriver140413-043-300x224.jpg\" alt=\"\" width=\"300\" height=\"224\" srcset=\"http:\/\/www.landsbygdsturism.se\/wp-content\/uploads\/2017\/01\/bytheriver140413-043-300x224.jpg 300w, http:\/\/www.landsbygdsturism.se\/wp-content\/uploads\/2017\/01\/bytheriver140413-043-150x112.jpg 150w, http:\/\/www.landsbygdsturism.se\/wp-content\/uploads\/2017\/01\/bytheriver140413-043-768x574.jpg 768w, http:\/\/www.landsbygdsturism.se\/wp-content\/uploads\/2017\/01\/bytheriver140413-043-1024x765.jpg 1024w\" sizes=\"(max-width: 300px) 100vw, 300px\" \/><\/p>\n<p><b>Kontakt<img decoding=\"async\" loading=\"lazy\" class=\"size-medium wp-image-591 alignright\" src=\"http:\/\/www.landsbygdsturism.se\/wp-content\/uploads\/2017\/01\/052-225x300.jpg\" alt=\"\" width=\"225\" height=\"300\" srcset=\"http:\/\/www.landsbygdsturism.se\/wp-content\/uploads\/2017\/01\/052-225x300.jpg 225w, http:\/\/www.landsbygdsturism.se\/wp-content\/uploads\/2017\/01\/052-113x150.jpg 113w, http:\/\/www.landsbygdsturism.se\/wp-content\/uploads\/2017\/01\/052-768x1024.jpg 768w\" sizes=\"(max-width: 225px) 100vw, 225px\" \/><\/b><br \/>\nStefan Lindgren<br \/>\n\u00d6stra Sp\u00f6land 82<br \/>\n911 92 V\u00e4nn\u00e4s<\/p>\n<p>070-249 88 79<\/p>\n<p><a href=\"info@bytheriver.se\">info@bytheriver.se<\/a><br \/>\n<a href=\"http:\/\/www.bytheriver.se\">www.bytheriver.se<\/a><\/p>\n<p><b>Geokoordinater<\/b><br \/>\nLat. 63.9458, Long. 19.8754<\/p>","protected":false},"excerpt":{"rendered":"<p>Huset har 12 b\u00e4ddar som \u00e4r f\u00f6rdelat p\u00e5 2 fyrb\u00e4ddsrum, 2 enkelrum och ett dubbelrum. P\u00e5 \u00f6verv\u00e5ningen finner ni ett luftigt allrum med en bed\u00e5rande utsikt \u00f6ver Vindel\u00e4lven. K\u00f6ket p\u00e5 <a class=\"more-link\" href=\"http:\/\/www.landsbygdsturism.se\/sv\/boende\/by-the-river\/\">Continue Reading \u2192<\/a><\/p>\n","protected":false},"author":2,"featured_media":0,"parent":81,"menu_order":0,"comment_status":"closed","ping_status":"closed","template":"","meta":[],"_links":{"self":[{"href":"http:\/\/www.landsbygdsturism.se\/sv\/wp-json\/wp\/v2\/pages\/138"}],"collection":[{"href":"http:\/\/www.landsbygdsturism.se\/sv\/wp-json\/wp\/v2\/pages"}],"about":[{"href":"http:\/\/www.landsbygdsturism.se\/sv\/wp-json\/wp\/v2\/types\/page"}],"author":[{"embeddable":true,"href":"http:\/\/www.landsbygdsturism.se\/sv\/wp-json\/wp\/v2\/users\/2"}],"replies":[{"embeddable":true,"href":"http:\/\/www.landsbygdsturism.se\/sv\/wp-json\/wp\/v2\/comments?post=138"}],"version-history":[{"count":8,"href":"http:\/\/www.landsbygdsturism.se\/sv\/wp-json\/wp\/v2\/pages\/138\/revisions"}],"predecessor-version":[{"id":958,"href":"http:\/\/www.landsbygdsturism.se\/sv\/wp-json\/wp\/v2\/pages\/138\/revisions\/958"}],"up":[{"embeddable":true,"href":"http:\/\/www.landsbygdsturism.se\/sv\/wp-json\/wp\/v2\/pages\/81"}],"wp:attachment":[{"href":"http:\/\/www.landsbygdsturism.se\/sv\/wp-json\/wp\/v2\/media?parent=138"}],"curies":[{"name":"wp","href":"https:\/\/api.w.org\/{rel}","templated":true}]}}