{"id":117,"date":"2017-01-11T12:14:31","date_gmt":"2017-01-11T12:14:31","guid":{"rendered":"http:\/\/www.landsbygdsturism.se\/?page_id=117"},"modified":"2018-04-11T14:44:22","modified_gmt":"2018-04-11T14:44:22","slug":"roda-antik","status":"publish","type":"page","link":"http:\/\/www.landsbygdsturism.se\/sv\/besoksmal\/roda-antik\/","title":{"rendered":"R\u00f6da Antik, R\u00f6d\u00e5sel"},"content":{"rendered":"<p><img decoding=\"async\" loading=\"lazy\" class=\"alignnone wp-image-578\" src=\"http:\/\/www.landsbygdsturism.se\/wp-content\/uploads\/2017\/01\/IMG_0523-e1485333564505-300x300.jpg\" alt=\"\" width=\"378\" height=\"378\" srcset=\"http:\/\/www.landsbygdsturism.se\/wp-content\/uploads\/2017\/01\/IMG_0523-e1485333564505-300x300.jpg 300w, http:\/\/www.landsbygdsturism.se\/wp-content\/uploads\/2017\/01\/IMG_0523-e1485333564505-150x150.jpg 150w, http:\/\/www.landsbygdsturism.se\/wp-content\/uploads\/2017\/01\/IMG_0523-e1485333564505-768x768.jpg 768w, http:\/\/www.landsbygdsturism.se\/wp-content\/uploads\/2017\/01\/IMG_0523-e1485333564505-1024x1024.jpg 1024w\" sizes=\"(max-width: 378px) 100vw, 378px\" \/><\/p>\n<p><b>V\u00e4lkommen till v\u00e5r v\u00e4lfyllda butik i <\/b><b>R\u00f6d\u00e5sel<\/b><b>\u00a0 p\u00e5 1 000 kvm med allt fr\u00e5n allmoge till nutid.<\/b><\/p>\n<p><img decoding=\"async\" loading=\"lazy\" class=\"alignnone size-medium wp-image-579\" src=\"http:\/\/www.landsbygdsturism.se\/wp-content\/uploads\/2017\/01\/IMG_0746-e1485333696751-225x300.jpg\" alt=\"\" width=\"225\" height=\"300\" srcset=\"http:\/\/www.landsbygdsturism.se\/wp-content\/uploads\/2017\/01\/IMG_0746-e1485333696751-225x300.jpg 225w, http:\/\/www.landsbygdsturism.se\/wp-content\/uploads\/2017\/01\/IMG_0746-e1485333696751-113x150.jpg 113w, http:\/\/www.landsbygdsturism.se\/wp-content\/uploads\/2017\/01\/IMG_0746-e1485333696751-768x1024.jpg 768w\" sizes=\"(max-width: 225px) 100vw, 225px\" \/>\u00a0<img decoding=\"async\" loading=\"lazy\" class=\"size-medium wp-image-580 alignleft\" src=\"http:\/\/www.landsbygdsturism.se\/wp-content\/uploads\/2017\/01\/IMG_0947-e1485333783727-225x300.jpg\" alt=\"\" width=\"225\" height=\"300\" srcset=\"http:\/\/www.landsbygdsturism.se\/wp-content\/uploads\/2017\/01\/IMG_0947-e1485333783727-225x300.jpg 225w, http:\/\/www.landsbygdsturism.se\/wp-content\/uploads\/2017\/01\/IMG_0947-e1485333783727-113x150.jpg 113w, http:\/\/www.landsbygdsturism.se\/wp-content\/uploads\/2017\/01\/IMG_0947-e1485333783727-768x1024.jpg 768w\" sizes=\"(max-width: 225px) 100vw, 225px\" \/><\/p>\n<p><img decoding=\"async\" loading=\"lazy\" class=\"alignnone wp-image-583\" src=\"http:\/\/www.landsbygdsturism.se\/wp-content\/uploads\/2017\/01\/20160916_133355-e1485334855593-300x169.jpg\" alt=\"\" width=\"465\" height=\"262\" srcset=\"http:\/\/www.landsbygdsturism.se\/wp-content\/uploads\/2017\/01\/20160916_133355-e1485334855593-300x169.jpg 300w, http:\/\/www.landsbygdsturism.se\/wp-content\/uploads\/2017\/01\/20160916_133355-e1485334855593-150x84.jpg 150w, http:\/\/www.landsbygdsturism.se\/wp-content\/uploads\/2017\/01\/20160916_133355-e1485334855593-768x432.jpg 768w, http:\/\/www.landsbygdsturism.se\/wp-content\/uploads\/2017\/01\/20160916_133355-e1485334855593-1024x576.jpg 1024w\" sizes=\"(max-width: 465px) 100vw, 465px\" \/><\/p>\n<p>Ring om \u00f6ppettider!<\/p>\n<p><b>Kontakt<\/b><\/p>\n<p>Mats Helmersson 070-632 24 74<\/p>\n<p>Ewa Lindahl 070-362 65 57<\/p>\n<p><a href=\"mailto:mhelmersson@hotmail.com\">mhelmersson@hotmail.com<\/a><\/p>\n<p><b>Geokoordinater<\/b><\/p>\n<p>Lat. 64.0901, Long. 19.9490<\/p>","protected":false},"excerpt":{"rendered":"<p>V\u00e4lkommen till v\u00e5r v\u00e4lfyllda butik i R\u00f6d\u00e5sel\u00a0 p\u00e5 1 000 kvm med allt fr\u00e5n allmoge till nutid. \u00a0 Ring om \u00f6ppettider! Kontakt Mats Helmersson 070-632 24 74 Ewa Lindahl 070-362 <a class=\"more-link\" href=\"http:\/\/www.landsbygdsturism.se\/sv\/besoksmal\/roda-antik\/\">Continue Reading \u2192<\/a><\/p>\n","protected":false},"author":2,"featured_media":0,"parent":94,"menu_order":0,"comment_status":"closed","ping_status":"closed","template":"","meta":[],"_links":{"self":[{"href":"http:\/\/www.landsbygdsturism.se\/sv\/wp-json\/wp\/v2\/pages\/117"}],"collection":[{"href":"http:\/\/www.landsbygdsturism.se\/sv\/wp-json\/wp\/v2\/pages"}],"about":[{"href":"http:\/\/www.landsbygdsturism.se\/sv\/wp-json\/wp\/v2\/types\/page"}],"author":[{"embeddable":true,"href":"http:\/\/www.landsbygdsturism.se\/sv\/wp-json\/wp\/v2\/users\/2"}],"replies":[{"embeddable":true,"href":"http:\/\/www.landsbygdsturism.se\/sv\/wp-json\/wp\/v2\/comments?post=117"}],"version-history":[{"count":11,"href":"http:\/\/www.landsbygdsturism.se\/sv\/wp-json\/wp\/v2\/pages\/117\/revisions"}],"predecessor-version":[{"id":945,"href":"http:\/\/www.landsbygdsturism.se\/sv\/wp-json\/wp\/v2\/pages\/117\/revisions\/945"}],"up":[{"embeddable":true,"href":"http:\/\/www.landsbygdsturism.se\/sv\/wp-json\/wp\/v2\/pages\/94"}],"wp:attachment":[{"href":"http:\/\/www.landsbygdsturism.se\/sv\/wp-json\/wp\/v2\/media?parent=117"}],"curies":[{"name":"wp","href":"https:\/\/api.w.org\/{rel}","templated":true}]}}