{"id":1076,"date":"2023-02-16T09:20:28","date_gmt":"2023-02-16T09:20:28","guid":{"rendered":"http:\/\/www.landsbygdsturism.se\/?page_id=1076"},"modified":"2023-02-16T09:50:11","modified_gmt":"2023-02-16T09:50:11","slug":"stallplats-hundsjon-rodasel","status":"publish","type":"page","link":"http:\/\/www.landsbygdsturism.se\/sv\/service\/stallplats-hundsjon-rodasel\/","title":{"rendered":"St\u00e4llplats Hundsj\u00f6n, R\u00f6d\u00e5sel"},"content":{"rendered":"<p><img decoding=\"async\" loading=\"lazy\" class=\"alignright size-medium wp-image-1077\" src=\"http:\/\/www.landsbygdsturism.se\/wp-content\/uploads\/2023\/02\/20220816_150519-300x123.jpg\" alt=\"\" width=\"300\" height=\"123\" srcset=\"http:\/\/www.landsbygdsturism.se\/wp-content\/uploads\/2023\/02\/20220816_150519-300x123.jpg 300w, http:\/\/www.landsbygdsturism.se\/wp-content\/uploads\/2023\/02\/20220816_150519-1024x419.jpg 1024w, http:\/\/www.landsbygdsturism.se\/wp-content\/uploads\/2023\/02\/20220816_150519-150x61.jpg 150w, http:\/\/www.landsbygdsturism.se\/wp-content\/uploads\/2023\/02\/20220816_150519-768x314.jpg 768w, http:\/\/www.landsbygdsturism.se\/wp-content\/uploads\/2023\/02\/20220816_150519-1536x629.jpg 1536w, http:\/\/www.landsbygdsturism.se\/wp-content\/uploads\/2023\/02\/20220816_150519-2048x839.jpg 2048w\" sizes=\"(max-width: 300px) 100vw, 300px\" \/><\/p>\n<p>400 m vid sidan av v\u00e4g 363 mellan Tavelsj\u00f6 och Vindeln ligger idylliska badplatsen Hundsj\u00f6n.<\/p>\n<p>Hundsj\u00f6n, fin badplats med brygga, sandstrand, flotte, flytande studsmatta, boule, beachvolley, \u00a0vindskydd\/grillplats, HC omkl\u00e4dning, HC utedass, el.\u00a0Platsen har en tillg\u00e4nglighetsanpassad fiskeflotte med elmotor att hyra mycket billigt. 2-5 rullstolar ryms samtidigt.<\/p>\n<p>N\u00e4rhet till \u00c4ventyrsparken i R\u00f6d\u00e5sel. H\u00e4r finns hinderbana, MTB, utegym, elljussp\u00e5r (sommar 3,5 km\/vinter 7,0 km), grillstuga, discgolf,<\/p>\n<p>Om du anv\u00e4nder str\u00f6m, swisha g\u00e4rna en slant f\u00f6r att t\u00e4cka v\u00e5ra kostnader 123 615 82 32.<\/p>\n<p>Platsen sk\u00f6ts av ideellt R\u00f6d\u00e5bygdens IK. Kontakt Alf S\u00f6derlund 070-6300651<\/p>\n<p><img decoding=\"async\" loading=\"lazy\" class=\"alignright size-medium wp-image-1078\" src=\"http:\/\/www.landsbygdsturism.se\/wp-content\/uploads\/2023\/02\/20220816_151438-300x225.jpg\" alt=\"\" width=\"300\" height=\"225\" srcset=\"http:\/\/www.landsbygdsturism.se\/wp-content\/uploads\/2023\/02\/20220816_151438-300x225.jpg 300w, http:\/\/www.landsbygdsturism.se\/wp-content\/uploads\/2023\/02\/20220816_151438-1024x768.jpg 1024w, http:\/\/www.landsbygdsturism.se\/wp-content\/uploads\/2023\/02\/20220816_151438-150x113.jpg 150w, http:\/\/www.landsbygdsturism.se\/wp-content\/uploads\/2023\/02\/20220816_151438-768x576.jpg 768w, http:\/\/www.landsbygdsturism.se\/wp-content\/uploads\/2023\/02\/20220816_151438-1536x1152.jpg 1536w, http:\/\/www.landsbygdsturism.se\/wp-content\/uploads\/2023\/02\/20220816_151438-2048x1536.jpg 2048w\" sizes=\"(max-width: 300px) 100vw, 300px\" \/><\/p>\n<p><img decoding=\"async\" loading=\"lazy\" class=\"size-medium wp-image-1079 alignleft\" src=\"http:\/\/www.landsbygdsturism.se\/wp-content\/uploads\/2023\/02\/DJI_0315-2-300x225.jpg\" alt=\"\" width=\"300\" height=\"225\" srcset=\"http:\/\/www.landsbygdsturism.se\/wp-content\/uploads\/2023\/02\/DJI_0315-2-300x225.jpg 300w, http:\/\/www.landsbygdsturism.se\/wp-content\/uploads\/2023\/02\/DJI_0315-2-150x112.jpg 150w, http:\/\/www.landsbygdsturism.se\/wp-content\/uploads\/2023\/02\/DJI_0315-2-768x575.jpg 768w, http:\/\/www.landsbygdsturism.se\/wp-content\/uploads\/2023\/02\/DJI_0315-2.jpg 1024w\" sizes=\"(max-width: 300px) 100vw, 300px\" \/><\/p>","protected":false},"excerpt":{"rendered":"<p>400 m vid sidan av v\u00e4g 363 mellan Tavelsj\u00f6 och Vindeln ligger idylliska badplatsen Hundsj\u00f6n. Hundsj\u00f6n, fin badplats med brygga, sandstrand, flotte, flytande studsmatta, boule, beachvolley, \u00a0vindskydd\/grillplats, HC omkl\u00e4dning, HC <a class=\"more-link\" href=\"http:\/\/www.landsbygdsturism.se\/sv\/service\/stallplats-hundsjon-rodasel\/\">Continue Reading \u2192<\/a><\/p>\n","protected":false},"author":2,"featured_media":0,"parent":180,"menu_order":0,"comment_status":"closed","ping_status":"closed","template":"","meta":[],"_links":{"self":[{"href":"http:\/\/www.landsbygdsturism.se\/sv\/wp-json\/wp\/v2\/pages\/1076"}],"collection":[{"href":"http:\/\/www.landsbygdsturism.se\/sv\/wp-json\/wp\/v2\/pages"}],"about":[{"href":"http:\/\/www.landsbygdsturism.se\/sv\/wp-json\/wp\/v2\/types\/page"}],"author":[{"embeddable":true,"href":"http:\/\/www.landsbygdsturism.se\/sv\/wp-json\/wp\/v2\/users\/2"}],"replies":[{"embeddable":true,"href":"http:\/\/www.landsbygdsturism.se\/sv\/wp-json\/wp\/v2\/comments?post=1076"}],"version-history":[{"count":5,"href":"http:\/\/www.landsbygdsturism.se\/sv\/wp-json\/wp\/v2\/pages\/1076\/revisions"}],"predecessor-version":[{"id":1086,"href":"http:\/\/www.landsbygdsturism.se\/sv\/wp-json\/wp\/v2\/pages\/1076\/revisions\/1086"}],"up":[{"embeddable":true,"href":"http:\/\/www.landsbygdsturism.se\/sv\/wp-json\/wp\/v2\/pages\/180"}],"wp:attachment":[{"href":"http:\/\/www.landsbygdsturism.se\/sv\/wp-json\/wp\/v2\/media?parent=1076"}],"curies":[{"name":"wp","href":"https:\/\/api.w.org\/{rel}","templated":true}]}}