{"id":214,"date":"2017-01-11T15:24:56","date_gmt":"2017-01-11T15:24:56","guid":{"rendered":"http:\/\/www.landsbygdsturism.se\/?page_id=214"},"modified":"2023-02-16T10:11:52","modified_gmt":"2023-02-16T10:11:52","slug":"elljusspar","status":"publish","type":"page","link":"http:\/\/www.landsbygdsturism.se\/en\/sport-motion-2\/elljusspar\/","title":{"rendered":"Electric light track, Tavelsj\u00f6"},"content":{"rendered":"<p><\/p>\n<p id=\"tw-target-text\" class=\"tw-data-text tw-text-large tw-ta\" dir=\"ltr\" data-placeholder=\"\u00d6vers\u00e4ttning\"><span class=\"Y2IQFc\" lang=\"en\">2.5 km. Start at the soccer field Klacken.<\/span><\/p>\n<p><strong>Contakt<\/strong><\/p>\n<p>Tavelsj\u00f6 AIK<\/p>\n<p>Bob\u00e4cksv\u00e4gen 30<\/p>\n<p>922 62 Tavelsj\u00f6<\/p>\n<p>070-263 07 39<\/p>\n<p><a href=\"johanna.sundqvist@umu.se\">johanna.sundqvist@umu.se<\/a><\/p>\n<p><a href=\"http:\/\/www.laget.se\">http:\/\/www.laget.se<\/a><\/p>\n<h3><\/h3>\n<p>&nbsp;<\/p>","protected":false},"excerpt":{"rendered":"<p>2.5 km. Start at the soccer field Klacken. Contakt Tavelsj\u00f6 AIK Bob\u00e4cksv\u00e4gen 30 922 62 Tavelsj\u00f6 070-263 07 39 johanna.sundqvist@umu.se http:\/\/www.laget.se &nbsp;<\/p>\n","protected":false},"author":2,"featured_media":0,"parent":732,"menu_order":0,"comment_status":"closed","ping_status":"closed","template":"","meta":[],"_links":{"self":[{"href":"http:\/\/www.landsbygdsturism.se\/en\/wp-json\/wp\/v2\/pages\/214"}],"collection":[{"href":"http:\/\/www.landsbygdsturism.se\/en\/wp-json\/wp\/v2\/pages"}],"about":[{"href":"http:\/\/www.landsbygdsturism.se\/en\/wp-json\/wp\/v2\/types\/page"}],"author":[{"embeddable":true,"href":"http:\/\/www.landsbygdsturism.se\/en\/wp-json\/wp\/v2\/users\/2"}],"replies":[{"embeddable":true,"href":"http:\/\/www.landsbygdsturism.se\/en\/wp-json\/wp\/v2\/comments?post=214"}],"version-history":[{"count":7,"href":"http:\/\/www.landsbygdsturism.se\/en\/wp-json\/wp\/v2\/pages\/214\/revisions"}],"predecessor-version":[{"id":1092,"href":"http:\/\/www.landsbygdsturism.se\/en\/wp-json\/wp\/v2\/pages\/214\/revisions\/1092"}],"up":[{"embeddable":true,"href":"http:\/\/www.landsbygdsturism.se\/en\/wp-json\/wp\/v2\/pages\/732"}],"wp:attachment":[{"href":"http:\/\/www.landsbygdsturism.se\/en\/wp-json\/wp\/v2\/media?parent=214"}],"curies":[{"name":"wp","href":"https:\/\/api.w.org\/{rel}","templated":true}]}}