{"id":862,"date":"2018-03-01T10:29:37","date_gmt":"2018-03-01T10:29:37","guid":{"rendered":"http:\/\/www.landsbygdsturism.se\/?page_id=862"},"modified":"2023-02-16T10:49:14","modified_gmt":"2023-02-16T10:49:14","slug":"ljadas-mat-aventyr","status":"publish","type":"page","link":"http:\/\/www.landsbygdsturism.se\/de\/sport-motion-2\/ljadas-mat-aventyr\/","title":{"rendered":"Lljadas Essen &#038; Abenteuer"},"content":{"rendered":"<p><\/p>\n<p id=\"tw-target-text\" class=\"tw-data-text tw-text-large tw-ta\" dir=\"ltr\" data-placeholder=\"\u00d6vers\u00e4ttning\"><strong><span class=\"Y2IQFc\" lang=\"de\">Kontakt<\/span><\/strong><\/p>\n<p class=\"tw-data-text tw-text-large tw-ta\" dir=\"ltr\" data-placeholder=\"\u00d6vers\u00e4ttning\"><span class=\"Y2IQFc\" lang=\"de\">Joakim Ljadas<\/span><\/p>\n<p class=\"tw-data-text tw-text-large tw-ta\" dir=\"ltr\" data-placeholder=\"\u00d6vers\u00e4ttning\"><span class=\"Y2IQFc\" lang=\"de\">R\u00f6d\u00e5sel<\/span><\/p>\n<p class=\"tw-data-text tw-text-large tw-ta\" dir=\"ltr\" data-placeholder=\"\u00d6vers\u00e4ttning\"><span class=\"Y2IQFc\" lang=\"de\">536 922 67 Tavelsj\u00f6<\/span><\/p>\n<p class=\"tw-data-text tw-text-large tw-ta\" dir=\"ltr\" data-placeholder=\"\u00d6vers\u00e4ttning\"><span class=\"Y2IQFc\" lang=\"de\">070-386 33 26<\/span><\/p>\n<p class=\"tw-data-text tw-text-large tw-ta\" dir=\"ltr\" data-placeholder=\"\u00d6vers\u00e4ttning\"><a href=\"mailto:info@ljadas.se\"><span class=\"Y2IQFc\" lang=\"de\">info@ljadas.se<\/span><\/a><\/p>\n<p class=\"tw-data-text tw-text-large tw-ta\" dir=\"ltr\" data-placeholder=\"\u00d6vers\u00e4ttning\"><a href=\"http:\/\/www.ljadas.se\"><span class=\"Y2IQFc\" lang=\"de\">www.ljadas.se<\/span><\/a><\/p>\n<p dir=\"ltr\" data-placeholder=\"\u00d6vers\u00e4ttning\">\n<p><\/p>","protected":false},"excerpt":{"rendered":"<p>Kontakt Joakim Ljadas R\u00f6d\u00e5sel 536 922 67 Tavelsj\u00f6 070-386 33 26 info@ljadas.se www.ljadas.se<\/p>\n","protected":false},"author":2,"featured_media":0,"parent":732,"menu_order":0,"comment_status":"closed","ping_status":"closed","template":"","meta":[],"_links":{"self":[{"href":"http:\/\/www.landsbygdsturism.se\/de\/wp-json\/wp\/v2\/pages\/862"}],"collection":[{"href":"http:\/\/www.landsbygdsturism.se\/de\/wp-json\/wp\/v2\/pages"}],"about":[{"href":"http:\/\/www.landsbygdsturism.se\/de\/wp-json\/wp\/v2\/types\/page"}],"author":[{"embeddable":true,"href":"http:\/\/www.landsbygdsturism.se\/de\/wp-json\/wp\/v2\/users\/2"}],"replies":[{"embeddable":true,"href":"http:\/\/www.landsbygdsturism.se\/de\/wp-json\/wp\/v2\/comments?post=862"}],"version-history":[{"count":5,"href":"http:\/\/www.landsbygdsturism.se\/de\/wp-json\/wp\/v2\/pages\/862\/revisions"}],"predecessor-version":[{"id":1102,"href":"http:\/\/www.landsbygdsturism.se\/de\/wp-json\/wp\/v2\/pages\/862\/revisions\/1102"}],"up":[{"embeddable":true,"href":"http:\/\/www.landsbygdsturism.se\/de\/wp-json\/wp\/v2\/pages\/732"}],"wp:attachment":[{"href":"http:\/\/www.landsbygdsturism.se\/de\/wp-json\/wp\/v2\/media?parent=862"}],"curies":[{"name":"wp","href":"https:\/\/api.w.org\/{rel}","templated":true}]}}