{"id":754,"date":"2018-01-14T15:15:52","date_gmt":"2018-01-14T15:15:52","guid":{"rendered":"http:\/\/www.landsbygdsturism.se\/?page_id=754"},"modified":"2018-04-11T13:52:52","modified_gmt":"2018-04-11T13:52:52","slug":"gullsjo-brod","status":"publish","type":"page","link":"http:\/\/www.landsbygdsturism.se\/de\/besoksmal\/gullsjo-brod\/","title":{"rendered":"Gullsj\u00f6 Br\u00f6d"},"content":{"rendered":"<p><img decoding=\"async\" loading=\"lazy\" class=\"alignright wp-image-854\" src=\"http:\/\/www.landsbygdsturism.se\/wp-content\/uploads\/2018\/01\/IMG_2825_edited1-300x185.jpg\" alt=\"\" width=\"320\" height=\"197\" srcset=\"http:\/\/www.landsbygdsturism.se\/wp-content\/uploads\/2018\/01\/IMG_2825_edited1-300x185.jpg 300w, http:\/\/www.landsbygdsturism.se\/wp-content\/uploads\/2018\/01\/IMG_2825_edited1-150x93.jpg 150w, http:\/\/www.landsbygdsturism.se\/wp-content\/uploads\/2018\/01\/IMG_2825_edited1-768x474.jpg 768w, http:\/\/www.landsbygdsturism.se\/wp-content\/uploads\/2018\/01\/IMG_2825_edited1.jpg 790w\" sizes=\"(max-width: 320px) 100vw, 320px\" \/><\/p>\n<p>Auf unserem Bauernhof in Fagerlund, V\u00e4nn\u00e4s, ist Gullsj\u00f6 Brot. Gullsj\u00f6, weil der See, wo die B\u00e4ckerei liegt, genannt wird. Die Idee meiner B\u00e4ckerei und ich m\u00f6chte mit meinem Logbuch zeigen: Ein von Waffen umgebenes Haus. ist der Gedanke und die Sorge der Person, die in der B\u00e4ckerei unabh\u00e4ngig von Geschlecht, Alterskultur und Sprache backt. Pflege der Rohstoffe, die wir verarbeiten. Ich m\u00f6chte auf die Ruhe und die Ruhe achten, die das Brot f\u00fcr mich macht und mein Wissen \u00fcber Handwerkskunst teilen.<\/p>\n<p>Nachdem ich viele Jahre als B\u00e4cker in der Bergstation Kebnekaise gearbeitet hatte, wollte ich tun, was ich am liebsten zuhause habe. Im Sommer 2016 bauten Familie, Freunde und ich eine kleine Bauernb\u00e4ckerei auf und der Traum konnte verwirklicht werden.<\/p>\n<p>Aktivit\u00e4ten und Preise:<\/p>\n<p>Men\u00fcs, 2-8 Personen 110: &#8211; \/ Person<\/p>\n<p><strong>Vegetarisches Mittagessen<br \/>\n<img decoding=\"async\" loading=\"lazy\" class=\"alignright wp-image-856\" src=\"http:\/\/www.landsbygdsturism.se\/wp-content\/uploads\/2018\/01\/DSCF9161_edited9.jpg\" alt=\"\" width=\"181\" height=\"303\" srcset=\"http:\/\/www.landsbygdsturism.se\/wp-content\/uploads\/2018\/01\/DSCF9161_edited9.jpg 114w, http:\/\/www.landsbygdsturism.se\/wp-content\/uploads\/2018\/01\/DSCF9161_edited9-90x150.jpg 90w\" sizes=\"(max-width: 181px) 100vw, 181px\" \/><\/strong>Moderate Suppe<br \/>\nBrot, Schnee und K\u00e4se<br \/>\nDessert<br \/>\nEssen und Trinken Getr\u00e4nke<br \/>\nKaffee<\/p>\n<p><strong>Pizza Lunch<\/strong><br \/>\nVedungnsbakad Pizza<br \/>\nKohlsalat<br \/>\nEssen und Trinken Getr\u00e4nke<br \/>\nKaffee, Tee und Kuchen<\/p>\n<p>Vorbestellt 0703-721104<\/p>\n<h4><strong>Br\u00f6dretrit<\/strong><\/h4>\n<p>950: &#8211; \/ Pers 2-4 Personen<br \/>\nHandwerkliche Grundlagen<br \/>\nEm Tee, Brotbrot, Sauna, Abendessen ohne Getr\u00e4nke, Kaffee, Tee, \u00dcbernachtung Loft, Fr\u00fchst\u00fcck mit eigenem Brot. Bettw\u00e4sche und Handt\u00fccher inklusive<\/p>\n<p>Ganzer Tag zur\u00fcck<br \/>\n650: &#8211; \/ Pers, 2-6 Personen<br \/>\nDie handwerklichen Grundlagen, Theorie und Backen.Fm fika.Lunch. Em. Telefon. Brot<\/p>\n<p>Halber Tag<br \/>\n400: &#8211; \/ pers, 2-8 Personen<br \/>\nK\u00fcrzere Einleitung im Handwerkshintergrund. Backen, Mittagessen, Brot, Fm Snack Alles. em fika<\/p>\n<h3>Unterkunft<\/h3>\n<p><strong>Fr\u00fchst\u00fcckspension<\/strong><br \/>\n650: &#8211; \/ Pers 2-4 Pers.<br \/>\n\u00dcbernachtung in Loftet. Sauna, Fr\u00fchst\u00fcck, Bettw\u00e4sche und Handt\u00fccher sind inklusive<\/p>\n<div>\n<p><strong>B, B &amp; B (Brot, Bett und Fr\u00fchst\u00fcck)<\/strong><br \/>\n750: &#8211;<br \/>\nBrottablett, \u00dcbernachtung im Loft, Sauna, Fr\u00fchst\u00fcck mit eigenem Brot. Bettw\u00e4sche und Handt\u00fccher sind inklusive.<\/p>\n<p><strong>Tagesmiete \/ Abendmiete der B\u00e4ckerei inkl<\/strong><br \/>\n200: &#8211; \/ Person min 600: &#8211;<\/p>\n<\/div>\n<h3><strong><span class=\"textheading2\">Stecker<\/span><\/strong><\/h3>\n<p><img decoding=\"async\" loading=\"lazy\" class=\" wp-image-756 alignright\" src=\"http:\/\/www.landsbygdsturism.se\/wp-content\/uploads\/2018\/01\/IMG_0728-300x300.jpg\" alt=\"\" width=\"279\" height=\"279\" srcset=\"http:\/\/www.landsbygdsturism.se\/wp-content\/uploads\/2018\/01\/IMG_0728-300x300.jpg 300w, http:\/\/www.landsbygdsturism.se\/wp-content\/uploads\/2018\/01\/IMG_0728-150x150.jpg 150w, http:\/\/www.landsbygdsturism.se\/wp-content\/uploads\/2018\/01\/IMG_0728.jpg 320w\" sizes=\"(max-width: 279px) 100vw, 279px\" \/><\/p>\n<p>Helen Roslund<br \/>\nFagerlund 106<br \/>\n911 91 V\u00e4nn\u00e4s<br \/>\n<span class=\"textnormal mobile-undersized-upper\">\u00a0(0046) 070 3721104<\/span><\/p>\n<p><span class=\"textnormal mobile-undersized-upper\"><a href=\"gullsjobrod@gmail.com\">gullsjobrod@gmail.com<\/a><\/span><br \/>\n<a href=\"http:\/\/www.gullsjobrod.se\">www.gullsjobrod.se<\/a><\/p>","protected":false},"excerpt":{"rendered":"<p>Auf unserem Bauernhof in Fagerlund, V\u00e4nn\u00e4s, ist Gullsj\u00f6 Brot. Gullsj\u00f6, weil der See, wo die B\u00e4ckerei liegt, genannt wird. Die Idee meiner B\u00e4ckerei und ich m\u00f6chte mit meinem Logbuch zeigen: <a class=\"more-link\" href=\"http:\/\/www.landsbygdsturism.se\/de\/besoksmal\/gullsjo-brod\/\">Continue Reading \u2192<\/a><\/p>\n","protected":false},"author":2,"featured_media":0,"parent":94,"menu_order":0,"comment_status":"closed","ping_status":"closed","template":"","meta":[],"_links":{"self":[{"href":"http:\/\/www.landsbygdsturism.se\/de\/wp-json\/wp\/v2\/pages\/754"}],"collection":[{"href":"http:\/\/www.landsbygdsturism.se\/de\/wp-json\/wp\/v2\/pages"}],"about":[{"href":"http:\/\/www.landsbygdsturism.se\/de\/wp-json\/wp\/v2\/types\/page"}],"author":[{"embeddable":true,"href":"http:\/\/www.landsbygdsturism.se\/de\/wp-json\/wp\/v2\/users\/2"}],"replies":[{"embeddable":true,"href":"http:\/\/www.landsbygdsturism.se\/de\/wp-json\/wp\/v2\/comments?post=754"}],"version-history":[{"count":34,"href":"http:\/\/www.landsbygdsturism.se\/de\/wp-json\/wp\/v2\/pages\/754\/revisions"}],"predecessor-version":[{"id":926,"href":"http:\/\/www.landsbygdsturism.se\/de\/wp-json\/wp\/v2\/pages\/754\/revisions\/926"}],"up":[{"embeddable":true,"href":"http:\/\/www.landsbygdsturism.se\/de\/wp-json\/wp\/v2\/pages\/94"}],"wp:attachment":[{"href":"http:\/\/www.landsbygdsturism.se\/de\/wp-json\/wp\/v2\/media?parent=754"}],"curies":[{"name":"wp","href":"https:\/\/api.w.org\/{rel}","templated":true}]}}