{"id":682,"date":"2017-05-03T09:43:07","date_gmt":"2017-05-03T09:43:07","guid":{"rendered":"http:\/\/www.landsbygdsturism.se\/?page_id=682"},"modified":"2018-04-09T08:32:44","modified_gmt":"2018-04-09T08:32:44","slug":"wardshuset-prastgarden-tavelsjo","status":"publish","type":"page","link":"http:\/\/www.landsbygdsturism.se\/de\/besoksmal\/wardshuset-prastgarden-tavelsjo\/","title":{"rendered":"W\u00e4rdshuset Tavelsj\u00f6"},"content":{"rendered":"<p><img decoding=\"async\" loading=\"lazy\" class=\"alignnone wp-image-571\" src=\"http:\/\/www.landsbygdsturism.se\/wp-content\/uploads\/2017\/01\/unnamed-2-300x199.jpg\" alt=\"\" width=\"412\" height=\"273\" srcset=\"http:\/\/www.landsbygdsturism.se\/wp-content\/uploads\/2017\/01\/unnamed-2-300x199.jpg 300w, http:\/\/www.landsbygdsturism.se\/wp-content\/uploads\/2017\/01\/unnamed-2-150x99.jpg 150w, http:\/\/www.landsbygdsturism.se\/wp-content\/uploads\/2017\/01\/unnamed-2-768x508.jpg 768w, http:\/\/www.landsbygdsturism.se\/wp-content\/uploads\/2017\/01\/unnamed-2-1024x678.jpg 1024w, http:\/\/www.landsbygdsturism.se\/wp-content\/uploads\/2017\/01\/unnamed-2-750x499.jpg 750w, http:\/\/www.landsbygdsturism.se\/wp-content\/uploads\/2017\/01\/unnamed-2-360x240.jpg 360w, http:\/\/www.landsbygdsturism.se\/wp-content\/uploads\/2017\/01\/unnamed-2.jpg 1124w\" sizes=\"(max-width: 412px) 100vw, 412px\" \/><\/p>\n<p><strong>Das W\u00e4rdshuset Tavelsj\u00f6 liegt wundersch\u00f6n am Tavelsj\u00f6n, fast von Mauern umgeben mit Bl\u00e5eld.<\/strong><\/p>\n<h3>Stunden<\/h3>\n<p>September bis Mitte Juni<strong><img decoding=\"async\" loading=\"lazy\" class=\"wp-image-871 alignright\" src=\"http:\/\/www.landsbygdsturism.se\/wp-content\/uploads\/2018\/03\/IMG_0323-300x200.jpg\" alt=\"\" width=\"315\" height=\"210\" srcset=\"http:\/\/www.landsbygdsturism.se\/wp-content\/uploads\/2018\/03\/IMG_0323-300x200.jpg 300w, http:\/\/www.landsbygdsturism.se\/wp-content\/uploads\/2018\/03\/IMG_0323-150x100.jpg 150w, http:\/\/www.landsbygdsturism.se\/wp-content\/uploads\/2018\/03\/IMG_0323-768x512.jpg 768w, http:\/\/www.landsbygdsturism.se\/wp-content\/uploads\/2018\/03\/IMG_0323-1024x683.jpg 1024w, http:\/\/www.landsbygdsturism.se\/wp-content\/uploads\/2018\/03\/IMG_0323-750x499.jpg 750w, http:\/\/www.landsbygdsturism.se\/wp-content\/uploads\/2018\/03\/IMG_0323-360x240.jpg 360w\" sizes=\"(max-width: 315px) 100vw, 315px\" \/><\/strong><br \/>\nOffene Wochenenden.<\/p>\n<p>Von der Mittsommerwoche bis September<br \/>\n\u00d6ffnen Sie jeden Tag f\u00fcr Kaffee und Mittagessen.<br \/>\nAn den Mittwochabenden haben wir eine Nacht mit Aktivit\u00e4ten wie hei\u00dfen B\u00e4dern und Quizn\u00e4chten.<\/p>\n<p>Wir servieren gutes, hausgemachtes Essen mit eng produzierten Produkten und kooperieren unter anderem mit Oxviken&#8217;s Farm und H\u00e4gnareg\u00e5rden.<br \/>\nEinmal im Monat haben wir Pubn\u00e4chte und AW, die gut besucht und beliebt sind. Weitere Informationen finden Sie auf unserer Facebook-Seite: www.facebook.com\/wardshusettavelsjo\/<\/p>\n<h3>Weihnachten<\/h3>\n<p>Wir haben einen Weihnachtstisch im Dezember, einen Veganer \/ Vegetarier und der Rest ist ein traditioneller Weihnachtstisch.<\/p>\n<h3>Verpflegung<\/h3>\n<p>Wir bieten auch Essen, am meisten durch unsere vegetarische Verpflegung Schneeschuh; www.sn\u00e5ttren.se aber auch &#8220;normales&#8221; Essen.<\/p>\n<h3>Reservierungen<\/h3>\n<p><strong><img decoding=\"async\" loading=\"lazy\" class=\"wp-image-872 alignright\" src=\"http:\/\/www.landsbygdsturism.se\/wp-content\/uploads\/2018\/03\/br\u00f6llop.jpg\" alt=\"\" width=\"258\" height=\"258\" srcset=\"http:\/\/www.landsbygdsturism.se\/wp-content\/uploads\/2018\/03\/br\u00f6llop.jpg 200w, http:\/\/www.landsbygdsturism.se\/wp-content\/uploads\/2018\/03\/br\u00f6llop-150x150.jpg 150w\" sizes=\"(max-width: 258px) 100vw, 258px\" \/><\/strong>Wir erhalten Buchungen wie Busladungen, Gedenkst\u00e4tten, Hochzeiten, Hochzeiten oder Firmen, die ihren Mitarbeitern etwas Gutes bieten wollen.<br \/>\nWir haben volle Rechte.<\/p>\n<h3>Stecker<\/h3>\n<p>Strandv\u00e4gen 25<br \/>\n966 62 Tavelsj\u00f6<br \/>\n+46 70 243 29 40<br \/>\nmail: warshuset@tavelsjo.se<\/p>\n<p>Ich hoffe, wir sehen uns!<\/p>\n<h3>Willkommen W\u00fcnsche<\/h3>\n<p><em>Carina und Mia<\/em><\/p>\n<p>&nbsp;<\/p>\n<p>&nbsp;<\/p>","protected":false},"excerpt":{"rendered":"<p>Das W\u00e4rdshuset Tavelsj\u00f6 liegt wundersch\u00f6n am Tavelsj\u00f6n, fast von Mauern umgeben mit Bl\u00e5eld. Stunden September bis Mitte Juni Offene Wochenenden. Von der Mittsommerwoche bis September \u00d6ffnen Sie jeden Tag f\u00fcr <a class=\"more-link\" href=\"http:\/\/www.landsbygdsturism.se\/de\/besoksmal\/wardshuset-prastgarden-tavelsjo\/\">Continue Reading \u2192<\/a><\/p>\n","protected":false},"author":2,"featured_media":0,"parent":94,"menu_order":0,"comment_status":"closed","ping_status":"closed","template":"","meta":[],"_links":{"self":[{"href":"http:\/\/www.landsbygdsturism.se\/de\/wp-json\/wp\/v2\/pages\/682"}],"collection":[{"href":"http:\/\/www.landsbygdsturism.se\/de\/wp-json\/wp\/v2\/pages"}],"about":[{"href":"http:\/\/www.landsbygdsturism.se\/de\/wp-json\/wp\/v2\/types\/page"}],"author":[{"embeddable":true,"href":"http:\/\/www.landsbygdsturism.se\/de\/wp-json\/wp\/v2\/users\/2"}],"replies":[{"embeddable":true,"href":"http:\/\/www.landsbygdsturism.se\/de\/wp-json\/wp\/v2\/comments?post=682"}],"version-history":[{"count":25,"href":"http:\/\/www.landsbygdsturism.se\/de\/wp-json\/wp\/v2\/pages\/682\/revisions"}],"predecessor-version":[{"id":923,"href":"http:\/\/www.landsbygdsturism.se\/de\/wp-json\/wp\/v2\/pages\/682\/revisions\/923"}],"up":[{"embeddable":true,"href":"http:\/\/www.landsbygdsturism.se\/de\/wp-json\/wp\/v2\/pages\/94"}],"wp:attachment":[{"href":"http:\/\/www.landsbygdsturism.se\/de\/wp-json\/wp\/v2\/media?parent=682"}],"curies":[{"name":"wp","href":"https:\/\/api.w.org\/{rel}","templated":true}]}}