{"id":665,"date":"2017-04-22T07:05:11","date_gmt":"2017-04-22T07:05:11","guid":{"rendered":"http:\/\/www.landsbygdsturism.se\/?page_id=665"},"modified":"2018-04-11T16:04:55","modified_gmt":"2018-04-11T16:04:55","slug":"mc-camp-langviksvallen","status":"publish","type":"page","link":"http:\/\/www.landsbygdsturism.se\/de\/boende\/mc-camp-langviksvallen\/","title":{"rendered":"MC Camp, L\u00e5ngviksvallen"},"content":{"rendered":"<p><div id=\"attachment_666\" style=\"width: 596px\" class=\"wp-caption alignnone\"><img aria-describedby=\"caption-attachment-666\" decoding=\"async\" loading=\"lazy\" class=\" wp-image-666\" src=\"http:\/\/www.landsbygdsturism.se\/wp-content\/uploads\/2017\/04\/Tavelsjo-300x185.jpg\" alt=\"\" width=\"586\" height=\"361\" srcset=\"http:\/\/www.landsbygdsturism.se\/wp-content\/uploads\/2017\/04\/Tavelsjo-300x185.jpg 300w, http:\/\/www.landsbygdsturism.se\/wp-content\/uploads\/2017\/04\/Tavelsjo-150x92.jpg 150w, http:\/\/www.landsbygdsturism.se\/wp-content\/uploads\/2017\/04\/Tavelsjo.jpg 580w\" sizes=\"(max-width: 586px) 100vw, 586px\" \/><p id=\"caption-attachment-666\" class=\"wp-caption-text\"><em>Ansicht von Tavelsj\u00f6n<\/em><\/p><\/div><\/p>\n<h1>MC Camp und \u00dcbernachtung<\/h1>\n<p>Auf der alten S\u00e4ge in L\u00e5ngviksvallen haben wir ein Zimmer mit 26 Betten f\u00fcr Touristen, die eine Unterkunft brauchen. Wir haben auch gro\u00dfe Gr\u00fcnfl\u00e4chen am Strand von Tavelsj\u00f6ns f\u00fcr Zelte.<\/p>\n<p>Es ist ein sehr einfacher Standard, aber MC-Leute sind normalerweise an Outdoor-Aktivit\u00e4ten gew\u00f6hnt, so dass Sie sich sicher am\u00fcsieren werden.<\/p>\n<p>Ruf einfach an und erhalte Anweisungen. Sollte niemand antworten, nehmen Sie einfach einen Schlafplatz.<\/p>\n<p>Nat\u00fcrlich ist es v\u00f6llig frei, bei uns zu bleiben, da wir es nur als eine M\u00f6glichkeit sehen, all die Hilfe zur\u00fcck zu bekommen, die wir auf unseren Reisen erhalten haben. Wenn wir an Ort und Stelle sind, werden wir auch sicherstellen, dass Sie vor Ihrer Reise fr\u00fchst\u00fccken.<\/p>\n<h2>Willkommen!<\/h2>\n<p><strong>Sawmill MC Tavelsj\u00f6<\/strong><br \/>\nL\u00e5ngviksvallen 71<br \/>\n922 66 Tavelsj\u00f6<\/p>\n<p>Info 070-573 90 31 Kent<\/p>\n<p>Geokoordinater Lat\u00a0<span class=\"m_4120971831037802313highlight\"><span class=\"m_4120971831037802313colour\"><span class=\"m_4120971831037802313font\"><span class=\"m_4120971831037802313size\">63.99470, Long 20.04000<\/span><\/span><\/span><\/span><\/p>","protected":false},"excerpt":{"rendered":"<p>MC Camp und \u00dcbernachtung Auf der alten S\u00e4ge in L\u00e5ngviksvallen haben wir ein Zimmer mit 26 Betten f\u00fcr Touristen, die eine Unterkunft brauchen. Wir haben auch gro\u00dfe Gr\u00fcnfl\u00e4chen am Strand <a class=\"more-link\" href=\"http:\/\/www.landsbygdsturism.se\/de\/boende\/mc-camp-langviksvallen\/\">Continue Reading \u2192<\/a><\/p>\n","protected":false},"author":2,"featured_media":0,"parent":81,"menu_order":0,"comment_status":"closed","ping_status":"closed","template":"","meta":[],"_links":{"self":[{"href":"http:\/\/www.landsbygdsturism.se\/de\/wp-json\/wp\/v2\/pages\/665"}],"collection":[{"href":"http:\/\/www.landsbygdsturism.se\/de\/wp-json\/wp\/v2\/pages"}],"about":[{"href":"http:\/\/www.landsbygdsturism.se\/de\/wp-json\/wp\/v2\/types\/page"}],"author":[{"embeddable":true,"href":"http:\/\/www.landsbygdsturism.se\/de\/wp-json\/wp\/v2\/users\/2"}],"replies":[{"embeddable":true,"href":"http:\/\/www.landsbygdsturism.se\/de\/wp-json\/wp\/v2\/comments?post=665"}],"version-history":[{"count":6,"href":"http:\/\/www.landsbygdsturism.se\/de\/wp-json\/wp\/v2\/pages\/665\/revisions"}],"predecessor-version":[{"id":969,"href":"http:\/\/www.landsbygdsturism.se\/de\/wp-json\/wp\/v2\/pages\/665\/revisions\/969"}],"up":[{"embeddable":true,"href":"http:\/\/www.landsbygdsturism.se\/de\/wp-json\/wp\/v2\/pages\/81"}],"wp:attachment":[{"href":"http:\/\/www.landsbygdsturism.se\/de\/wp-json\/wp\/v2\/media?parent=665"}],"curies":[{"name":"wp","href":"https:\/\/api.w.org\/{rel}","templated":true}]}}