{"id":624,"date":"2017-01-31T07:10:14","date_gmt":"2017-01-31T07:10:14","guid":{"rendered":"http:\/\/www.landsbygdsturism.se\/?page_id=624"},"modified":"2023-02-16T10:04:49","modified_gmt":"2023-02-16T10:04:49","slug":"elljusspar-rodasel","status":"publish","type":"page","link":"http:\/\/www.landsbygdsturism.se\/de\/sport-motion-2\/elljusspar-rodasel\/","title":{"rendered":"Elektrische Lichtschiene, R\u00f6d\u00e5sel"},"content":{"rendered":"<p><\/p>\n<p id=\"tw-target-text\" class=\"tw-data-text tw-text-large tw-ta\" dir=\"ltr\" data-placeholder=\"\u00d6vers\u00e4ttning\"><span class=\"Y2IQFc\" lang=\"de\">3,5 und 7 km. Beginnen Sie gegen\u00fcber der Tankstelle.<\/span><\/p>\n<p class=\"tw-data-text tw-text-large tw-ta\" dir=\"ltr\" data-placeholder=\"\u00d6vers\u00e4ttning\"><span class=\"Y2IQFc\" lang=\"de\">Au\u00dferdem gibt es eine 5 km lange Tagesloipe neben der elektrischen Lichtloipe namens Kamsp\u00e5ret.<\/span><\/p>\n<p class=\"tw-data-text tw-text-large tw-ta\" dir=\"ltr\" data-placeholder=\"\u00d6vers\u00e4ttning\"><strong><span class=\"Y2IQFc\" lang=\"de\">Kontakt:<\/span><\/strong><\/p>\n<p><strong>Kontakt<\/strong><\/p>\n<p>R\u00f6d\u00e5bygdens IK<\/p>\n<p>Alf S\u00f6derlund<\/p>\n<p>070-630 06 51<\/p>\n<p><a href=\"alf.soderlund@rodabygden.com\">alf.soderlund@rodabygden.com<\/a><\/p>\n<p><a href=\"http:\/\/www.rodabygden.se\">http:\/\/www.rodabygden.com<\/a><\/p>\n<p>&nbsp;<\/p>","protected":false},"excerpt":{"rendered":"<p>3,5 und 7 km. Beginnen Sie gegen\u00fcber der Tankstelle. Au\u00dferdem gibt es eine 5 km lange Tagesloipe neben der elektrischen Lichtloipe namens Kamsp\u00e5ret. Kontakt: Kontakt R\u00f6d\u00e5bygdens IK Alf S\u00f6derlund 070-630 <a class=\"more-link\" href=\"http:\/\/www.landsbygdsturism.se\/de\/sport-motion-2\/elljusspar-rodasel\/\">Continue Reading \u2192<\/a><\/p>\n","protected":false},"author":2,"featured_media":0,"parent":732,"menu_order":0,"comment_status":"closed","ping_status":"closed","template":"","meta":[],"_links":{"self":[{"href":"http:\/\/www.landsbygdsturism.se\/de\/wp-json\/wp\/v2\/pages\/624"}],"collection":[{"href":"http:\/\/www.landsbygdsturism.se\/de\/wp-json\/wp\/v2\/pages"}],"about":[{"href":"http:\/\/www.landsbygdsturism.se\/de\/wp-json\/wp\/v2\/types\/page"}],"author":[{"embeddable":true,"href":"http:\/\/www.landsbygdsturism.se\/de\/wp-json\/wp\/v2\/users\/2"}],"replies":[{"embeddable":true,"href":"http:\/\/www.landsbygdsturism.se\/de\/wp-json\/wp\/v2\/comments?post=624"}],"version-history":[{"count":5,"href":"http:\/\/www.landsbygdsturism.se\/de\/wp-json\/wp\/v2\/pages\/624\/revisions"}],"predecessor-version":[{"id":1090,"href":"http:\/\/www.landsbygdsturism.se\/de\/wp-json\/wp\/v2\/pages\/624\/revisions\/1090"}],"up":[{"embeddable":true,"href":"http:\/\/www.landsbygdsturism.se\/de\/wp-json\/wp\/v2\/pages\/732"}],"wp:attachment":[{"href":"http:\/\/www.landsbygdsturism.se\/de\/wp-json\/wp\/v2\/media?parent=624"}],"curies":[{"name":"wp","href":"https:\/\/api.w.org\/{rel}","templated":true}]}}