{"id":194,"date":"2017-01-11T14:44:55","date_gmt":"2017-01-11T14:44:55","guid":{"rendered":"http:\/\/www.landsbygdsturism.se\/?page_id=194"},"modified":"2018-04-12T10:36:42","modified_gmt":"2018-04-12T10:36:42","slug":"huslakarnas-halsocentral","status":"publish","type":"page","link":"http:\/\/www.landsbygdsturism.se\/de\/service\/huslakarnas-halsocentral\/","title":{"rendered":"Husl\u00e4karnas H\u00e4lsocentral, Tavelsj\u00f6"},"content":{"rendered":"<p><strong>Willkommen in unserer neuen Niederlassung in Tavelsj\u00f6, die am 1. April 2014 er\u00f6ffnet wurde.<\/strong><\/p>\n<p>Die Hauptaktivit\u00e4ten der Allgemeinmediziner sind f\u00fcr den Empfang in Ume\u00e5 bestimmt, aber das Ziel ist die F\u00f6rderung einer guten und nachhaltigen Gesundheitsversorgung in l\u00e4ndlichen Gebieten. In der Vergangenheit hat der Bezirkspflegedienst an vielen kleineren Orten Sicherheit geschaffen &#8211; heute sind die meisten Menschen verlassen.<\/p>\n<p>Die \u00c4rzte w\u00fcnschen durch ihre Initiative, den Trend umzukehren und eine gute Gesundheitsversorgung, insbesondere f\u00fcr \u00e4ltere Menschen und Multivitamine, zu f\u00f6rdern und sicherzustellen, dass sie auf dem Land leben.<\/p>\n<p>Unser Ziel ist es, die Bed\u00fcrfnisse der Gemeinschaft im Gesundheitswesen zu evaluieren. Wir beginnen an drei Tagen in der Woche, dienstags bis donnerstags, um 9-15 Uhr Distriktpflege anzubieten.<\/p>\n<p>Wir hoffen daher, dass dies Teil der Entwicklung von Tavelsj\u00f6bygden sein wird, und betonen die Wichtigkeit einer guten Gesundheitsversorgung und pr\u00e4ventiver Gesundheitsf\u00f6rderung.<\/p>\n<p><strong>Stunden<\/strong><br \/>\nDienstag &#8211; Donnerstag 9.00-15.00 Uhr<br \/>\nMittagessen von 12:00 bis 13:00 Uhr<\/p>\n<p><strong>Telefonzeiten<\/strong><br \/>\nDienstag und Mittwoch um 08.15 bis 09.00 Uhr<br \/>\n090-785 76 30<br \/>\n(Andere Zeiten antworten wir, wenn wir k\u00f6nnen)<\/p>\n<p><strong>Offene Pflegegewohnheiten im Distrikt<\/strong><br \/>\nDienstag &#8211; Donnerstag 9.00-10.00 Uhr<\/p>\n<p><strong>Drop-in-Probenahme f\u00fcr verschriebene Blutproben<\/strong><br \/>\nDienstag und Donnerstag von 09:00 bis 10:00 Uhr<\/p>\n<p><strong>Kontakt<\/strong><br \/>\nStrandv\u00e4gen 31<br \/>\n922 62 Tavelsj\u00f6<br \/>\n090-785 93 88<\/p>\n<p><a href=\"http:\/\/www.huslakarna-umea.se\">www.huslakarna-umea.se<\/a><\/p>\n<p><b>Geokoordinater<\/b><\/p>\n<p>Lat. 64.0369, Long. 20.0523<\/p>","protected":false},"excerpt":{"rendered":"<p>Willkommen in unserer neuen Niederlassung in Tavelsj\u00f6, die am 1. April 2014 er\u00f6ffnet wurde. Die Hauptaktivit\u00e4ten der Allgemeinmediziner sind f\u00fcr den Empfang in Ume\u00e5 bestimmt, aber das Ziel ist die <a class=\"more-link\" href=\"http:\/\/www.landsbygdsturism.se\/de\/service\/huslakarnas-halsocentral\/\">Continue Reading \u2192<\/a><\/p>\n","protected":false},"author":2,"featured_media":0,"parent":180,"menu_order":0,"comment_status":"closed","ping_status":"closed","template":"","meta":[],"_links":{"self":[{"href":"http:\/\/www.landsbygdsturism.se\/de\/wp-json\/wp\/v2\/pages\/194"}],"collection":[{"href":"http:\/\/www.landsbygdsturism.se\/de\/wp-json\/wp\/v2\/pages"}],"about":[{"href":"http:\/\/www.landsbygdsturism.se\/de\/wp-json\/wp\/v2\/types\/page"}],"author":[{"embeddable":true,"href":"http:\/\/www.landsbygdsturism.se\/de\/wp-json\/wp\/v2\/users\/2"}],"replies":[{"embeddable":true,"href":"http:\/\/www.landsbygdsturism.se\/de\/wp-json\/wp\/v2\/comments?post=194"}],"version-history":[{"count":7,"href":"http:\/\/www.landsbygdsturism.se\/de\/wp-json\/wp\/v2\/pages\/194\/revisions"}],"predecessor-version":[{"id":995,"href":"http:\/\/www.landsbygdsturism.se\/de\/wp-json\/wp\/v2\/pages\/194\/revisions\/995"}],"up":[{"embeddable":true,"href":"http:\/\/www.landsbygdsturism.se\/de\/wp-json\/wp\/v2\/pages\/180"}],"wp:attachment":[{"href":"http:\/\/www.landsbygdsturism.se\/de\/wp-json\/wp\/v2\/media?parent=194"}],"curies":[{"name":"wp","href":"https:\/\/api.w.org\/{rel}","templated":true}]}}