{"id":178,"date":"2017-01-11T14:20:29","date_gmt":"2017-01-11T14:20:29","guid":{"rendered":"http:\/\/www.landsbygdsturism.se\/?page_id=178"},"modified":"2018-04-26T13:52:54","modified_gmt":"2018-04-26T13:52:54","slug":"umeafishing-se-signilsback","status":"publish","type":"page","link":"http:\/\/www.landsbygdsturism.se\/de\/fiske\/umeafishing-se-signilsback\/","title":{"rendered":"Umeafishing.se, Signilsb\u00e4ck"},"content":{"rendered":"<p><img decoding=\"async\" loading=\"lazy\" class=\"alignnone wp-image-428\" src=\"http:\/\/www.landsbygdsturism.se\/wp-content\/uploads\/2017\/01\/10-09-12-0111-300x131.jpg\" alt=\"\" width=\"380\" height=\"166\" srcset=\"http:\/\/www.landsbygdsturism.se\/wp-content\/uploads\/2017\/01\/10-09-12-0111-300x131.jpg 300w, http:\/\/www.landsbygdsturism.se\/wp-content\/uploads\/2017\/01\/10-09-12-0111-150x65.jpg 150w, http:\/\/www.landsbygdsturism.se\/wp-content\/uploads\/2017\/01\/10-09-12-0111.jpg 640w\" sizes=\"(max-width: 380px) 100vw, 380px\" \/><\/p>\n<p>Mein Name ist Mats S\u00f6derholm und l\u00e4uft umeafishing.se. Ich lebe in Tavelsj\u00f6 mit meiner Frau Lena und Sohn Felix. Meine Lena liebt es, so viel zu fischen wie ich. Ich habe immer gern gefischt, Zeitmangel und andere Entscheidungen im Leben haben mich dazu gebracht, es nicht zu priorisieren.<\/p>\n<p>Als ich im Winter 2010 mit der Umea-Fischerei angefangen habe, habe ich mein rechtes Gymnasium mit einem Fu\u00dfballtraining abgeschlossen. Ich steckte fest, nicht angeln und ich sa\u00df da \u200b\u200bauf der Couch, als die Pl\u00e4ne begannen. Ich kontaktierte ein paar Insider und dann rollte das Rad.<\/p>\n<p>Wir k\u00f6nnen da drau\u00dfen sehen?<\/p>\n<p><strong>M\u00f6chten Sie fischen, fordern Sie ein Angebot an!<\/strong><\/p>\n<p>Eisfischen 8-12 Personen<br \/>\nBootsangeln, 2-4 Personen<br \/>\nEssen kann arrangiert oder konsumiert werden nach Ihren eigenen Bed\u00fcrfnissen<br \/>\nRabatt f\u00fcr wiederkehrende Kunden<br \/>\nPrivatpersonen zahlen am Boot oder im Voraus<br \/>\nFirma in Rechnung gestellt + MwSt<\/p>\n<p><b>Kontakt<\/b><br \/>\n070-230 04 93<\/p>\n<p><a href=\"mailto:mats@umeafishing.se\">mats@umeafishing.se<\/a><br \/>\n<a href=\"http:\/\/www.umeafishing.se\">www.umeafishing.se<\/a><\/p>","protected":false},"excerpt":{"rendered":"<p>Mein Name ist Mats S\u00f6derholm und l\u00e4uft umeafishing.se. Ich lebe in Tavelsj\u00f6 mit meiner Frau Lena und Sohn Felix. Meine Lena liebt es, so viel zu fischen wie ich. Ich <a class=\"more-link\" href=\"http:\/\/www.landsbygdsturism.se\/de\/fiske\/umeafishing-se-signilsback\/\">Continue Reading \u2192<\/a><\/p>\n","protected":false},"author":2,"featured_media":0,"parent":594,"menu_order":0,"comment_status":"closed","ping_status":"closed","template":"","meta":[],"_links":{"self":[{"href":"http:\/\/www.landsbygdsturism.se\/de\/wp-json\/wp\/v2\/pages\/178"}],"collection":[{"href":"http:\/\/www.landsbygdsturism.se\/de\/wp-json\/wp\/v2\/pages"}],"about":[{"href":"http:\/\/www.landsbygdsturism.se\/de\/wp-json\/wp\/v2\/types\/page"}],"author":[{"embeddable":true,"href":"http:\/\/www.landsbygdsturism.se\/de\/wp-json\/wp\/v2\/users\/2"}],"replies":[{"embeddable":true,"href":"http:\/\/www.landsbygdsturism.se\/de\/wp-json\/wp\/v2\/comments?post=178"}],"version-history":[{"count":6,"href":"http:\/\/www.landsbygdsturism.se\/de\/wp-json\/wp\/v2\/pages\/178\/revisions"}],"predecessor-version":[{"id":1008,"href":"http:\/\/www.landsbygdsturism.se\/de\/wp-json\/wp\/v2\/pages\/178\/revisions\/1008"}],"up":[{"embeddable":true,"href":"http:\/\/www.landsbygdsturism.se\/de\/wp-json\/wp\/v2\/pages\/594"}],"wp:attachment":[{"href":"http:\/\/www.landsbygdsturism.se\/de\/wp-json\/wp\/v2\/media?parent=178"}],"curies":[{"name":"wp","href":"https:\/\/api.w.org\/{rel}","templated":true}]}}