{"id":176,"date":"2017-01-11T14:19:18","date_gmt":"2017-01-11T14:19:18","guid":{"rendered":"http:\/\/www.landsbygdsturism.se\/?page_id=176"},"modified":"2019-11-09T12:04:03","modified_gmt":"2019-11-09T12:04:03","slug":"tavelsjo-skoterklubb","status":"publish","type":"page","link":"http:\/\/www.landsbygdsturism.se\/de\/sport-motion-2\/tavelsjo-skoterklubb\/","title":{"rendered":"Tavelsj\u00f6 Skoterklubb"},"content":{"rendered":"<p><img decoding=\"async\" loading=\"lazy\" class=\"alignnone size-medium wp-image-424\" src=\"http:\/\/www.landsbygdsturism.se\/wp-content\/uploads\/2017\/01\/2011-08_Normal_6523_Torrbergsstugan_0047-300x210.jpg\" alt=\"\" width=\"300\" height=\"210\" srcset=\"http:\/\/www.landsbygdsturism.se\/wp-content\/uploads\/2017\/01\/2011-08_Normal_6523_Torrbergsstugan_0047-300x210.jpg 300w, http:\/\/www.landsbygdsturism.se\/wp-content\/uploads\/2017\/01\/2011-08_Normal_6523_Torrbergsstugan_0047-150x105.jpg 150w, http:\/\/www.landsbygdsturism.se\/wp-content\/uploads\/2017\/01\/2011-08_Normal_6523_Torrbergsstugan_0047.jpg 640w\" sizes=\"(max-width: 300px) 100vw, 300px\" \/><\/p>\n<p>Klubben bildades den 3 december 1980 p\u00e5 initiativ av Leif Lindberg och Carina Sandgren. Anledningen var att det var p\u00e5 g\u00e5ng ett stort skoterf\u00f6rbud i Tavelsj\u00f6orten.<\/p>\n<p>Mycket har h\u00e4nt sedan dess. I dag finns ett gediget ledsystem som f\u00f6reningen underh\u00e5ller med ledansvariga i Kroksj\u00f6, Flurkmark, Treh\u00f6rningen, Hissj\u00f6, R\u00f6d\u00e5\/Selet, Varmvattnet och Tavelsj\u00f6. Ledkarta finns att k\u00f6pa p\u00e5 Matboa, i Torrbergsstugan och p\u00e5 Sundlingska g\u00e5rden.<\/p>\n<p>F\u00f6reningen sk\u00f6ter Torrbergsstugan p\u00e5 Torrberget. Stugan \u00e4r \u00f6ppen l\u00f6rdagar och s\u00f6ndagar under s\u00e4song med servering av hamburgare och kaffe och bulle. Torrbergsstugan g\u00e5r att hyra per dag eller dygn. Det finns plats f\u00f6r ca 25 \u00f6vernattande.<\/p>\n<p>F\u00f6reningen har mer \u00e4n 200 familjer som medlemmar. Medlemsavgiften \u00e4r 300 kronor per familj och 200 f\u00f6r enskild person fr\u00e5n 16 \u00e5r som g\u00e5r till att h\u00e5lla lederna i gott skick.<\/p>\n<p><b>Kontakt<\/b><\/p>\n<p>Stig Hall\u00e9n, ordf\u00f6rande<\/p>\n<p>070-558 95 98<\/p>\n<p><a href=\"stighallen@hotmail.com\">stighallen@hotmail.com<\/a><\/p>\n<p>Carina Sandgren, kass\u00f6r<\/p>\n<p>070-258 30 21<\/p>\n<p><a href=\"http:\/\/www.tavelsjosk.se\">http:\/\/www.tavelsjosk.se<\/a><\/p>","protected":false},"excerpt":{"rendered":"<p>Klubben bildades den 3 december 1980 p\u00e5 initiativ av Leif Lindberg och Carina Sandgren. Anledningen var att det var p\u00e5 g\u00e5ng ett stort skoterf\u00f6rbud i Tavelsj\u00f6orten. Mycket har h\u00e4nt sedan <a class=\"more-link\" href=\"http:\/\/www.landsbygdsturism.se\/de\/sport-motion-2\/tavelsjo-skoterklubb\/\">Continue Reading \u2192<\/a><\/p>\n","protected":false},"author":2,"featured_media":0,"parent":732,"menu_order":0,"comment_status":"closed","ping_status":"closed","template":"","meta":[],"_links":{"self":[{"href":"http:\/\/www.landsbygdsturism.se\/de\/wp-json\/wp\/v2\/pages\/176"}],"collection":[{"href":"http:\/\/www.landsbygdsturism.se\/de\/wp-json\/wp\/v2\/pages"}],"about":[{"href":"http:\/\/www.landsbygdsturism.se\/de\/wp-json\/wp\/v2\/types\/page"}],"author":[{"embeddable":true,"href":"http:\/\/www.landsbygdsturism.se\/de\/wp-json\/wp\/v2\/users\/2"}],"replies":[{"embeddable":true,"href":"http:\/\/www.landsbygdsturism.se\/de\/wp-json\/wp\/v2\/comments?post=176"}],"version-history":[{"count":4,"href":"http:\/\/www.landsbygdsturism.se\/de\/wp-json\/wp\/v2\/pages\/176\/revisions"}],"predecessor-version":[{"id":1033,"href":"http:\/\/www.landsbygdsturism.se\/de\/wp-json\/wp\/v2\/pages\/176\/revisions\/1033"}],"up":[{"embeddable":true,"href":"http:\/\/www.landsbygdsturism.se\/de\/wp-json\/wp\/v2\/pages\/732"}],"wp:attachment":[{"href":"http:\/\/www.landsbygdsturism.se\/de\/wp-json\/wp\/v2\/media?parent=176"}],"curies":[{"name":"wp","href":"https:\/\/api.w.org\/{rel}","templated":true}]}}